{"id":2208,"date":"2022-12-01T10:37:14","date_gmt":"2022-12-01T10:37:14","guid":{"rendered":"https:\/\/www.latienducagranel.com\/?post_type=product&#038;p=2208"},"modified":"2026-03-17T19:22:09","modified_gmt":"2026-03-17T18:22:09","slug":"aceite-esencial-de-eucalipto-eco","status":"publish","type":"product","link":"https:\/\/www.latienducagranel.com\/index.php\/producto\/aceite-esencial-de-eucalipto-eco\/","title":{"rendered":"Aceite esencial de eucalipto ECO"},"content":{"rendered":"<h2>Aceite esencial de eucalipto ECO (Eucaliptus globulus)<\/h2>\n<h3>DESCRIPCI\u00d3N<\/h3>\n<p>El A<strong>ceite Esencial de Eucalipto<\/strong><strong>\u00a0BIO<\/strong>\u00a0se obtiene por arrastre de vapor de la planta\u00a0Eucaliptus globulus, es originaria de\u00a0<b>Espa\u00f1a<\/b>, aunque en la actualidad podemos encontrar todas las subespecies de este adaptadas a numerosas partes del mundo<\/p>\n<p>Los eucaliptos son \u00e1rboles\u00a0perennes, de porte recto. Pueden llegar a medir m\u00e1s de 60 m de altura. Las hojas j\u00f3venes de los eucaliptos son gris\u00e1ceas, s\u00e9siles y ovaladas, que al crecer se alargan, tomando un color verde azulado brillante cuando son adultas. Su flor se presenta sola o reunidas en umbelas de tres, de estambres destacados y sin p\u00e9talo. El fruto es una capsula le\u00f1osa de 4,5cm aproximados y que estructurado en 4 celdas contiene numerosas semillas.<\/p>\n<p>La gran longitud de este \u00e1rbol, su r\u00e1pido crecimiento y las caracter\u00edsticas de su madera convierten a este \u00e1rbol en una fuente importante de materia prima para la industria papelera y maderera.<\/p>\n<p>Adem\u00e1s el eucalipto cuenta con numerosas propiedades medicinales y terap\u00e9uticas siendo el aceite esencial extra\u00eddo de sus hojas un eficaz desinfectante natural. En aromaterapia se emplea por la parte emocional como un estimulante con efecto descongestionante, y por la parte f\u00edsica como antiviral, expectorante y nasal. En la medicina natural y tradicional, sus infusiones jarabes y derivados suponen un aliado contra procesos catarrales.<\/p>\n<p>&nbsp;<\/p>\n<h3>INFORMACI\u00d3N ORGANOLEPTICA<\/h3>\n<table class=\"table table-bordered table-striped\">\n<tbody>\n<tr>\n<td>Aspecto<\/td>\n<td>\u00a0L\u00edquido transparente.<\/td>\n<\/tr>\n<tr>\n<td>Color<\/td>\n<td>\u00a0De amarillo a anaranj ado.<\/td>\n<\/tr>\n<tr>\n<td>Olor<\/td>\n<td>\u00a0Caracter\u00edstico, cine\u00f3lico, fresco<\/td>\n<\/tr>\n<\/tbody>\n<\/table>\n<h3>COMPOSICION QUIMICA (Principios activos)<\/h3>\n<table class=\"table table-bordered table-striped\">\n<thead>\n<tr>\n<th>Componente<\/th>\n<th>NORMA<\/th>\n<\/tr>\n<\/thead>\n<tbody>\n<tr>\n<td>a-PINENE<\/td>\n<td>\u00a010 &#8211; 22<\/td>\n<\/tr>\n<tr>\n<td>LIMONENE<\/td>\n<td>\u00a01 &#8211; 8<\/td>\n<\/tr>\n<tr>\n<td>1-8- CINEOLE<\/td>\n<td>\u00a050 &#8211; 65<\/td>\n<\/tr>\n<tr>\n<td>p-CYMENE<\/td>\n<td>\u00a01 &#8211; 5<\/td>\n<\/tr>\n<tr>\n<td>AROMADENDRENE<\/td>\n<td>\u00a00,5 &#8211; 5<\/td>\n<\/tr>\n<tr>\n<td>Trans-PINOCARVEOL<\/td>\n<td>\u00a00,5 &#8211; 5<\/td>\n<\/tr>\n<tr>\n<td>GLOBULOL<\/td>\n<td>\u00a00,3 &#8211; 1,5<\/td>\n<\/tr>\n<\/tbody>\n<\/table>\n<p><strong>PRECAUCIONES<\/strong><\/p>\n<p>Emplear siempre AE puros y 100%\u00a0 naturales.<\/p>\n<p>No dejar los envases al alcance de los ni\u00f1os.<\/p>\n<p>No aplicar nunca AE puros en ojos, nariz, o\u00eddos, zonas ano-genitales.<\/p>\n<p>No se recomienda su uso en ni\u00f1os menores de 2 a\u00f1os.<\/p>\n<p><strong>No se recomienda su uso ni durante el embarazo ni durante la lactancia<\/strong>\u00a0(a menos que sean prescritos por un profesional).<\/p>\n<p>Las personas al\u00e9rgicas deber\u00edan efectuar un test previo de tolerancia, aplicando una gota sobre la piel, para observar si se produce reacci\u00f3n cut\u00e1nea.<\/p>\n<p>En el empleo externo, diluirlos en los veh\u00edculos adecuados.<\/p>\n<p>Vigilar la exposici\u00f3n solar despu\u00e9s del empleo de AE, ya que pueden presentarse fen\u00f3menos de reacci\u00f3n con el sol, sobre todo con los c\u00edtricos (bergamota, lim\u00f3n, lima, naranja).<\/p>\n<p>En las fichas de producto y en las etiquetas de los aceites esenciales de , encontrar\u00e1s especificadas aquellas sustancias naturales que la Uni\u00f3n Europea, ha identificado como sustancias posiblemente al\u00e9rgenas, (podr\u00e1s identificarlos como \u201cContiene: nombre de la sustancia\u201d).<\/p>\n<p>En caso de\u00a0<strong>sensaci\u00f3n de ardor<\/strong>: no usar agua para enjuagar, sino aceite vegetal para diluir. Si es necesario, consulta a un m\u00e9dico.<\/p>\n<p><strong>No utilizar aceites esenciales cerca de una llama<\/strong>\u00a0o fuente de calor.<\/p>\n<p>Las personas con\u00a0<strong>patolog\u00edas neurol\u00f3gicas o coronarias deber\u00e1n limitar su uso<\/strong>.<\/p>\n<p>&nbsp;<\/p>\n","protected":false},"excerpt":{"rendered":"<h2>Eucalipto Aceite Esencial Bio (Eucaliptus globulus)<\/h2>\n<p><b>FAMILIA<\/b>: Mirtaceas<\/p>\n<p><b>PARTE<\/b> <b>UTILIZADA<\/b>: Hojas.<\/p>\n<p><b>OBTENCI\u00d3N<\/b>: Destilaci\u00f3n<\/p>\n<p><b>COMPOSICI\u00d3N<\/b>: Eucaliptol, cineol<\/p>\n<p><b>PROPIEDADES<\/b><\/p>\n<ul>\n<li>Respiratorio: Antis\u00e9ptico, antitusivo, mucol\u00edtico y expectorante.<\/li>\n<li>Sistema osteomuscular: rubefaciente.<\/li>\n<\/ul>\n<p><b>INDICACIONES<\/b><\/p>\n<ul>\n<li>Respiratorio: Infecciones respiratorias, bronquitis<\/li>\n<li>Sistema osteomuscular: Reumatismos<\/li>\n<\/ul>\n<p><b>MODO DE EMPLEO<\/b><\/p>\n<p>A\u00f1adir\u00a0 10 gotas a\u00a0 60 ml\u00a0 de aceite vegetal para aplicar\u00a0 sobre la piel<\/p>\n<p>Colocar 3-5 gotas en difusor\u00a0 o quemador<\/p>\n<p><b>INGREDIENTES <\/b><\/p>\n<p>INCI: Eucaliptus globulus oil Contiene de forma natural: Limonene, Geraniol, Linalol<\/p>\n","protected":false},"featured_media":2238,"template":"","meta":{"sfsi_plus_gutenberg_text_before_share":"","sfsi_plus_gutenberg_show_text_before_share":"","sfsi_plus_gutenberg_icon_type":"","sfsi_plus_gutenberg_icon_alignemt":"","sfsi_plus_gutenburg_max_per_row":""},"product_brand":[],"product_cat":[1179,54,50],"product_tag":[1187,1180,1182],"class_list":{"0":"post-2208","1":"product","2":"type-product","3":"status-publish","4":"has-post-thumbnail","6":"product_cat-aceites-esenciales-y-vegetales","7":"product_cat-rincon-silvestre","8":"product_cat-productos-ecologicos","9":"product_tag-aceite-esencial-bio","10":"product_tag-aceite-esencial-ecologico","11":"product_tag-cosmetica-bio","13":"first","14":"instock","15":"taxable","16":"shipping-taxable","17":"purchasable","18":"product-type-simple"},"_links":{"self":[{"href":"https:\/\/www.latienducagranel.com\/index.php\/wp-json\/wp\/v2\/product\/2208","targetHints":{"allow":["GET"]}}],"collection":[{"href":"https:\/\/www.latienducagranel.com\/index.php\/wp-json\/wp\/v2\/product"}],"about":[{"href":"https:\/\/www.latienducagranel.com\/index.php\/wp-json\/wp\/v2\/types\/product"}],"wp:featuredmedia":[{"embeddable":true,"href":"https:\/\/www.latienducagranel.com\/index.php\/wp-json\/wp\/v2\/media\/2238"}],"wp:attachment":[{"href":"https:\/\/www.latienducagranel.com\/index.php\/wp-json\/wp\/v2\/media?parent=2208"}],"wp:term":[{"taxonomy":"product_brand","embeddable":true,"href":"https:\/\/www.latienducagranel.com\/index.php\/wp-json\/wp\/v2\/product_brand?post=2208"},{"taxonomy":"product_cat","embeddable":true,"href":"https:\/\/www.latienducagranel.com\/index.php\/wp-json\/wp\/v2\/product_cat?post=2208"},{"taxonomy":"product_tag","embeddable":true,"href":"https:\/\/www.latienducagranel.com\/index.php\/wp-json\/wp\/v2\/product_tag?post=2208"}],"curies":[{"name":"wp","href":"https:\/\/api.w.org\/{rel}","templated":true}]}}