{"id":2207,"date":"2022-12-01T10:37:14","date_gmt":"2022-12-01T10:37:14","guid":{"rendered":"https:\/\/www.latienducagranel.com\/?post_type=product&#038;p=2207"},"modified":"2026-03-17T19:22:29","modified_gmt":"2026-03-17T18:22:29","slug":"aceite-esencial-de-clavo-eco","status":"publish","type":"product","link":"https:\/\/www.latienducagranel.com\/index.php\/producto\/aceite-esencial-de-clavo-eco\/","title":{"rendered":"Aceite esencial de clavo ECO"},"content":{"rendered":"<h2>Aceite esencial de clavo ECO (Eugenia caryophyllata)<\/h2>\n<h3>DESCRIPCI\u00d3N<\/h3>\n<p>El Aceite esencial de Clavo se obtiene por arrastre de vapor de la hoja de la Eugenia caryophyllus, Myrtaceae, \u00e1rbol\u00a0 originario de Indonesia\u00a0y\u00a0Madagascar. Tambi\u00e9n crece en\u00a0Zanz\u00edbar,\u00a0India\u00a0y\u00a0Sri Lanka.<\/p>\n<p>El \u00e1rbol del clavo es\u00a0perenne\u00a0y crece hasta una altura de 10 a 20 metros. Tiene hojas\u00a0lanceoladas\u00a0e inflorescencias racimosas y presentan inicialmente un color p\u00e1lido que cambia al verde, despu\u00e9s de lo cual comienzan a adquirir un color rojizo brillante indicativo de que est\u00e1n listas para ser recolectadas. Suelen cosecharse cuando alcanzan una longitud de 1,5 a 2 cm.<\/p>\n<p>Sus \u201cbotones\u201d o flores sin abrir secos, se denominan clavos de olor y se usan como\u00a0especia\u00a0en gastronom\u00edas de todo el mundo. Una vez recogidos a mano, los brotes se secan hasta que se vuelven marrones y, despu\u00e9s de la molienda, el polvo se utiliza en la cocina o tambi\u00e9n como la hoja se convierte en un aceite esencial para diversos fines medicinales<\/p>\n<p>El Clavo al ser rico en manganeso y otros nutrientes como potasio, magnesio y calcio, se utilizan para prevenir y tratar la osteoporosis, la anemia y los dolores menstruales. El aceite esencial de clavo tiene propiedades antimicrobianas, antimic\u00f3ticas, antis\u00e9pticas, antivirales, afrodis\u00edacas y estimulantes<\/p>\n<p><a href=\"https:\/\/www.tramil.net\/es\/plant\/syzygium-aromaticum\" target=\"_blank\" rel=\"noopener\">M\u00c1S BOT\u00c1NICA<\/a><\/p>\n<h3>INFORMACI\u00d3N ORGANOLEPTICA<\/h3>\n<table class=\"table table-bordered table-striped\">\n<tbody>\n<tr>\n<td>Aspecto<\/td>\n<td>\u00a0L\u00edquido transparente<\/td>\n<\/tr>\n<tr>\n<td>Color<\/td>\n<td>\u00a0De amarillo a amarillo oscuro<\/td>\n<\/tr>\n<tr>\n<td>Olor<\/td>\n<td>\u00a0Caracter\u00edstico, especiado, dulce<\/td>\n<\/tr>\n<\/tbody>\n<\/table>\n<p>&nbsp;<\/p>\n<h3>COMPOSICION QUIMICA (Principios activos)<\/h3>\n<table class=\"table table-bordered table-striped\">\n<thead>\n<tr>\n<th>Componente<\/th>\n<th>NORMA<\/th>\n<\/tr>\n<\/thead>\n<tbody>\n<tr>\n<td>b-CARYOPHYLLENE<\/td>\n<td>\u00a09,58<\/td>\n<\/tr>\n<tr>\n<td>a-HUMULENE<\/td>\n<td>\u00a01,95<\/td>\n<\/tr>\n<tr>\n<td>d-CADINENE<\/td>\n<td>\u00a00,35<\/td>\n<\/tr>\n<tr>\n<td>EUGENOL<\/td>\n<td>\u00a085,96<\/td>\n<\/tr>\n<tr>\n<td>CALAMENENE<\/td>\n<td>\u00a00,11<\/td>\n<\/tr>\n<tr>\n<td>CHAVICOL<\/td>\n<td>\u00a00,02<\/td>\n<\/tr>\n<\/tbody>\n<\/table>\n<p>&nbsp;<\/p>\n","protected":false},"excerpt":{"rendered":"<h2>Clavo Aceite Esencial Bio(Eugenia caryophyllata)<\/h2>\n<p><b>FAMILIA<\/b>: Mirt\u00e1ceas<\/p>\n<p><b>PARTE<\/b> <b>UTILIZADA<\/b>: Botones florales<\/p>\n<p><b>OBTENCI\u00d3N<\/b>: Destilaci\u00f3n<\/p>\n<p><b>COMPOSICI\u00d3N<\/b>: Eugenol (70-85%), alicilato de metilo&#8230;<\/p>\n<p><b>PROPIEDADES<\/b><\/p>\n<ul>\n<li>S. Digestivo: Aperitivo y carminativo.<\/li>\n<li>Otorrino: Antis\u00e9ptico, analg\u00e9sico y sedante en patolog\u00edas de o\u00eddo y cavidad bucal.<\/li>\n<li>S. Nervioso: Anti neur\u00e1lgico<\/li>\n<li>Sistema osteomuscular: Rubefaciente y analg\u00e9sico<\/li>\n<\/ul>\n<p><b>INDICACIONES<\/b><\/p>\n<ul>\n<li>Otorrino: Otitis, neuralgias e infecciones bucales.<\/li>\n<li>Sistema osteomuscular: Reumatismo y dolores musculares<\/li>\n<\/ul>\n<p><b>INGREDIENTES<\/b><\/p>\n<p>INCI:Eugenia\u00a0 caryophyllata**Contiene de forma natural: Eugenol, Isoeugenol, Benzyl Benzoate.<\/p>\n<p><b>MODO DE EMPLEO<\/b><\/p>\n<ul>\n<li>A\u00f1adir\u00a0 10 gotas a\u00a0 60 ml\u00a0 de aceite vegetal para aplicar\u00a0 sobre la piel<\/li>\n<li>Colocar 3-5 gotas en difusor\u00a0 o quemador<\/li>\n<\/ul>\n<p>&nbsp;<\/p>\n<p><b>100%\u00a0\u00a0<\/b><b>BIO<\/b><\/p>\n<p><b>100% Natural y Vegana<\/b><\/p>\n<p><b>0% T\u00f3xicos<\/b><\/p>\n<p><b>No OGM<\/b><\/p>\n<p><b>Envase\u00a0<\/b><b>de VIDRIO\u00a0\u00a0<\/b><b>10ml<\/b><\/p>\n<p>&nbsp;<\/p>\n<p><a href=\"https:\/\/rinconsilvestre.net\/producto\/aceites-esenciales-ecologicos-consejos-de-uso\/\">USO SEGURO DE LOS ACEITES ESENCIALES. CONSEJOS DE USO<\/a><\/p>\n<p>https:\/\/rinconsilvestre.net\/ques-son-los-aceites-esenciales\/<\/p>\n<p>&nbsp;<\/p>\n<p>&nbsp;<\/p>\n","protected":false},"featured_media":2237,"template":"","meta":{"sfsi_plus_gutenberg_text_before_share":"","sfsi_plus_gutenberg_show_text_before_share":"","sfsi_plus_gutenberg_icon_type":"","sfsi_plus_gutenberg_icon_alignemt":"","sfsi_plus_gutenburg_max_per_row":""},"product_brand":[],"product_cat":[1179,54,50],"product_tag":[1187,1180],"class_list":{"0":"post-2207","1":"product","2":"type-product","3":"status-publish","4":"has-post-thumbnail","6":"product_cat-aceites-esenciales-y-vegetales","7":"product_cat-rincon-silvestre","8":"product_cat-productos-ecologicos","9":"product_tag-aceite-esencial-bio","10":"product_tag-aceite-esencial-ecologico","12":"first","13":"instock","14":"taxable","15":"shipping-taxable","16":"purchasable","17":"product-type-simple"},"_links":{"self":[{"href":"https:\/\/www.latienducagranel.com\/index.php\/wp-json\/wp\/v2\/product\/2207","targetHints":{"allow":["GET"]}}],"collection":[{"href":"https:\/\/www.latienducagranel.com\/index.php\/wp-json\/wp\/v2\/product"}],"about":[{"href":"https:\/\/www.latienducagranel.com\/index.php\/wp-json\/wp\/v2\/types\/product"}],"wp:featuredmedia":[{"embeddable":true,"href":"https:\/\/www.latienducagranel.com\/index.php\/wp-json\/wp\/v2\/media\/2237"}],"wp:attachment":[{"href":"https:\/\/www.latienducagranel.com\/index.php\/wp-json\/wp\/v2\/media?parent=2207"}],"wp:term":[{"taxonomy":"product_brand","embeddable":true,"href":"https:\/\/www.latienducagranel.com\/index.php\/wp-json\/wp\/v2\/product_brand?post=2207"},{"taxonomy":"product_cat","embeddable":true,"href":"https:\/\/www.latienducagranel.com\/index.php\/wp-json\/wp\/v2\/product_cat?post=2207"},{"taxonomy":"product_tag","embeddable":true,"href":"https:\/\/www.latienducagranel.com\/index.php\/wp-json\/wp\/v2\/product_tag?post=2207"}],"curies":[{"name":"wp","href":"https:\/\/api.w.org\/{rel}","templated":true}]}}