{"id":2204,"date":"2022-12-01T10:37:14","date_gmt":"2022-12-01T10:37:14","guid":{"rendered":"https:\/\/www.latienducagranel.com\/?post_type=product&#038;p=2204"},"modified":"2026-03-17T19:22:40","modified_gmt":"2026-03-17T18:22:40","slug":"aceite-esencial-de-cedro-del-atlas-eco","status":"publish","type":"product","link":"https:\/\/www.latienducagranel.com\/index.php\/producto\/aceite-esencial-de-cedro-del-atlas-eco\/","title":{"rendered":"Aceite esencial de cedro del Atlas ECO"},"content":{"rendered":"<h1>Aceite esencial de cedro del Atlas ECO<\/h1>\n<p>El\u00a0<strong>aceite esencial de Cedro\u00a0<\/strong>se obtiene por arrastre de vapor de la corteza del Cedrus<strong>\u00a0<\/strong>Atlantica, Pinaceae,\u00a0 \u00e1rbol que crece en diferentes zonas del planeta, lo encontramos en Marruecos, especialmente en la regi\u00f3n monta\u00f1osa del Atlas, en el Himalaya, en L\u00edbano y en Medio Oriente. Pero podemos ver algunos magn\u00edficos ejemplares en Europa. Pertenece a la familia de los abetos.<\/p>\n<p>Es un \u00e1rbol de tama\u00f1o mediano a grande, de 30 a 35 m\u00a0 de alto, con un di\u00e1metro del tronco de 1.5 a 2 m. El tama\u00f1o del cono macho tiende a ser algo m\u00e1s peque\u00f1o, la longitud de la hoja (de 10 a 25 mil\u00edmetros), los \u00e1rboles cultivados tienen follaje (azulado) glauco, hojas m\u00e1s suaves, y pueden tener m\u00e1s hojas en cada espiral; los \u00e1rboles j\u00f3venes en cultivo tienen a menudo ramas m\u00e1s ascendentes que muchas variedades cultivadas. La\u00a0pi\u00f1a\u00a0hembra es ovoide oblonga, de 6 a 11 cm de largo y 4 a 6\u00a0cm de di\u00e1metro, de la que surgen pi\u00f1ones delgados, separ\u00e1ndose antes de su ca\u00edda del \u00e1rbol. Las\u00a0semillas\u00a0triangulares tienen alas. Los cedros pueden vivir m\u00e1s de 2000 a\u00f1os.<\/p>\n<p><a href=\"https:\/\/www.ucm.es\/lifecampus\/cedrus-atlantica-\" target=\"_blank\" rel=\"noopener\">Mas sobre el Cedro<\/a><\/p>\n<p>El aceite natural arom\u00e1tico del cedro del Atlas tiene propiedades antis\u00e9pticas, como t\u00f3nico venoso y linf\u00e1tico adem\u00e1s para controlar la retenci\u00f3n de l\u00edquidos, tambi\u00e9n para problemas de varices y piernas cansadas. Se usa tradicionalmente para\u00a0 piel grasa, granitos, caspa ocasional, cabello, piernas cansadas, desinfectante hogar, meditaci\u00f3n.<\/p>\n<p>Es muy utilizado por su efecto sobre el cuero cabelludo. Sus propiedades venot\u00f3nicas ayudan a estimular los fol\u00edculos pilosos y a promover una mejor circulaci\u00f3n sangu\u00ednea. Esto le convierte en una de las esencias m\u00e1s usadas en aromaterapia para la ca\u00edda del cabello. Adem\u00e1s, puedes combatir el pelo graso a\u00f1adiendo unas gotas de AE de cedro y de lim\u00f3n en tu champ\u00fa. Y si lo que quieres es combatir el pelo seco, a\u00f1ade unas gotas de AE de romero.<\/p>\n<p>Gracias a su efecto como t\u00f3nico venoso, el cedro del atlas tambi\u00e9n es un favorito en muchas f\u00f3rmulas contra la celulitis. La mejor aplicaci\u00f3n para este fin es diluir varias gotas de aceite de cedro en un aceite vegetal de base y hacer un masaje sobre la zona afectada. De manera alternativa, tambi\u00e9n puedes a\u00f1adir unas gotas de cedro a tu crema hidratante o anti-celulitis.<\/p>\n<p>Su aplicaci\u00f3n por v\u00eda cut\u00e1nea tambi\u00e9n se recomienda para la retenci\u00f3n de l\u00edquidos y las piernas cansadas. Para ello, puedes diluir unas gotas de cedro del atlas en un aceite vegetal de base y aplicar la mezcla con un masaje en las zonas afectadas.<\/p>\n<p>Del\u00a0 cedro del atlas tambi\u00e9n destacamos su car\u00e1cter antis\u00e9ptico. Como ya hemos dicho, su tronco y corteza presentan una resistencia contra todo tipo de hongos y bacterias. Por ello, se recomienda su uso en difusi\u00f3n para la eliminaci\u00f3n de g\u00e9rmenes en un espacio u habitaci\u00f3n.<\/p>\n<p>A nivel an\u00edmico, el aceite de cedro del atlas tambi\u00e9n es conocido por sus efectos beneficiosos sobre la concentraci\u00f3n.<\/p>\n<h3>COMPOSICION QUIMICA (Principios activos)<\/h3>\n<table class=\"table table-bordered table-striped\">\n<thead>\n<tr>\n<th>Componente<\/th>\n<th>NORMA<\/th>\n<\/tr>\n<\/thead>\n<tbody>\n<tr>\n<td>a-HIMACHALENE<\/td>\n<td>\u00a017,86<\/td>\n<\/tr>\n<tr>\n<td>b-HIMACHALENE<\/td>\n<td>\u00a045,65<\/td>\n<\/tr>\n<tr>\n<td>y-ar-HIMACHALENE<\/td>\n<td>\u00a01,91<\/td>\n<\/tr>\n<tr>\n<td>trans-a-ATLANTONE<\/td>\n<td>\u00a02,84<\/td>\n<\/tr>\n<tr>\n<td>DELTA-CARDINENE<\/td>\n<td>\u00a0 2,33<\/td>\n<\/tr>\n<tr>\n<td>ar-CURCUMENE<\/td>\n<td>\u00a0 2,15<\/td>\n<\/tr>\n<tr>\n<td>y-HIMACHALENE<\/td>\n<td>\u00a010,45<\/td>\n<\/tr>\n<\/tbody>\n<\/table>\n<p>&nbsp;<\/p>\n<p><strong>INFORMACI\u00d3N ORGANOLEPTICA<\/strong><\/p>\n<table class=\"table table-bordered table-striped\">\n<tbody>\n<tr>\n<td>Aspecto<\/td>\n<td>\u00a0L\u00edquido transparente<\/td>\n<\/tr>\n<tr>\n<td>Color<\/td>\n<td>\u00a0De amarillo claro a marr\u00f3n<\/td>\n<\/tr>\n<tr>\n<td>Olor<\/td>\n<td>\u00a0Caracter\u00edstico, dulce, amaderado<\/td>\n<\/tr>\n<\/tbody>\n<\/table>\n<p>&nbsp;<\/p>\n<p><b>MODO DE EMPLEO<\/b><\/p>\n<p>A\u00f1adir\u00a0 20 gotas a\u00a0 60 ml\u00a0 de aceite vegetal para aplicar\u00a0 sobre la piel<\/p>\n<p>Colocar 3-5 gotas en difusor\u00a0 o quemador<\/p>\n<p>&nbsp;<\/p>\n<p>&nbsp;<\/p>\n","protected":false},"excerpt":{"rendered":"<p><b>FAMILIA<\/b>: Pinaceas<\/p>\n<p><b>PARTE UTILIZADA<\/b>: Madera<\/p>\n<p><b>OBTENCI\u00d3N<\/b>: Destilaci\u00f3n<\/p>\n<p><b>COMPOSICI\u00d3N<\/b>: -HIMACHALENE\u00a0 b-HIMACHALENE<\/p>\n<p><b>PROPIEDADES<\/b><\/p>\n<ul>\n<li>Piel: Astringente, antis\u00e9pticos y tonificante.<\/li>\n<li>S. Cardiovascular: vasoconstrictor y drenaje linf\u00e1tico<\/li>\n<li>Favorece la concentraci\u00f3n.<\/li>\n<\/ul>\n<p><b>INDICACIONES<\/b><\/p>\n<ul>\n<li>Piel: Tonificante<\/li>\n<li>S. Cardiovascular: Varices, hemorroides, celulitis<\/li>\n<li>Estudio, actividades art\u00edsticas, meditaci\u00f3n.<\/li>\n<\/ul>\n<p><b>MODO DE EMPLEO<\/b><\/p>\n<p>A\u00f1adir\u00a0 20 gotas a\u00a0 60 ml\u00a0 de aceite vegetal para aplicar\u00a0 sobre la piel<\/p>\n<p>Colocar 3-5 gotas en difusor\u00a0 o quemador<\/p>\n<p><b>100%\u00a0 <\/b><b>BIO <\/b><\/p>\n<p><b>100% Natural y Vegana<\/b><\/p>\n<p><b>0% T\u00f3xicos<\/b><\/p>\n<p><b>No OGM<\/b><\/p>\n<p><b>Envase <\/b><b>de VIDRIO\u00a0 <\/b><b>10ml<\/b><b>.<\/b><\/p>\n<p><b>IINGREDIENTES <\/b><\/p>\n<p>INCI: <i>Cedrus<\/i> <i>atlantiva<\/i> <i>wood<\/i> <i>oil<\/i><\/p>\n<p><a href=\"https:\/\/rinconsilvestre.net\/producto\/aceites-esenciales-ecologicos-consejos-de-uso\/\">USO SEGURO DE LOS ACEITES ESENCIALES. CONSEJOS DE USO<\/a><\/p>\n","protected":false},"featured_media":2234,"template":"","meta":{"sfsi_plus_gutenberg_text_before_share":"","sfsi_plus_gutenberg_show_text_before_share":"","sfsi_plus_gutenberg_icon_type":"","sfsi_plus_gutenberg_icon_alignemt":"","sfsi_plus_gutenburg_max_per_row":""},"product_brand":[],"product_cat":[1179,54,50],"product_tag":[1187,1180],"class_list":{"0":"post-2204","1":"product","2":"type-product","3":"status-publish","4":"has-post-thumbnail","6":"product_cat-aceites-esenciales-y-vegetales","7":"product_cat-rincon-silvestre","8":"product_cat-productos-ecologicos","9":"product_tag-aceite-esencial-bio","10":"product_tag-aceite-esencial-ecologico","12":"first","13":"instock","14":"taxable","15":"shipping-taxable","16":"purchasable","17":"product-type-simple"},"_links":{"self":[{"href":"https:\/\/www.latienducagranel.com\/index.php\/wp-json\/wp\/v2\/product\/2204","targetHints":{"allow":["GET"]}}],"collection":[{"href":"https:\/\/www.latienducagranel.com\/index.php\/wp-json\/wp\/v2\/product"}],"about":[{"href":"https:\/\/www.latienducagranel.com\/index.php\/wp-json\/wp\/v2\/types\/product"}],"wp:featuredmedia":[{"embeddable":true,"href":"https:\/\/www.latienducagranel.com\/index.php\/wp-json\/wp\/v2\/media\/2234"}],"wp:attachment":[{"href":"https:\/\/www.latienducagranel.com\/index.php\/wp-json\/wp\/v2\/media?parent=2204"}],"wp:term":[{"taxonomy":"product_brand","embeddable":true,"href":"https:\/\/www.latienducagranel.com\/index.php\/wp-json\/wp\/v2\/product_brand?post=2204"},{"taxonomy":"product_cat","embeddable":true,"href":"https:\/\/www.latienducagranel.com\/index.php\/wp-json\/wp\/v2\/product_cat?post=2204"},{"taxonomy":"product_tag","embeddable":true,"href":"https:\/\/www.latienducagranel.com\/index.php\/wp-json\/wp\/v2\/product_tag?post=2204"}],"curies":[{"name":"wp","href":"https:\/\/api.w.org\/{rel}","templated":true}]}}