{"id":2203,"date":"2022-12-01T10:37:14","date_gmt":"2022-12-01T10:37:14","guid":{"rendered":"https:\/\/www.latienducagranel.com\/?post_type=product&#038;p=2203"},"modified":"2022-12-01T10:37:18","modified_gmt":"2022-12-01T10:37:18","slug":"aceites-esenciales-consejos-de-uso","status":"publish","type":"product","link":"https:\/\/www.latienducagranel.com\/index.php\/producto\/aceites-esenciales-consejos-de-uso\/","title":{"rendered":"Aceites Esenciales Consejos de uso"},"content":{"rendered":"<h2 style=\"text-align: left;\">Aceites Esenciales Consejos de uso<\/h2>\n<h2><strong>PRECAUCIONES<\/strong><\/h2>\n<p>Emplear siempre AE puros y 100%\u00a0 naturales.<\/p>\n<p>No dejar los envases al alcance de los ni\u00f1os.<\/p>\n<p>No aplicar nunca AE puros en ojos, nariz, o\u00eddos, zonas ano-genitales.<\/p>\n<p>No se recomienda su uso en ni\u00f1os menores de 2 a\u00f1os.<\/p>\n<p><strong>No se recomienda su uso ni durante el embarazo ni durante la lactancia, ni ingeridos<\/strong>\u00a0(a menos que sean prescritos por un profesional).<\/p>\n<p>Las personas al\u00e9rgicas deber\u00edan efectuar un test previo de tolerancia, aplicando una gota sobre la piel, para observar si se produce reacci\u00f3n cut\u00e1nea.<\/p>\n<p>En el empleo externo, diluirlos en los veh\u00edculos adecuados.<\/p>\n<p>Vigilar la exposici\u00f3n solar despu\u00e9s del empleo de AE, ya que pueden presentarse fen\u00f3menos de reacci\u00f3n con el sol, sobre todo con los c\u00edtricos (bergamota, lim\u00f3n, lima, naranja).<\/p>\n<p>En las fichas de producto y en las etiquetas de nuestros aceites esenciales encontrar\u00e1s especificadas aquellas sustancias naturales que la Uni\u00f3n Europea ha identificado como sustancias posiblemente al\u00e9rgenas, (podr\u00e1s identificarlos como &#8220;Contiene: nombre de la sustancia&#8221;).<\/p>\n<p>En caso de\u00a0<strong>sensaci\u00f3n de ardor<\/strong>: no usar agua para enjuagar, sino aceite vegetal para diluir.<\/p>\n<p><strong>No utilizar aceites esenciales cerca de una llama<\/strong>\u00a0o fuente de calor.<\/p>\n<p>Las personas con\u00a0<strong>patolog\u00edas neurol\u00f3gicas o coronarias deber\u00e1n limitar su uso<\/strong>.<\/p>\n","protected":false},"excerpt":{"rendered":"<p>Las formas m\u00e1s adecuadas de consumir aceites esenciales son la v\u00eda inhalatoria o la v\u00eda t\u00f3pica. Respetando las siguientes dosis y consultando la informaci\u00f3n de ada aceite esencial en concreto<\/p>\n<p>A\u00f1adir\u00a0 20 gotas de a\u00a0 60 ml\u00a0 de aceite vegetal para aplicar\u00a0 sobre la piel<\/p>\n<p>Colocar 3-5 gotas en difusor\u00a0 o quemador<\/p>\n<p>PRECAUCIONES<\/p>\n<p>Emplear siempre AE puros y 100%\u00a0 naturales.<\/p>\n<p>No dejar los envases al alcance de los ni\u00f1os.<\/p>\n<p>No aplicar nunca AE puros en ojos, nariz, o\u00eddos, zonas ano-genitales.<\/p>\n<p>No se recomienda su uso en ni\u00f1os menores de 2 a\u00f1os.<\/p>\n<p><strong>No se recomienda su uso ni durante el embarazo ni durante la lactancia<\/strong>\u00a0(a menos que sean prescritos por un profesional).<\/p>\n<p>Las personas al\u00e9rgicas deber\u00edan efectuar un test previo de tolerancia, aplicando una gota sobre la piel, para observar si se produce reacci\u00f3n cut\u00e1nea.<\/p>\n<p>En el empleo externo, diluirlos en los veh\u00edculos adecuados.<\/p>\n<p>Vigilar la exposici\u00f3n solar despu\u00e9s del empleo de AE, ya que pueden presentarse fen\u00f3menos de reacci\u00f3n con el sol, sobre todo con los c\u00edtricos (bergamota, lim\u00f3n, lima, naranja).<\/p>\n<p>En las fichas de producto y en las etiquetas de los aceites esenciales de , encontrar\u00e1s especificadas aquellas sustancias naturales que la Uni\u00f3n Europea, ha identificado como sustancias posiblemente al\u00e9rgenas, (podr\u00e1s identificarlos como &#8220;Contiene: nombre de la sustancia&#8221;).<\/p>\n<p>En caso de\u00a0<strong>sensaci\u00f3n de ardor<\/strong>: no usar agua para enjuagar, sino aceite vegetal para diluir. Si es necesario, consulta a un m\u00e9dico.<\/p>\n<p><strong>No utilizar aceites esenciales cerca de una llama<\/strong>\u00a0o fuente de calor.<\/p>\n<p>Las personas con\u00a0<strong>patolog\u00edas neurol\u00f3gicas o coronarias deber\u00e1n limitar su uso<\/strong>.<\/p>\n<p>&nbsp;<\/p>\n","protected":false},"featured_media":2233,"template":"","meta":{"sfsi_plus_gutenberg_text_before_share":"","sfsi_plus_gutenberg_show_text_before_share":"","sfsi_plus_gutenberg_icon_type":"","sfsi_plus_gutenberg_icon_alignemt":"","sfsi_plus_gutenburg_max_per_row":""},"product_brand":[],"product_cat":[1179],"product_tag":[1187,1180],"class_list":{"0":"post-2203","1":"product","2":"type-product","3":"status-publish","4":"has-post-thumbnail","6":"product_cat-aceites-esenciales-y-vegetales","7":"product_tag-aceite-esencial-bio","8":"product_tag-aceite-esencial-ecologico","10":"first","11":"instock","12":"taxable","13":"shipping-taxable","14":"product-type-simple"},"_links":{"self":[{"href":"https:\/\/www.latienducagranel.com\/index.php\/wp-json\/wp\/v2\/product\/2203","targetHints":{"allow":["GET"]}}],"collection":[{"href":"https:\/\/www.latienducagranel.com\/index.php\/wp-json\/wp\/v2\/product"}],"about":[{"href":"https:\/\/www.latienducagranel.com\/index.php\/wp-json\/wp\/v2\/types\/product"}],"wp:featuredmedia":[{"embeddable":true,"href":"https:\/\/www.latienducagranel.com\/index.php\/wp-json\/wp\/v2\/media\/2233"}],"wp:attachment":[{"href":"https:\/\/www.latienducagranel.com\/index.php\/wp-json\/wp\/v2\/media?parent=2203"}],"wp:term":[{"taxonomy":"product_brand","embeddable":true,"href":"https:\/\/www.latienducagranel.com\/index.php\/wp-json\/wp\/v2\/product_brand?post=2203"},{"taxonomy":"product_cat","embeddable":true,"href":"https:\/\/www.latienducagranel.com\/index.php\/wp-json\/wp\/v2\/product_cat?post=2203"},{"taxonomy":"product_tag","embeddable":true,"href":"https:\/\/www.latienducagranel.com\/index.php\/wp-json\/wp\/v2\/product_tag?post=2203"}],"curies":[{"name":"wp","href":"https:\/\/api.w.org\/{rel}","templated":true}]}}