{"id":2202,"date":"2022-12-01T10:37:13","date_gmt":"2022-12-01T10:37:13","guid":{"rendered":"https:\/\/www.latienducagranel.com\/?post_type=product&#038;p=2202"},"modified":"2026-03-17T19:23:01","modified_gmt":"2026-03-17T18:23:01","slug":"aceite-esencial-de-arbol-del-te-eco","status":"publish","type":"product","link":"https:\/\/www.latienducagranel.com\/index.php\/producto\/aceite-esencial-de-arbol-del-te-eco\/","title":{"rendered":"Aceite esencial de \u00e1rbol del t\u00e9 ECO"},"content":{"rendered":"<h2>Aceite esencial de arbol del t\u00e9 ECO<\/h2>\n<h3>DESCRIPCI\u00d3N<\/h3>\n<p>El aceite esencial de \u00c1rbol del t\u00e9 se extrae del Melaleuca alternifolia, \u00e1rbol de origen australiano.<br \/>\nArbusto que llega a medir 5m. Sus hojas son muy arom\u00e1ticas y estrechas, y 1,5 mm de ancho por 2 cm de largo. Las flores est\u00e1n agrupadas en espigas laxas y de color cremoso. Florece en verano.<\/p>\n<p><a href=\"https:\/\/www.arbolesornamentales.es\/melaleucademurcia.htm\" target=\"_blank\" rel=\"noopener\">Mas bot\u00e1nica<\/a><\/p>\n<p><strong>Extracci\u00f3n:<\/strong><br \/>\nEl aceite esencial de \u00c1rbol del t\u00e9 se extrae de la destilaci\u00f3n, por arrastre de vapor, de las hojas y corteza de dicho arbusto.<\/p>\n<p><strong>Caracter\u00edsticas del aceite esencial:<\/strong><br \/>\nAceite esencial de color amarillo p\u00e1lido a amarillo, con un aroma fresco y alcanforado.<br \/>\nLos principios activos de la esencia de Arbol del t\u00e9 son el terpinen-4-ol, alfa terpineno, gamma terpineno , paracimeno, cineol y alfa terpineol.<\/p>\n<p><strong>Usos generales:<\/strong><br \/>\nCosm\u00e9tica, perfumer\u00eda, est\u00e9tica, farmacia y aromaterapia; siendo com\u00fan en inhalaciones, vaporizaciones, ba\u00f1os, fricciones y masajes.<\/p>\n<p><strong>Propiedades:<\/strong><\/p>\n<ul>\n<li>Potente antis\u00e9ptico, anti hongos y antiviral.<\/li>\n<li>Inmunoestimulante, pudiendo aumentar la capacidad de respuesta del sistema inmunol\u00f3gico.<\/li>\n<li>Cicatrizante, especial para el tratamiento de acn\u00e9 y quemaduras.<\/li>\n<li>Inicado adem\u00e1s para otros problemas dermatol\u00f3gicos como \u00falceras, llagas, micosis de piel y u\u00f1as.<\/li>\n<li>Antiinflamatorio, desodorante, expectorante y bals\u00e1mico.<\/li>\n<li>Es bactericida Ideal para matar g\u00e9rmenes al vaporizar.<\/li>\n<li>Bueno para resfriados y gripe, sobre todo tomando un ba\u00f1o ante los primeros s\u00edntomas; o inhalarlo para la sinusitis y catarros.<\/li>\n<li>Aumenta la resistencia de un paciente ante una intervenci\u00f3n quir\u00fargica, con ba\u00f1os y masajes, al igual que despu\u00e9s de ella se puede reducir el postoperatorio.<\/li>\n<li>Trata infecciones urinarias, candidiasis vaginal.<\/li>\n<li>Limpia la piel y combate el olor de pies.<\/li>\n<\/ul>\n<h3>INFORMACI\u00d3N ORGANOLEPTICA<\/h3>\n<table class=\"table table-bordered table-striped\">\n<tbody>\n<tr>\n<td>Aspecto<\/td>\n<td>\u00a0Liquido transparente<\/td>\n<\/tr>\n<tr>\n<td>Color<\/td>\n<td>\u00a0Desde incoloro a amarillo p\u00e1lido.<\/td>\n<\/tr>\n<tr>\n<td>Olor<\/td>\n<td>\u00a0Caracter\u00edstico, silvestre, amaderado.<\/td>\n<\/tr>\n<\/tbody>\n<\/table>\n<p>&nbsp;<\/p>\n<h3>COMPOSICION QUIMICA (Principios activos)<\/h3>\n<table class=\"table table-bordered table-striped\">\n<thead>\n<tr>\n<th>Componente<\/th>\n<th>NORMA<\/th>\n<\/tr>\n<\/thead>\n<tbody>\n<tr>\n<td>a-PINENE<\/td>\n<td>\u00a01 &#8211; 4<\/td>\n<\/tr>\n<tr>\n<td>SABINENE<\/td>\n<td>\u00a0Tr &#8211; 3,5<\/td>\n<\/tr>\n<tr>\n<td>a-TERPINENE<\/td>\n<td>\u00a06 &#8211; 12<\/td>\n<\/tr>\n<tr>\n<td>1,8-CINEOLE<\/td>\n<td>\u00a0Tr &#8211; 10<\/td>\n<\/tr>\n<tr>\n<td>g-TERPINENE<\/td>\n<td>\u00a014 &#8211; 28<\/td>\n<\/tr>\n<tr>\n<td>TERPINOLENE<\/td>\n<td>\u00a01,5 &#8211; 5<\/td>\n<\/tr>\n<tr>\n<td>TERPINENE-4-OL<\/td>\n<td>\u00a035 &#8211; 48<\/td>\n<\/tr>\n<\/tbody>\n<\/table>\n<div class=\"line\"><\/div>\n","protected":false},"excerpt":{"rendered":"<p>&nbsp;<\/p>\n<h3 class=\"p1\">\u00c1rbol del Te Aceite Esencial Bio<\/h3>\n<p><b>FAMILIA<\/b>: Mirt\u00e1ceas<\/p>\n<p><b>PARTE UTILIZADA<\/b>: Hojas.<\/p>\n<p><b>OBTENCI\u00d3N<\/b>: Destilaci\u00f3n<\/p>\n<p><b>COMPOSICI\u00d3N<\/b>: Cineol, terpinol, timol, carvacrol.<\/p>\n<p><b>PROPIEDADES<\/b><\/p>\n<p>Antibi\u00f3tico, antiv\u00edrico\u00a0 anti f\u00fangico<\/p>\n<p>Genital femenino: Anti f\u00fangico.<\/p>\n<p>Piel: Anti f\u00fangico y antiv\u00edrico. Regulador de grasa.<\/p>\n<p>Repelente de piojos.<\/p>\n<p>&nbsp;<\/p>\n<p><b>INDICACIONES<\/b><\/p>\n<p>Genito-urinario: Vaginitis, cistitis.<\/p>\n<p>Piel: Micosis, parasitosis.<\/p>\n<p>Repelente de piojos.<\/p>\n<p><b>MODO <\/b><b>DE EMPLEO<\/b><\/p>\n<p>A\u00f1adir\u00a0 20 gotas a\u00a0 60 ml\u00a0 de aceite vegetal para aplicar\u00a0 sobre la piel<\/p>\n<p>Colocar 3-5 gotas en difusor\u00a0 o quemador<\/p>\n<p><b>100%\u00a0\u00a0<\/b><b>BIO<\/b><\/p>\n<p><b>100% Natural y Vegana<\/b><\/p>\n<p><b>0% T\u00f3xicos<\/b><\/p>\n<p><b>No OGM<\/b><\/p>\n<p><b>Envase\u00a0<\/b><b>de VIDRIO\u00a0\u00a0<\/b><b>10ml<\/b><\/p>\n<p><b>IINGREDIENTES <\/b><\/p>\n<p>INCI: Melaleuca alternifolia oil** Contiene de forma natural: Limonene, linalol , Citral, Eugenol<\/p>\n<p><a href=\"https:\/\/rinconsilvestre.net\/producto\/aceites-esenciales-ecologicos-consejos-de-uso\/\">USO SEGURO DE LOS ACEITES ESENCIALES. CONSEJOS DE USO<\/a><\/p>\n<p>https:\/\/rinconsilvestre.net\/ques-son-los-aceites-esenciales\/<\/p>\n","protected":false},"featured_media":2232,"template":"","meta":{"sfsi_plus_gutenberg_text_before_share":"","sfsi_plus_gutenberg_show_text_before_share":"","sfsi_plus_gutenberg_icon_type":"","sfsi_plus_gutenberg_icon_alignemt":"","sfsi_plus_gutenburg_max_per_row":""},"product_brand":[],"product_cat":[1179,54,50],"product_tag":[1180,1181,1182,1183,1184,1185,1186],"class_list":{"0":"post-2202","1":"product","2":"type-product","3":"status-publish","4":"has-post-thumbnail","6":"product_cat-aceites-esenciales-y-vegetales","7":"product_cat-rincon-silvestre","8":"product_cat-productos-ecologicos","9":"product_tag-aceite-esencial-ecologico","10":"product_tag-arbol-del-te-aceite-esencial-ecologico","11":"product_tag-cosmetica-bio","12":"product_tag-cosmetica-natural","13":"product_tag-cuidados-faciales","14":"product_tag-ecologico","15":"product_tag-piel-grasa","17":"first","18":"instock","19":"taxable","20":"shipping-taxable","21":"purchasable","22":"product-type-simple"},"_links":{"self":[{"href":"https:\/\/www.latienducagranel.com\/index.php\/wp-json\/wp\/v2\/product\/2202","targetHints":{"allow":["GET"]}}],"collection":[{"href":"https:\/\/www.latienducagranel.com\/index.php\/wp-json\/wp\/v2\/product"}],"about":[{"href":"https:\/\/www.latienducagranel.com\/index.php\/wp-json\/wp\/v2\/types\/product"}],"wp:featuredmedia":[{"embeddable":true,"href":"https:\/\/www.latienducagranel.com\/index.php\/wp-json\/wp\/v2\/media\/2232"}],"wp:attachment":[{"href":"https:\/\/www.latienducagranel.com\/index.php\/wp-json\/wp\/v2\/media?parent=2202"}],"wp:term":[{"taxonomy":"product_brand","embeddable":true,"href":"https:\/\/www.latienducagranel.com\/index.php\/wp-json\/wp\/v2\/product_brand?post=2202"},{"taxonomy":"product_cat","embeddable":true,"href":"https:\/\/www.latienducagranel.com\/index.php\/wp-json\/wp\/v2\/product_cat?post=2202"},{"taxonomy":"product_tag","embeddable":true,"href":"https:\/\/www.latienducagranel.com\/index.php\/wp-json\/wp\/v2\/product_tag?post=2202"}],"curies":[{"name":"wp","href":"https:\/\/api.w.org\/{rel}","templated":true}]}}