{"id":220,"date":"2020-11-19T17:32:54","date_gmt":"2020-11-19T17:32:54","guid":{"rendered":"https:\/\/www.latienducagranel.com\/?post_type=product&#038;p=220"},"modified":"2024-10-15T10:09:15","modified_gmt":"2024-10-15T09:09:15","slug":"regaliz-de-palo","status":"publish","type":"product","link":"https:\/\/www.latienducagranel.com\/index.php\/producto\/regaliz-de-palo\/","title":{"rendered":"Regaliz de palo"},"content":{"rendered":"<div id=\"short_description_content\" class=\"rte align_justify\">\n<p>El regaliz de palo (palodul o palulu) es ra\u00edz de regaliz.<\/p>\n<p>Origen: Espa\u00f1a<\/p>\n<p>Modo de empleo:\u00a0Puede\u00a0infusionarse directamente, aunque para este uso es m\u00e1s adecuado el regaliz triturado. M\u00e1s com\u00fan es consumirlo mediante su hidrataci\u00f3n con la saliva durante unos segundos en la boca\u00a0para posteriomente masticar la ra\u00edz\u00a0y obtener su t\u00edpico sabor.<\/p>\n<\/div>\n","protected":false},"excerpt":{"rendered":"<p>El regaliz de palo (palodul o palulu) es ra\u00edz de regaliz. Origen: Espa\u00f1a Modo de empleo:\u00a0Puede\u00a0infusionarse directamente, aunque para este uso es m\u00e1s adecuado el regaliz triturado. M\u00e1s com\u00fan es consumirlo mediante su hidrataci\u00f3n con la saliva durante unos segundos en la boca\u00a0para posteriomente masticar&nbsp;&#8230; [Leer m\u00e1s]<\/p>\n","protected":false},"featured_media":221,"template":"","meta":{"sfsi_plus_gutenberg_text_before_share":"","sfsi_plus_gutenberg_show_text_before_share":"","sfsi_plus_gutenberg_icon_type":"","sfsi_plus_gutenberg_icon_alignemt":"","sfsi_plus_gutenburg_max_per_row":""},"product_brand":[],"product_cat":[48,20],"product_tag":[830,831,829],"class_list":{"0":"post-220","1":"product","2":"type-product","3":"status-publish","4":"has-post-thumbnail","6":"product_cat-alimentacion","7":"product_cat-hierbas-especias-y-condimentos","8":"product_tag-palodul","9":"product_tag-palulu","10":"product_tag-regaliz-de-palo","12":"first","13":"instock","14":"taxable","15":"shipping-taxable","16":"purchasable","17":"product-type-simple"},"_links":{"self":[{"href":"https:\/\/www.latienducagranel.com\/index.php\/wp-json\/wp\/v2\/product\/220","targetHints":{"allow":["GET"]}}],"collection":[{"href":"https:\/\/www.latienducagranel.com\/index.php\/wp-json\/wp\/v2\/product"}],"about":[{"href":"https:\/\/www.latienducagranel.com\/index.php\/wp-json\/wp\/v2\/types\/product"}],"wp:featuredmedia":[{"embeddable":true,"href":"https:\/\/www.latienducagranel.com\/index.php\/wp-json\/wp\/v2\/media\/221"}],"wp:attachment":[{"href":"https:\/\/www.latienducagranel.com\/index.php\/wp-json\/wp\/v2\/media?parent=220"}],"wp:term":[{"taxonomy":"product_brand","embeddable":true,"href":"https:\/\/www.latienducagranel.com\/index.php\/wp-json\/wp\/v2\/product_brand?post=220"},{"taxonomy":"product_cat","embeddable":true,"href":"https:\/\/www.latienducagranel.com\/index.php\/wp-json\/wp\/v2\/product_cat?post=220"},{"taxonomy":"product_tag","embeddable":true,"href":"https:\/\/www.latienducagranel.com\/index.php\/wp-json\/wp\/v2\/product_tag?post=220"}],"curies":[{"name":"wp","href":"https:\/\/api.w.org\/{rel}","templated":true}]}}