{"id":2187,"date":"2022-10-10T11:39:29","date_gmt":"2022-10-10T11:39:29","guid":{"rendered":"https:\/\/www.latienducagranel.com\/?post_type=product&#038;p=2187"},"modified":"2024-06-04T12:04:06","modified_gmt":"2024-06-04T11:04:06","slug":"sazonador-de-pasta","status":"publish","type":"product","link":"https:\/\/www.latienducagranel.com\/index.php\/producto\/sazonador-de-pasta\/","title":{"rendered":"Sazonador de pasta"},"content":{"rendered":"<p>Nuestro sazonador de pasta consigue dar alegr\u00eda a un plato de pasta sin mucha gracia. Se trata de una deliciosa mezcla de especias arom\u00e1ticas.<\/p>\n<p>Ingredientes: Sal fina, albahaca hoja, jengibre molido, ajo granulado, or\u00e9gano hoja y tomillo molido.<\/p>\n","protected":false},"excerpt":{"rendered":"<p>Nuestro sazonador de pasta consigue dar alegr\u00eda a un plato de pasta sin mucha gracia. Se trata de una deliciosa mezcla de especias arom\u00e1ticas. Ingredientes: Sal fina, albahaca hoja, jengibre molido, ajo granulado, or\u00e9gano hoja y tomillo molido.<\/p>\n","protected":false},"featured_media":2142,"template":"","meta":{"sfsi_plus_gutenberg_text_before_share":"","sfsi_plus_gutenberg_show_text_before_share":"","sfsi_plus_gutenberg_icon_type":"","sfsi_plus_gutenberg_icon_alignemt":"","sfsi_plus_gutenburg_max_per_row":""},"product_brand":[],"product_cat":[48,20],"product_tag":[1169,1170,1132,1133,1135],"class_list":{"0":"post-2187","1":"product","2":"type-product","3":"status-publish","4":"has-post-thumbnail","6":"product_cat-alimentacion","7":"product_cat-hierbas-especias-y-condimentos","8":"product_tag-condimento","9":"product_tag-condimento-pasta","10":"product_tag-sazonador","11":"product_tag-sazonador-pasta","12":"product_tag-sazonador-spaghetti","14":"first","15":"instock","16":"taxable","17":"shipping-taxable","18":"purchasable","19":"product-type-simple"},"_links":{"self":[{"href":"https:\/\/www.latienducagranel.com\/index.php\/wp-json\/wp\/v2\/product\/2187","targetHints":{"allow":["GET"]}}],"collection":[{"href":"https:\/\/www.latienducagranel.com\/index.php\/wp-json\/wp\/v2\/product"}],"about":[{"href":"https:\/\/www.latienducagranel.com\/index.php\/wp-json\/wp\/v2\/types\/product"}],"wp:featuredmedia":[{"embeddable":true,"href":"https:\/\/www.latienducagranel.com\/index.php\/wp-json\/wp\/v2\/media\/2142"}],"wp:attachment":[{"href":"https:\/\/www.latienducagranel.com\/index.php\/wp-json\/wp\/v2\/media?parent=2187"}],"wp:term":[{"taxonomy":"product_brand","embeddable":true,"href":"https:\/\/www.latienducagranel.com\/index.php\/wp-json\/wp\/v2\/product_brand?post=2187"},{"taxonomy":"product_cat","embeddable":true,"href":"https:\/\/www.latienducagranel.com\/index.php\/wp-json\/wp\/v2\/product_cat?post=2187"},{"taxonomy":"product_tag","embeddable":true,"href":"https:\/\/www.latienducagranel.com\/index.php\/wp-json\/wp\/v2\/product_tag?post=2187"}],"curies":[{"name":"wp","href":"https:\/\/api.w.org\/{rel}","templated":true}]}}