{"id":2185,"date":"2022-10-10T11:24:56","date_gmt":"2022-10-10T11:24:56","guid":{"rendered":"https:\/\/www.latienducagranel.com\/?post_type=product&#038;p=2185"},"modified":"2025-01-07T11:12:46","modified_gmt":"2025-01-07T10:12:46","slug":"alubia-de-la-virgen","status":"publish","type":"product","link":"https:\/\/www.latienducagranel.com\/index.php\/producto\/alubia-de-la-virgen\/","title":{"rendered":"Alubia de la virgen"},"content":{"rendered":"<p>La alubia de la virgen, alubia pilarica, alubia manto de la virgen o alubia boliche es una alubia t\u00edpica de la Comunidad de Arag\u00f3n de peque\u00f1o tama\u00f1o, grano lleno, redondo, ligeramente esf\u00e9rico, de color blanco con una mancha marr\u00f3n.<br \/>\nDestacan por tener una piel muy fina y por ser muy mantecosas.<\/p>\n","protected":false},"excerpt":{"rendered":"<p>La alubia de la virgen, alubia pilarica, alubia manto de la virgen o alubia boliche es una alubia t\u00edpica de la Comunidad de Arag\u00f3n de peque\u00f1o tama\u00f1o, grano lleno, redondo, ligeramente esf\u00e9rico, de color blanco con una mancha marr\u00f3n. Destacan por tener una piel muy&nbsp;&#8230; [Leer m\u00e1s]<\/p>\n","protected":false},"featured_media":2186,"template":"","meta":{"sfsi_plus_gutenberg_text_before_share":"","sfsi_plus_gutenberg_show_text_before_share":"","sfsi_plus_gutenberg_icon_type":"","sfsi_plus_gutenberg_icon_alignemt":"","sfsi_plus_gutenburg_max_per_row":""},"product_brand":[],"product_cat":[48,21],"product_tag":[1167,1166,1168,1165,405],"class_list":{"0":"post-2185","1":"product","2":"type-product","3":"status-publish","4":"has-post-thumbnail","6":"product_cat-alimentacion","7":"product_cat-legumbres","8":"product_tag-alubia-boliche","9":"product_tag-alubia-de-la-virgen","10":"product_tag-alubia-pilarica","11":"product_tag-alubia-virgen","12":"product_tag-judias","14":"first","15":"instock","16":"taxable","17":"shipping-taxable","18":"purchasable","19":"product-type-simple"},"_links":{"self":[{"href":"https:\/\/www.latienducagranel.com\/index.php\/wp-json\/wp\/v2\/product\/2185","targetHints":{"allow":["GET"]}}],"collection":[{"href":"https:\/\/www.latienducagranel.com\/index.php\/wp-json\/wp\/v2\/product"}],"about":[{"href":"https:\/\/www.latienducagranel.com\/index.php\/wp-json\/wp\/v2\/types\/product"}],"wp:featuredmedia":[{"embeddable":true,"href":"https:\/\/www.latienducagranel.com\/index.php\/wp-json\/wp\/v2\/media\/2186"}],"wp:attachment":[{"href":"https:\/\/www.latienducagranel.com\/index.php\/wp-json\/wp\/v2\/media?parent=2185"}],"wp:term":[{"taxonomy":"product_brand","embeddable":true,"href":"https:\/\/www.latienducagranel.com\/index.php\/wp-json\/wp\/v2\/product_brand?post=2185"},{"taxonomy":"product_cat","embeddable":true,"href":"https:\/\/www.latienducagranel.com\/index.php\/wp-json\/wp\/v2\/product_cat?post=2185"},{"taxonomy":"product_tag","embeddable":true,"href":"https:\/\/www.latienducagranel.com\/index.php\/wp-json\/wp\/v2\/product_tag?post=2185"}],"curies":[{"name":"wp","href":"https:\/\/api.w.org\/{rel}","templated":true}]}}