{"id":218,"date":"2020-11-19T17:29:55","date_gmt":"2020-11-19T16:29:55","guid":{"rendered":"https:\/\/www.latienducagranel.com\/?post_type=product&#038;p=218"},"modified":"2025-04-23T18:56:23","modified_gmt":"2025-04-23T17:56:23","slug":"regaliz-raiz-triturada","status":"publish","type":"product","link":"https:\/\/www.latienducagranel.com\/index.php\/producto\/regaliz-raiz-triturada\/","title":{"rendered":"Regaliz ra\u00edz triturada"},"content":{"rendered":"<div id=\"short_description_content\" class=\"rte align_justify\">\n<p>Regaliz ra\u00edz triturada: Ra\u00edz de <em>Glycyrrhiza glabra<\/em> triturada.<\/p>\n<p>Producto especial para infusiones.<\/p>\n<p>La ra\u00edz de regaliz\u00a0es uno de los\u00a0condimentos\u00a0m\u00e1s antiguos. Tiene un sabor anisado y agridulce. Se usa mucho en confiter\u00eda, postres, tartas, dulces y en bebidas. Tambi\u00e9n se hacen\u00a0caramelos, comprimidos y tiras de oblea de venta en farmacias y puestos de golosinas por su caracter\u00edstico y agradable sabor.<\/p>\n<\/div>\n","protected":false},"excerpt":{"rendered":"<p>Regaliz ra\u00edz triturada: Ra\u00edz de Glycyrrhiza glabra triturada. Producto especial para infusiones. La ra\u00edz de regaliz\u00a0es uno de los\u00a0condimentos\u00a0m\u00e1s antiguos. Tiene un sabor anisado y agridulce. Se usa mucho en confiter\u00eda, postres, tartas, dulces y en bebidas. Tambi\u00e9n se hacen\u00a0caramelos, comprimidos y tiras de oblea&nbsp;&#8230; [Leer m\u00e1s]<\/p>\n","protected":false},"featured_media":219,"template":"","meta":{"sfsi_plus_gutenberg_text_before_share":"","sfsi_plus_gutenberg_show_text_before_share":"","sfsi_plus_gutenberg_icon_type":"","sfsi_plus_gutenberg_icon_alignemt":"","sfsi_plus_gutenburg_max_per_row":""},"product_brand":[],"product_cat":[48,20],"product_tag":[957,958,959],"class_list":{"0":"post-218","1":"product","2":"type-product","3":"status-publish","4":"has-post-thumbnail","6":"product_cat-alimentacion","7":"product_cat-hierbas-especias-y-condimentos","8":"product_tag-regaliz","9":"product_tag-regaliz-raiz","10":"product_tag-regaliz-raiz-triturada","12":"first","13":"instock","14":"taxable","15":"shipping-taxable","16":"purchasable","17":"product-type-simple"},"_links":{"self":[{"href":"https:\/\/www.latienducagranel.com\/index.php\/wp-json\/wp\/v2\/product\/218","targetHints":{"allow":["GET"]}}],"collection":[{"href":"https:\/\/www.latienducagranel.com\/index.php\/wp-json\/wp\/v2\/product"}],"about":[{"href":"https:\/\/www.latienducagranel.com\/index.php\/wp-json\/wp\/v2\/types\/product"}],"wp:featuredmedia":[{"embeddable":true,"href":"https:\/\/www.latienducagranel.com\/index.php\/wp-json\/wp\/v2\/media\/219"}],"wp:attachment":[{"href":"https:\/\/www.latienducagranel.com\/index.php\/wp-json\/wp\/v2\/media?parent=218"}],"wp:term":[{"taxonomy":"product_brand","embeddable":true,"href":"https:\/\/www.latienducagranel.com\/index.php\/wp-json\/wp\/v2\/product_brand?post=218"},{"taxonomy":"product_cat","embeddable":true,"href":"https:\/\/www.latienducagranel.com\/index.php\/wp-json\/wp\/v2\/product_cat?post=218"},{"taxonomy":"product_tag","embeddable":true,"href":"https:\/\/www.latienducagranel.com\/index.php\/wp-json\/wp\/v2\/product_tag?post=218"}],"curies":[{"name":"wp","href":"https:\/\/api.w.org\/{rel}","templated":true}]}}