{"id":2169,"date":"2022-09-19T16:27:37","date_gmt":"2022-09-19T16:27:37","guid":{"rendered":"https:\/\/www.latienducagranel.com\/?post_type=product&#038;p=2169"},"modified":"2022-09-19T16:27:38","modified_gmt":"2022-09-19T16:27:38","slug":"manteca-de-karite-pura-ecologica","status":"publish","type":"product","link":"https:\/\/www.latienducagranel.com\/index.php\/producto\/manteca-de-karite-pura-ecologica\/","title":{"rendered":"Manteca de karit\u00e9 pura ecol\u00f3gica"},"content":{"rendered":"<p>La manteca de karit\u00e9 pura ecol\u00f3gica es una pomada s\u00f3lida como la mantequilla que, al entrar en contacto con el calor corporal se convierte en aceite, siendo as\u00ed un producto muy sencillo y agradable de aplicar en cualquier parte del cuerpo. Es hidratante, nutritiva, protege la piel de los efectos del entorno (fr\u00edo, viento, sol\u2026), es regenerante y cicatrizante.<\/p>\n<p>Bote de 250 gr<\/p>\n","protected":false},"excerpt":{"rendered":"<p>La manteca de karit\u00e9 pura ecol\u00f3gica es una pomada s\u00f3lida como la mantequilla que, al entrar en contacto con el calor corporal se convierte en aceite, siendo as\u00ed un producto muy sencillo y agradable de aplicar en cualquier parte del cuerpo. Es hidratante, nutritiva, protege&nbsp;&#8230; [Leer m\u00e1s]<\/p>\n","protected":false},"featured_media":2170,"template":"","meta":{"sfsi_plus_gutenberg_text_before_share":"","sfsi_plus_gutenberg_show_text_before_share":"","sfsi_plus_gutenberg_icon_type":"","sfsi_plus_gutenberg_icon_alignemt":"","sfsi_plus_gutenburg_max_per_row":""},"product_brand":[],"product_cat":[44,54,50],"product_tag":[1152,1154,1153,1155],"class_list":{"0":"post-2169","1":"product","2":"type-product","3":"status-publish","4":"has-post-thumbnail","6":"product_cat-cosmetica","7":"product_cat-rincon-silvestre","8":"product_cat-productos-ecologicos","9":"product_tag-manteca-de-karite","10":"product_tag-manteca-de-karite-ecologica","11":"product_tag-manteca-de-karite-pura","12":"product_tag-manteca-de-karite-social","14":"first","15":"instock","16":"taxable","17":"shipping-taxable","18":"purchasable","19":"product-type-simple"},"_links":{"self":[{"href":"https:\/\/www.latienducagranel.com\/index.php\/wp-json\/wp\/v2\/product\/2169","targetHints":{"allow":["GET"]}}],"collection":[{"href":"https:\/\/www.latienducagranel.com\/index.php\/wp-json\/wp\/v2\/product"}],"about":[{"href":"https:\/\/www.latienducagranel.com\/index.php\/wp-json\/wp\/v2\/types\/product"}],"wp:featuredmedia":[{"embeddable":true,"href":"https:\/\/www.latienducagranel.com\/index.php\/wp-json\/wp\/v2\/media\/2170"}],"wp:attachment":[{"href":"https:\/\/www.latienducagranel.com\/index.php\/wp-json\/wp\/v2\/media?parent=2169"}],"wp:term":[{"taxonomy":"product_brand","embeddable":true,"href":"https:\/\/www.latienducagranel.com\/index.php\/wp-json\/wp\/v2\/product_brand?post=2169"},{"taxonomy":"product_cat","embeddable":true,"href":"https:\/\/www.latienducagranel.com\/index.php\/wp-json\/wp\/v2\/product_cat?post=2169"},{"taxonomy":"product_tag","embeddable":true,"href":"https:\/\/www.latienducagranel.com\/index.php\/wp-json\/wp\/v2\/product_tag?post=2169"}],"curies":[{"name":"wp","href":"https:\/\/api.w.org\/{rel}","templated":true}]}}