{"id":210,"date":"2020-11-19T17:24:04","date_gmt":"2020-11-19T17:24:04","guid":{"rendered":"https:\/\/www.latienducagranel.com\/?post_type=product&#038;p=210"},"modified":"2025-06-03T12:05:26","modified_gmt":"2025-06-03T11:05:26","slug":"oregano","status":"publish","type":"product","link":"https:\/\/www.latienducagranel.com\/index.php\/producto\/oregano\/","title":{"rendered":"Or\u00e9gano"},"content":{"rendered":"<p>Or\u00e9gano: Hoja entera y seca del or\u00e9gano (<em>Origanum vulgare).<\/em><\/p>\n<p>El or\u00e9gano es una\u00a0hierba arom\u00e1tica\u00a0muy apreciada gastron\u00f3micamente, ya que aporta una intensa personalidad a las elaboraciones en las que participa como\u00a0condimento.<\/p>\n","protected":false},"excerpt":{"rendered":"<p>Or\u00e9gano: Hoja entera y seca del or\u00e9gano (Origanum vulgare). El or\u00e9gano es una\u00a0hierba arom\u00e1tica\u00a0muy apreciada gastron\u00f3micamente, ya que aporta una intensa personalidad a las elaboraciones en las que participa como\u00a0condimento.<\/p>\n","protected":false},"featured_media":211,"template":"","meta":{"sfsi_plus_gutenberg_text_before_share":"","sfsi_plus_gutenberg_show_text_before_share":"","sfsi_plus_gutenberg_icon_type":"","sfsi_plus_gutenberg_icon_alignemt":"","sfsi_plus_gutenburg_max_per_row":""},"product_brand":[],"product_cat":[48,20],"product_tag":[964],"class_list":{"0":"post-210","1":"product","2":"type-product","3":"status-publish","4":"has-post-thumbnail","6":"product_cat-alimentacion","7":"product_cat-hierbas-especias-y-condimentos","8":"product_tag-oregano","10":"first","11":"instock","12":"taxable","13":"shipping-taxable","14":"purchasable","15":"product-type-simple"},"_links":{"self":[{"href":"https:\/\/www.latienducagranel.com\/index.php\/wp-json\/wp\/v2\/product\/210","targetHints":{"allow":["GET"]}}],"collection":[{"href":"https:\/\/www.latienducagranel.com\/index.php\/wp-json\/wp\/v2\/product"}],"about":[{"href":"https:\/\/www.latienducagranel.com\/index.php\/wp-json\/wp\/v2\/types\/product"}],"wp:featuredmedia":[{"embeddable":true,"href":"https:\/\/www.latienducagranel.com\/index.php\/wp-json\/wp\/v2\/media\/211"}],"wp:attachment":[{"href":"https:\/\/www.latienducagranel.com\/index.php\/wp-json\/wp\/v2\/media?parent=210"}],"wp:term":[{"taxonomy":"product_brand","embeddable":true,"href":"https:\/\/www.latienducagranel.com\/index.php\/wp-json\/wp\/v2\/product_brand?post=210"},{"taxonomy":"product_cat","embeddable":true,"href":"https:\/\/www.latienducagranel.com\/index.php\/wp-json\/wp\/v2\/product_cat?post=210"},{"taxonomy":"product_tag","embeddable":true,"href":"https:\/\/www.latienducagranel.com\/index.php\/wp-json\/wp\/v2\/product_tag?post=210"}],"curies":[{"name":"wp","href":"https:\/\/api.w.org\/{rel}","templated":true}]}}