{"id":2086,"date":"2022-05-04T17:56:11","date_gmt":"2022-05-04T16:56:11","guid":{"rendered":"https:\/\/www.latienducagranel.com\/?post_type=product&#038;p=2086"},"modified":"2026-02-25T17:37:44","modified_gmt":"2026-02-25T16:37:44","slug":"bombones-de-cafe-con-chocolate-negro","status":"publish","type":"product","link":"https:\/\/www.latienducagranel.com\/index.php\/producto\/bombones-de-cafe-con-chocolate-negro\/","title":{"rendered":"Bombones de caf\u00e9 con chocolate negro"},"content":{"rendered":"<p>Los bombones de caf\u00e9 con chocolate negro son un grano de caf\u00e9 recubierto de chocolate negro. \u00a1La perdici\u00f3n!<\/p>\n","protected":false},"excerpt":{"rendered":"<p>Los bombones de caf\u00e9 con chocolate negro son un grano de caf\u00e9 recubierto de chocolate negro. \u00a1La perdici\u00f3n!<\/p>\n","protected":false},"featured_media":2087,"template":"","meta":{"sfsi_plus_gutenberg_text_before_share":"","sfsi_plus_gutenberg_show_text_before_share":"","sfsi_plus_gutenberg_icon_type":"","sfsi_plus_gutenberg_icon_alignemt":"","sfsi_plus_gutenburg_max_per_row":""},"product_brand":[],"product_cat":[48,53],"product_tag":[165,1111,1120,1119],"class_list":{"0":"post-2086","1":"product","2":"type-product","3":"status-publish","4":"has-post-thumbnail","6":"product_cat-alimentacion","7":"product_cat-chocolates-y-dulces","8":"product_tag-bombon","9":"product_tag-bombones","10":"product_tag-bombones-de-cafe-con-chocolate-negro","11":"product_tag-cafe-con-chocolate-negro","13":"first","14":"instock","15":"taxable","16":"shipping-taxable","17":"purchasable","18":"product-type-simple"},"_links":{"self":[{"href":"https:\/\/www.latienducagranel.com\/index.php\/wp-json\/wp\/v2\/product\/2086","targetHints":{"allow":["GET"]}}],"collection":[{"href":"https:\/\/www.latienducagranel.com\/index.php\/wp-json\/wp\/v2\/product"}],"about":[{"href":"https:\/\/www.latienducagranel.com\/index.php\/wp-json\/wp\/v2\/types\/product"}],"wp:featuredmedia":[{"embeddable":true,"href":"https:\/\/www.latienducagranel.com\/index.php\/wp-json\/wp\/v2\/media\/2087"}],"wp:attachment":[{"href":"https:\/\/www.latienducagranel.com\/index.php\/wp-json\/wp\/v2\/media?parent=2086"}],"wp:term":[{"taxonomy":"product_brand","embeddable":true,"href":"https:\/\/www.latienducagranel.com\/index.php\/wp-json\/wp\/v2\/product_brand?post=2086"},{"taxonomy":"product_cat","embeddable":true,"href":"https:\/\/www.latienducagranel.com\/index.php\/wp-json\/wp\/v2\/product_cat?post=2086"},{"taxonomy":"product_tag","embeddable":true,"href":"https:\/\/www.latienducagranel.com\/index.php\/wp-json\/wp\/v2\/product_tag?post=2086"}],"curies":[{"name":"wp","href":"https:\/\/api.w.org\/{rel}","templated":true}]}}