{"id":2062,"date":"2022-04-22T15:31:20","date_gmt":"2022-04-22T15:31:20","guid":{"rendered":"https:\/\/www.latienducagranel.com\/?post_type=product&#038;p=2062"},"modified":"2024-10-25T17:30:41","modified_gmt":"2024-10-25T16:30:41","slug":"cacahuete-tostado-sin-sal","status":"publish","type":"product","link":"https:\/\/www.latienducagranel.com\/index.php\/producto\/cacahuete-tostado-sin-sal\/","title":{"rendered":"Cacahuete tostado sin sal"},"content":{"rendered":"<p>El cacahuete tostado sin sal tambi\u00e9n es conocido como pancho tostado.<\/p>\n<p>En esta elaboraci\u00f3n a los cacahuetes se les hornea sin a\u00f1adirle ning\u00fan ingrediente, resultando un producto saludable donde el propio cacahuete con todo su sabor es el \u00fanico protagonista.<\/p>\n","protected":false},"excerpt":{"rendered":"<p>El cacahuete tostado sin sal tambi\u00e9n es conocido como pancho tostado. En esta elaboraci\u00f3n a los cacahuetes se les hornea sin a\u00f1adirle ning\u00fan ingrediente, resultando un producto saludable donde el propio cacahuete con todo su sabor es el \u00fanico protagonista.<\/p>\n","protected":false},"featured_media":2063,"template":"","meta":{"sfsi_plus_gutenberg_text_before_share":"","sfsi_plus_gutenberg_show_text_before_share":"","sfsi_plus_gutenberg_icon_type":"","sfsi_plus_gutenberg_icon_alignemt":"","sfsi_plus_gutenburg_max_per_row":""},"product_brand":[],"product_cat":[48,34,68],"product_tag":[268,340,339,1199,1100,1101],"class_list":{"0":"post-2062","1":"product","2":"type-product","3":"status-publish","4":"has-post-thumbnail","6":"product_cat-alimentacion","7":"product_cat-frutos-secos","8":"product_cat-frutos-secos-sin-cascara","9":"product_tag-cacahuete","10":"product_tag-cacahuete-sin-sal","11":"product_tag-cacahuete-tostado","12":"product_tag-cacahuete-tostado-sin-sal","13":"product_tag-pancho","14":"product_tag-pancho-tostado","16":"first","17":"instock","18":"taxable","19":"shipping-taxable","20":"purchasable","21":"product-type-simple"},"_links":{"self":[{"href":"https:\/\/www.latienducagranel.com\/index.php\/wp-json\/wp\/v2\/product\/2062","targetHints":{"allow":["GET"]}}],"collection":[{"href":"https:\/\/www.latienducagranel.com\/index.php\/wp-json\/wp\/v2\/product"}],"about":[{"href":"https:\/\/www.latienducagranel.com\/index.php\/wp-json\/wp\/v2\/types\/product"}],"wp:featuredmedia":[{"embeddable":true,"href":"https:\/\/www.latienducagranel.com\/index.php\/wp-json\/wp\/v2\/media\/2063"}],"wp:attachment":[{"href":"https:\/\/www.latienducagranel.com\/index.php\/wp-json\/wp\/v2\/media?parent=2062"}],"wp:term":[{"taxonomy":"product_brand","embeddable":true,"href":"https:\/\/www.latienducagranel.com\/index.php\/wp-json\/wp\/v2\/product_brand?post=2062"},{"taxonomy":"product_cat","embeddable":true,"href":"https:\/\/www.latienducagranel.com\/index.php\/wp-json\/wp\/v2\/product_cat?post=2062"},{"taxonomy":"product_tag","embeddable":true,"href":"https:\/\/www.latienducagranel.com\/index.php\/wp-json\/wp\/v2\/product_tag?post=2062"}],"curies":[{"name":"wp","href":"https:\/\/api.w.org\/{rel}","templated":true}]}}