{"id":203,"date":"2020-11-19T17:19:55","date_gmt":"2020-11-19T17:19:55","guid":{"rendered":"https:\/\/www.latienducagranel.com\/?post_type=product&#038;p=203"},"modified":"2022-11-10T10:00:51","modified_gmt":"2022-11-10T10:00:51","slug":"mostaza-amarilla-molida","status":"publish","type":"product","link":"https:\/\/www.latienducagranel.com\/index.php\/producto\/mostaza-amarilla-molida\/","title":{"rendered":"Mostaza amarilla molida"},"content":{"rendered":"<p>Mostaza amarilla molida: La mostaza amarilla (<em>Brassica hirta) <\/em>se cultiva por todo el mundo por sus codiciadas semillas de mostaza.<\/p>\n<p>La mostaza\u00a0molida se utiliza acompa\u00f1ar carnes rojas, salchichas, perritos calientes, salsas (vinagretas, mayonesas&#8230;),etc.<\/p>\n<p>Es el ingrediente b\u00e1sico en las mostazas francesas (Dijon, Borgo\u00f1a), inglesas (es m\u00e1s clara y picante) y alemanas (m\u00e1s oscuras y m\u00e1s suaves).<\/p>\n","protected":false},"excerpt":{"rendered":"<p>Mostaza amarilla molida: La mostaza amarilla (Brassica hirta) se cultiva por todo el mundo por sus codiciadas semillas de mostaza. La mostaza\u00a0molida se utiliza acompa\u00f1ar carnes rojas, salchichas, perritos calientes, salsas (vinagretas, mayonesas&#8230;),etc. Es el ingrediente b\u00e1sico en las mostazas francesas (Dijon, Borgo\u00f1a), inglesas (es&nbsp;&#8230; [Leer m\u00e1s]<\/p>\n","protected":false},"featured_media":204,"template":"","meta":{"sfsi_plus_gutenberg_text_before_share":"","sfsi_plus_gutenberg_show_text_before_share":"","sfsi_plus_gutenberg_icon_type":"","sfsi_plus_gutenberg_icon_alignemt":"","sfsi_plus_gutenburg_max_per_row":""},"product_brand":[],"product_cat":[48,20],"product_tag":[968,970,971,969],"class_list":{"0":"post-203","1":"product","2":"type-product","3":"status-publish","4":"has-post-thumbnail","6":"product_cat-alimentacion","7":"product_cat-hierbas-especias-y-condimentos","8":"product_tag-mostaza","9":"product_tag-mostaza-amarilla","10":"product_tag-mostaza-amarilla-molida","11":"product_tag-mostaza-molida","13":"first","14":"instock","15":"taxable","16":"shipping-taxable","17":"purchasable","18":"product-type-simple"},"_links":{"self":[{"href":"https:\/\/www.latienducagranel.com\/index.php\/wp-json\/wp\/v2\/product\/203","targetHints":{"allow":["GET"]}}],"collection":[{"href":"https:\/\/www.latienducagranel.com\/index.php\/wp-json\/wp\/v2\/product"}],"about":[{"href":"https:\/\/www.latienducagranel.com\/index.php\/wp-json\/wp\/v2\/types\/product"}],"wp:featuredmedia":[{"embeddable":true,"href":"https:\/\/www.latienducagranel.com\/index.php\/wp-json\/wp\/v2\/media\/204"}],"wp:attachment":[{"href":"https:\/\/www.latienducagranel.com\/index.php\/wp-json\/wp\/v2\/media?parent=203"}],"wp:term":[{"taxonomy":"product_brand","embeddable":true,"href":"https:\/\/www.latienducagranel.com\/index.php\/wp-json\/wp\/v2\/product_brand?post=203"},{"taxonomy":"product_cat","embeddable":true,"href":"https:\/\/www.latienducagranel.com\/index.php\/wp-json\/wp\/v2\/product_cat?post=203"},{"taxonomy":"product_tag","embeddable":true,"href":"https:\/\/www.latienducagranel.com\/index.php\/wp-json\/wp\/v2\/product_tag?post=203"}],"curies":[{"name":"wp","href":"https:\/\/api.w.org\/{rel}","templated":true}]}}