{"id":2023,"date":"2022-04-01T11:21:22","date_gmt":"2022-04-01T11:21:22","guid":{"rendered":"https:\/\/www.latienducagranel.com\/?post_type=product&#038;p=2023"},"modified":"2024-05-28T12:52:16","modified_gmt":"2024-05-28T11:52:16","slug":"miel-multifloral-de-montana-eco","status":"publish","type":"product","link":"https:\/\/www.latienducagranel.com\/index.php\/producto\/miel-multifloral-de-montana-eco\/","title":{"rendered":"Miel multifloral de monta\u00f1a ECO"},"content":{"rendered":"<p>Miel multifloral de monta\u00f1a ECO: Es de color \u00e1mbar-oscuro, es antis\u00e9ptica y est\u00e1 recomendada para resfriados y bronquitis. Es \u00fatil para combatir la astenia nerviosa y la fatiga.<\/p>\n","protected":false},"excerpt":{"rendered":"<p>Miel multifloral de monta\u00f1a ECO: Es de color \u00e1mbar-oscuro, es antis\u00e9ptica y est\u00e1 recomendada para resfriados y bronquitis. Es \u00fatil para combatir la astenia nerviosa y la fatiga.<\/p>\n","protected":false},"featured_media":2024,"template":"","meta":{"sfsi_plus_gutenberg_text_before_share":"","sfsi_plus_gutenberg_show_text_before_share":"","sfsi_plus_gutenberg_icon_type":"","sfsi_plus_gutenberg_icon_alignemt":"","sfsi_plus_gutenburg_max_per_row":""},"product_brand":[],"product_cat":[48,46],"product_tag":[475,477,1046,1047,1048,476],"class_list":{"0":"post-2023","1":"product","2":"type-product","3":"status-publish","4":"has-post-thumbnail","6":"product_cat-alimentacion","7":"product_cat-miel","8":"product_tag-miel","9":"product_tag-miel-eco","10":"product_tag-miel-multifloral","11":"product_tag-miel-multifloral-de-montana","12":"product_tag-miel-multifloral-de-montana-eco","13":"product_tag-miel-natural","15":"first","16":"outofstock","17":"taxable","18":"shipping-taxable","19":"purchasable","20":"product-type-simple"},"_links":{"self":[{"href":"https:\/\/www.latienducagranel.com\/index.php\/wp-json\/wp\/v2\/product\/2023","targetHints":{"allow":["GET"]}}],"collection":[{"href":"https:\/\/www.latienducagranel.com\/index.php\/wp-json\/wp\/v2\/product"}],"about":[{"href":"https:\/\/www.latienducagranel.com\/index.php\/wp-json\/wp\/v2\/types\/product"}],"wp:featuredmedia":[{"embeddable":true,"href":"https:\/\/www.latienducagranel.com\/index.php\/wp-json\/wp\/v2\/media\/2024"}],"wp:attachment":[{"href":"https:\/\/www.latienducagranel.com\/index.php\/wp-json\/wp\/v2\/media?parent=2023"}],"wp:term":[{"taxonomy":"product_brand","embeddable":true,"href":"https:\/\/www.latienducagranel.com\/index.php\/wp-json\/wp\/v2\/product_brand?post=2023"},{"taxonomy":"product_cat","embeddable":true,"href":"https:\/\/www.latienducagranel.com\/index.php\/wp-json\/wp\/v2\/product_cat?post=2023"},{"taxonomy":"product_tag","embeddable":true,"href":"https:\/\/www.latienducagranel.com\/index.php\/wp-json\/wp\/v2\/product_tag?post=2023"}],"curies":[{"name":"wp","href":"https:\/\/api.w.org\/{rel}","templated":true}]}}