{"id":197,"date":"2020-11-19T17:15:31","date_gmt":"2020-11-19T16:15:31","guid":{"rendered":"https:\/\/www.latienducagranel.com\/?post_type=product&#038;p=197"},"modified":"2026-01-21T19:13:11","modified_gmt":"2026-01-21T18:13:11","slug":"manzanilla-dulce","status":"publish","type":"product","link":"https:\/\/www.latienducagranel.com\/index.php\/producto\/manzanilla-dulce\/","title":{"rendered":"Manzanilla dulce"},"content":{"rendered":"<div id=\"short_description_block\">\n<div id=\"short_description_content\" class=\"rte align_justify\">\n<p>La manzanilla dulce<em> (Matricaria chamomilla)\u00a0<\/em>es la que se usa tradicionalmente en Espa\u00f1a.<\/p>\n<p>Es una\u00a0planta herb\u00e1cea\u00a0anual\u00a0de la\u00a0familia\u00a0de las\u00a0Aster\u00e1ceas; nativa de la regi\u00f3n de los Balcanes, desde donde se difundi\u00f3 hacia Europa.<\/p>\n<p>Mayormente, la manzanilla dulce se consume en forma de infusi\u00f3n, la cual presenta un agradable sabor y se puede beber de tres a cuatro veces al d\u00eda entre las comidas.<\/p>\n<\/div>\n<\/div>\n","protected":false},"excerpt":{"rendered":"<p>La manzanilla dulce (Matricaria chamomilla)\u00a0es la que se usa tradicionalmente en Espa\u00f1a. Es una\u00a0planta herb\u00e1cea\u00a0anual\u00a0de la\u00a0familia\u00a0de las\u00a0Aster\u00e1ceas; nativa de la regi\u00f3n de los Balcanes, desde donde se difundi\u00f3 hacia Europa. Mayormente, la manzanilla dulce se consume en forma de infusi\u00f3n, la cual presenta un agradable&nbsp;&#8230; [Leer m\u00e1s]<\/p>\n","protected":false},"featured_media":198,"template":"","meta":{"sfsi_plus_gutenberg_text_before_share":"","sfsi_plus_gutenberg_show_text_before_share":"","sfsi_plus_gutenberg_icon_type":"","sfsi_plus_gutenberg_icon_alignemt":"","sfsi_plus_gutenburg_max_per_row":""},"product_brand":[],"product_cat":[48,20],"product_tag":[975,974,976],"class_list":{"0":"post-197","1":"product","2":"type-product","3":"status-publish","4":"has-post-thumbnail","6":"product_cat-alimentacion","7":"product_cat-hierbas-especias-y-condimentos","8":"product_tag-manzanilla","9":"product_tag-manzanilla-dulce","10":"product_tag-manzanilla-flor","12":"first","13":"instock","14":"taxable","15":"shipping-taxable","16":"purchasable","17":"product-type-simple"},"_links":{"self":[{"href":"https:\/\/www.latienducagranel.com\/index.php\/wp-json\/wp\/v2\/product\/197","targetHints":{"allow":["GET"]}}],"collection":[{"href":"https:\/\/www.latienducagranel.com\/index.php\/wp-json\/wp\/v2\/product"}],"about":[{"href":"https:\/\/www.latienducagranel.com\/index.php\/wp-json\/wp\/v2\/types\/product"}],"wp:featuredmedia":[{"embeddable":true,"href":"https:\/\/www.latienducagranel.com\/index.php\/wp-json\/wp\/v2\/media\/198"}],"wp:attachment":[{"href":"https:\/\/www.latienducagranel.com\/index.php\/wp-json\/wp\/v2\/media?parent=197"}],"wp:term":[{"taxonomy":"product_brand","embeddable":true,"href":"https:\/\/www.latienducagranel.com\/index.php\/wp-json\/wp\/v2\/product_brand?post=197"},{"taxonomy":"product_cat","embeddable":true,"href":"https:\/\/www.latienducagranel.com\/index.php\/wp-json\/wp\/v2\/product_cat?post=197"},{"taxonomy":"product_tag","embeddable":true,"href":"https:\/\/www.latienducagranel.com\/index.php\/wp-json\/wp\/v2\/product_tag?post=197"}],"curies":[{"name":"wp","href":"https:\/\/api.w.org\/{rel}","templated":true}]}}