{"id":186,"date":"2020-11-19T16:35:22","date_gmt":"2020-11-19T16:35:22","guid":{"rendered":"https:\/\/www.latienducagranel.com\/?post_type=product&#038;p=186"},"modified":"2024-05-03T18:02:21","modified_gmt":"2024-05-03T17:02:21","slug":"hinojo-semillas","status":"publish","type":"product","link":"https:\/\/www.latienducagranel.com\/index.php\/producto\/hinojo-semillas\/","title":{"rendered":"Hinojo semillas"},"content":{"rendered":"<p>Hinojo semillas: Planta de hinojo<span lang=\"ES-TRAD\">(<\/span><span lang=\"ES-TRAD\"><em>Foenicum vulgare<\/em>)<\/span>\u00a0troceada,\u00a0ideal para aromatizar y dar sabor a tus recetas.<\/p>\n<p>Este producto presenta un sabor caracter\u00edstico y un intenso aroma anisado.<\/p>\n<div class=\"rte\">\n<p>Si comparamos el sabor de las semillas de hinojo con las de an\u00eds, podemos constatar que estas son m\u00e1s suaves y arom\u00e1ticas. Se puede potenciar su sabor si se tuestan durante unos\u00a0segundos en una sart\u00e9n sin aceite.<\/p>\n<p>Inspir\u00e1ndonos en la cocina italiana,\u00a0se puede agregar una cucharada de semillas de hinojo machacadas en la preparaci\u00f3n de\u00a0salsas de tomate y de sofritos.<\/p>\n<p>Tambi\u00e9n pueden darle un punto dulz\u00f3n y agradable a\u00a0las tortillas francesas.<\/p>\n<p>Otra opci\u00f3n en cuanto a su uso es agregar las semillas ligeramente tostadas en el amasado del pan o\u00a0 ponerlas por encima de la masa antes de meterla al horno para que crear una cobertura crujiente y dulzona.<\/p>\n<p>Pero donde sin duda las semillas de hinojo pueden ser de m\u00e1s provecho en la cocina diaria es como acompa\u00f1antes en la cocci\u00f3n de todo tipo de legumbres, ya que favorecen a contrarrestar los efectos indigestos que pueden provocar algunas legumbres, como los garbanzos y las jud\u00edas por ejemplo.<\/p>\n<\/div>\n","protected":false},"excerpt":{"rendered":"<p>Hinojo semillas: Planta de hinojo(Foenicum vulgare)\u00a0troceada,\u00a0ideal para aromatizar y dar sabor a tus recetas. Este producto presenta un sabor caracter\u00edstico y un intenso aroma anisado. Si comparamos el sabor de las semillas de hinojo con las de an\u00eds, podemos constatar que estas son m\u00e1s suaves&nbsp;&#8230; [Leer m\u00e1s]<\/p>\n","protected":false},"featured_media":187,"template":"","meta":{"sfsi_plus_gutenberg_text_before_share":"","sfsi_plus_gutenberg_show_text_before_share":"","sfsi_plus_gutenberg_icon_type":"","sfsi_plus_gutenberg_icon_alignemt":"","sfsi_plus_gutenburg_max_per_row":""},"product_brand":[],"product_cat":[48,20],"product_tag":[],"class_list":{"0":"post-186","1":"product","2":"type-product","3":"status-publish","4":"has-post-thumbnail","6":"product_cat-alimentacion","7":"product_cat-hierbas-especias-y-condimentos","9":"first","10":"instock","11":"taxable","12":"shipping-taxable","13":"purchasable","14":"product-type-simple"},"_links":{"self":[{"href":"https:\/\/www.latienducagranel.com\/index.php\/wp-json\/wp\/v2\/product\/186","targetHints":{"allow":["GET"]}}],"collection":[{"href":"https:\/\/www.latienducagranel.com\/index.php\/wp-json\/wp\/v2\/product"}],"about":[{"href":"https:\/\/www.latienducagranel.com\/index.php\/wp-json\/wp\/v2\/types\/product"}],"wp:featuredmedia":[{"embeddable":true,"href":"https:\/\/www.latienducagranel.com\/index.php\/wp-json\/wp\/v2\/media\/187"}],"wp:attachment":[{"href":"https:\/\/www.latienducagranel.com\/index.php\/wp-json\/wp\/v2\/media?parent=186"}],"wp:term":[{"taxonomy":"product_brand","embeddable":true,"href":"https:\/\/www.latienducagranel.com\/index.php\/wp-json\/wp\/v2\/product_brand?post=186"},{"taxonomy":"product_cat","embeddable":true,"href":"https:\/\/www.latienducagranel.com\/index.php\/wp-json\/wp\/v2\/product_cat?post=186"},{"taxonomy":"product_tag","embeddable":true,"href":"https:\/\/www.latienducagranel.com\/index.php\/wp-json\/wp\/v2\/product_tag?post=186"}],"curies":[{"name":"wp","href":"https:\/\/api.w.org\/{rel}","templated":true}]}}