{"id":184,"date":"2020-11-19T16:33:59","date_gmt":"2020-11-19T16:33:59","guid":{"rendered":"https:\/\/www.latienducagranel.com\/?post_type=product&#038;p=184"},"modified":"2022-11-10T09:55:58","modified_gmt":"2022-11-10T09:55:58","slug":"hierbabuena","status":"publish","type":"product","link":"https:\/\/www.latienducagranel.com\/index.php\/producto\/hierbabuena\/","title":{"rendered":"Hierbabuena"},"content":{"rendered":"<div id=\"short_description_content\" class=\"rte align_justify\">\n<p>La\u00a0hierbabuena\u00a0o\u00a0yerbabuena\u00a0(<em>Mentha<\/em>\u00a0spicata)\u00a0es una\u00a0hierba arom\u00e1tica\u00a0muy empleada en\u00a0gastronom\u00eda\u00a0y\u00a0perfumer\u00eda\u00a0por su aroma intenso y fresco.<\/p>\n<p>Es un producto muy vers\u00e1til en la cocina; se utiliza para condimentar carne, pescado, salsas, sopas, postres&#8230;<\/p>\n<p>Es muy frecuente su consumo en forma de infusi\u00f3n; como el t\u00e9 moruno (t\u00e9 con hierbabuena).<\/p>\n<\/div>\n","protected":false},"excerpt":{"rendered":"<p>La\u00a0hierbabuena\u00a0o\u00a0yerbabuena\u00a0(Mentha\u00a0spicata)\u00a0es una\u00a0hierba arom\u00e1tica\u00a0muy empleada en\u00a0gastronom\u00eda\u00a0y\u00a0perfumer\u00eda\u00a0por su aroma intenso y fresco. Es un producto muy vers\u00e1til en la cocina; se utiliza para condimentar carne, pescado, salsas, sopas, postres&#8230; Es muy frecuente su consumo en forma de infusi\u00f3n; como el t\u00e9 moruno (t\u00e9 con hierbabuena).<\/p>\n","protected":false},"featured_media":185,"template":"","meta":{"sfsi_plus_gutenberg_text_before_share":"","sfsi_plus_gutenberg_show_text_before_share":"","sfsi_plus_gutenberg_icon_type":"","sfsi_plus_gutenberg_icon_alignemt":"","sfsi_plus_gutenburg_max_per_row":""},"product_brand":[],"product_cat":[48,20],"product_tag":[984,985],"class_list":{"0":"post-184","1":"product","2":"type-product","3":"status-publish","4":"has-post-thumbnail","6":"product_cat-alimentacion","7":"product_cat-hierbas-especias-y-condimentos","8":"product_tag-hierbabuena","9":"product_tag-yerbabuena","11":"first","12":"instock","13":"taxable","14":"shipping-taxable","15":"purchasable","16":"product-type-simple"},"_links":{"self":[{"href":"https:\/\/www.latienducagranel.com\/index.php\/wp-json\/wp\/v2\/product\/184","targetHints":{"allow":["GET"]}}],"collection":[{"href":"https:\/\/www.latienducagranel.com\/index.php\/wp-json\/wp\/v2\/product"}],"about":[{"href":"https:\/\/www.latienducagranel.com\/index.php\/wp-json\/wp\/v2\/types\/product"}],"wp:featuredmedia":[{"embeddable":true,"href":"https:\/\/www.latienducagranel.com\/index.php\/wp-json\/wp\/v2\/media\/185"}],"wp:attachment":[{"href":"https:\/\/www.latienducagranel.com\/index.php\/wp-json\/wp\/v2\/media?parent=184"}],"wp:term":[{"taxonomy":"product_brand","embeddable":true,"href":"https:\/\/www.latienducagranel.com\/index.php\/wp-json\/wp\/v2\/product_brand?post=184"},{"taxonomy":"product_cat","embeddable":true,"href":"https:\/\/www.latienducagranel.com\/index.php\/wp-json\/wp\/v2\/product_cat?post=184"},{"taxonomy":"product_tag","embeddable":true,"href":"https:\/\/www.latienducagranel.com\/index.php\/wp-json\/wp\/v2\/product_tag?post=184"}],"curies":[{"name":"wp","href":"https:\/\/api.w.org\/{rel}","templated":true}]}}