{"id":180,"date":"2020-11-19T16:30:40","date_gmt":"2020-11-19T16:30:40","guid":{"rendered":"https:\/\/www.latienducagranel.com\/?post_type=product&#038;p=180"},"modified":"2022-03-30T17:07:43","modified_gmt":"2022-03-30T17:07:43","slug":"condimento-de-pollo","status":"publish","type":"product","link":"https:\/\/www.latienducagranel.com\/index.php\/producto\/condimento-de-pollo\/","title":{"rendered":"Condimento de pollo"},"content":{"rendered":"<p>Mezcla de especias arom\u00e1tica y sabrosa especialmente elaborada para condimentar pollo.<\/p>\n<p>Ingredientes<strong>:<\/strong> Sal fina, ajo granulado, \u00a0pimienta blanca, pimienta negra, tomillo hoja, comino molido, nuez moscada, or\u00e9gano hoja, harina de ma\u00edz y c\u00e1scara de pimienta<\/p>\n<p>AL\u00c9RGENOS<strong>:<\/strong>\u00a0Sulfitos. Pueden aparecer de forma natural en el ajo.<\/p>\n","protected":false},"excerpt":{"rendered":"<p>Mezcla de especias arom\u00e1tica y sabrosa especialmente elaborada para condimentar pollo. Ingredientes: Sal fina, ajo granulado, \u00a0pimienta blanca, pimienta negra, tomillo hoja, comino molido, nuez moscada, or\u00e9gano hoja, harina de ma\u00edz y c\u00e1scara de pimienta AL\u00c9RGENOS:\u00a0Sulfitos. Pueden aparecer de forma natural en el ajo.<\/p>\n","protected":false},"featured_media":181,"template":"","meta":{"sfsi_plus_gutenberg_text_before_share":"","sfsi_plus_gutenberg_show_text_before_share":"","sfsi_plus_gutenberg_icon_type":"","sfsi_plus_gutenberg_icon_alignemt":"","sfsi_plus_gutenburg_max_per_row":""},"product_brand":[],"product_cat":[48,20],"product_tag":[987],"class_list":{"0":"post-180","1":"product","2":"type-product","3":"status-publish","4":"has-post-thumbnail","6":"product_cat-alimentacion","7":"product_cat-hierbas-especias-y-condimentos","8":"product_tag-condimento-de-pollo","10":"first","11":"instock","12":"taxable","13":"shipping-taxable","14":"purchasable","15":"product-type-simple"},"_links":{"self":[{"href":"https:\/\/www.latienducagranel.com\/index.php\/wp-json\/wp\/v2\/product\/180","targetHints":{"allow":["GET"]}}],"collection":[{"href":"https:\/\/www.latienducagranel.com\/index.php\/wp-json\/wp\/v2\/product"}],"about":[{"href":"https:\/\/www.latienducagranel.com\/index.php\/wp-json\/wp\/v2\/types\/product"}],"wp:featuredmedia":[{"embeddable":true,"href":"https:\/\/www.latienducagranel.com\/index.php\/wp-json\/wp\/v2\/media\/181"}],"wp:attachment":[{"href":"https:\/\/www.latienducagranel.com\/index.php\/wp-json\/wp\/v2\/media?parent=180"}],"wp:term":[{"taxonomy":"product_brand","embeddable":true,"href":"https:\/\/www.latienducagranel.com\/index.php\/wp-json\/wp\/v2\/product_brand?post=180"},{"taxonomy":"product_cat","embeddable":true,"href":"https:\/\/www.latienducagranel.com\/index.php\/wp-json\/wp\/v2\/product_cat?post=180"},{"taxonomy":"product_tag","embeddable":true,"href":"https:\/\/www.latienducagranel.com\/index.php\/wp-json\/wp\/v2\/product_tag?post=180"}],"curies":[{"name":"wp","href":"https:\/\/api.w.org\/{rel}","templated":true}]}}