{"id":1762,"date":"2022-03-07T18:19:41","date_gmt":"2022-03-07T18:19:41","guid":{"rendered":"https:\/\/www.latienducagranel.com\/?post_type=product&#038;p=1762"},"modified":"2026-01-24T12:56:40","modified_gmt":"2026-01-24T11:56:40","slug":"psyllium-panificable-eco","status":"publish","type":"product","link":"https:\/\/www.latienducagranel.com\/index.php\/producto\/psyllium-panificable-eco\/","title":{"rendered":"Psyllium panificable ECO"},"content":{"rendered":"<p>Psyllium panificable ECO: C\u00e1scara de semilla de psyllium (<em>Plantago ovata<\/em>) procedente\u00a0 de cultivo\u00a0 ecol\u00f3gico. Psyllium husk.<\/p>\n<p>Se trata de psyllium panificable eco sin gluten, l\u00e1cteos y derivados, az\u00facar a\u00f1adido, colorantes, saborizantes ni conservantes a\u00f1adidos. Sin grasas trans ni hormonas, es un producto no OGM. Adem\u00e1s es un producto sin al\u00e9rgenos.<\/p>\n","protected":false},"excerpt":{"rendered":"<p>Psyllium panificable ECO: C\u00e1scara de semilla de psyllium (Plantago ovata) procedente\u00a0 de cultivo\u00a0 ecol\u00f3gico. Psyllium husk. Se trata de psyllium panificable eco sin gluten, l\u00e1cteos y derivados, az\u00facar a\u00f1adido, colorantes, saborizantes ni conservantes a\u00f1adidos. Sin grasas trans ni hormonas, es un producto no OGM. Adem\u00e1s&nbsp;&#8230; [Leer m\u00e1s]<\/p>\n","protected":false},"featured_media":1763,"template":"","meta":{"sfsi_plus_gutenberg_text_before_share":"","sfsi_plus_gutenberg_show_text_before_share":"","sfsi_plus_gutenberg_icon_type":"","sfsi_plus_gutenberg_icon_alignemt":"","sfsi_plus_gutenburg_max_per_row":""},"product_brand":[],"product_cat":[48,55,50,27],"product_tag":[561,563,562,564],"class_list":{"0":"post-1762","1":"product","2":"type-product","3":"status-publish","4":"has-post-thumbnail","6":"product_cat-alimentacion","7":"product_cat-alimentacion-ecolgica","8":"product_cat-productos-ecologicos","9":"product_cat-semillas","10":"product_tag-psyllium","11":"product_tag-psyllium-eco","12":"product_tag-psyllium-panificabel","13":"product_tag-psyllium-panificable-eco","15":"first","16":"instock","17":"taxable","18":"shipping-taxable","19":"purchasable","20":"product-type-simple"},"_links":{"self":[{"href":"https:\/\/www.latienducagranel.com\/index.php\/wp-json\/wp\/v2\/product\/1762","targetHints":{"allow":["GET"]}}],"collection":[{"href":"https:\/\/www.latienducagranel.com\/index.php\/wp-json\/wp\/v2\/product"}],"about":[{"href":"https:\/\/www.latienducagranel.com\/index.php\/wp-json\/wp\/v2\/types\/product"}],"wp:featuredmedia":[{"embeddable":true,"href":"https:\/\/www.latienducagranel.com\/index.php\/wp-json\/wp\/v2\/media\/1763"}],"wp:attachment":[{"href":"https:\/\/www.latienducagranel.com\/index.php\/wp-json\/wp\/v2\/media?parent=1762"}],"wp:term":[{"taxonomy":"product_brand","embeddable":true,"href":"https:\/\/www.latienducagranel.com\/index.php\/wp-json\/wp\/v2\/product_brand?post=1762"},{"taxonomy":"product_cat","embeddable":true,"href":"https:\/\/www.latienducagranel.com\/index.php\/wp-json\/wp\/v2\/product_cat?post=1762"},{"taxonomy":"product_tag","embeddable":true,"href":"https:\/\/www.latienducagranel.com\/index.php\/wp-json\/wp\/v2\/product_tag?post=1762"}],"curies":[{"name":"wp","href":"https:\/\/api.w.org\/{rel}","templated":true}]}}