{"id":1747,"date":"2022-02-17T12:41:24","date_gmt":"2022-02-17T12:41:24","guid":{"rendered":"https:\/\/www.latienducagranel.com\/?post_type=product&#038;p=1747"},"modified":"2024-10-18T12:09:18","modified_gmt":"2024-10-18T11:09:18","slug":"azucar-blanco-eco","status":"publish","type":"product","link":"https:\/\/www.latienducagranel.com\/index.php\/producto\/azucar-blanco-eco\/","title":{"rendered":"Az\u00facar blanco ECO"},"content":{"rendered":"<p>El az\u00facar blanco ECO son cristales de az\u00facar blanco de ca\u00f1a procedentes de agricultura ecol\u00f3gica.<\/p>\n","protected":false},"excerpt":{"rendered":"<p>El az\u00facar blanco ECO son cristales de az\u00facar blanco de ca\u00f1a procedentes de agricultura ecol\u00f3gica.<\/p>\n","protected":false},"featured_media":1748,"template":"","meta":{"sfsi_plus_gutenberg_text_before_share":"","sfsi_plus_gutenberg_show_text_before_share":"","sfsi_plus_gutenberg_icon_type":"","sfsi_plus_gutenberg_icon_alignemt":"","sfsi_plus_gutenburg_max_per_row":""},"product_brand":[],"product_cat":[48,55,52,50],"product_tag":[104,100,103,105,101,102],"class_list":{"0":"post-1747","1":"product","2":"type-product","3":"status-publish","4":"has-post-thumbnail","6":"product_cat-alimentacion","7":"product_cat-alimentacion-ecolgica","8":"product_cat-azucares","9":"product_cat-productos-ecologicos","10":"product_tag-azucar","11":"product_tag-azucar-blanco","12":"product_tag-azucar-blanco-de-cana","13":"product_tag-azucar-blanco-de-cana-eco","14":"product_tag-azucar-de-cana","15":"product_tag-azucar-eco","17":"first","18":"instock","19":"taxable","20":"shipping-taxable","21":"purchasable","22":"product-type-simple"},"_links":{"self":[{"href":"https:\/\/www.latienducagranel.com\/index.php\/wp-json\/wp\/v2\/product\/1747","targetHints":{"allow":["GET"]}}],"collection":[{"href":"https:\/\/www.latienducagranel.com\/index.php\/wp-json\/wp\/v2\/product"}],"about":[{"href":"https:\/\/www.latienducagranel.com\/index.php\/wp-json\/wp\/v2\/types\/product"}],"wp:featuredmedia":[{"embeddable":true,"href":"https:\/\/www.latienducagranel.com\/index.php\/wp-json\/wp\/v2\/media\/1748"}],"wp:attachment":[{"href":"https:\/\/www.latienducagranel.com\/index.php\/wp-json\/wp\/v2\/media?parent=1747"}],"wp:term":[{"taxonomy":"product_brand","embeddable":true,"href":"https:\/\/www.latienducagranel.com\/index.php\/wp-json\/wp\/v2\/product_brand?post=1747"},{"taxonomy":"product_cat","embeddable":true,"href":"https:\/\/www.latienducagranel.com\/index.php\/wp-json\/wp\/v2\/product_cat?post=1747"},{"taxonomy":"product_tag","embeddable":true,"href":"https:\/\/www.latienducagranel.com\/index.php\/wp-json\/wp\/v2\/product_tag?post=1747"}],"curies":[{"name":"wp","href":"https:\/\/api.w.org\/{rel}","templated":true}]}}