{"id":1745,"date":"2022-02-17T11:17:15","date_gmt":"2022-02-17T11:17:15","guid":{"rendered":"https:\/\/www.latienducagranel.com\/?post_type=product&#038;p=1745"},"modified":"2025-04-10T16:54:34","modified_gmt":"2025-04-10T15:54:34","slug":"lenteja-amarilla-pelada","status":"publish","type":"product","link":"https:\/\/www.latienducagranel.com\/index.php\/producto\/lenteja-amarilla-pelada\/","title":{"rendered":"Lenteja amarilla pelada"},"content":{"rendered":"<p>La lenteja amarilla pelada es la lenteja castellana sin piel. Es una lenteja muy valorada por su alto contenido en hidratos de carbono, prote\u00ednas vegetales, fibra, vitaminas y minerales. Adem\u00e1s, tienen poco contenido en grasas. Son recomendables para personas con problemas digestivos ya que, al estar peladas, facilitan la digesti\u00f3n. Esta lenteja no requiere remojo y es de cocci\u00f3n muy r\u00e1pida. Se suele utilizar para sopas, cremas, pur\u00e9s, ensaladas, alb\u00f3ndigas o hamburguesas vegetales, rellenos vegetales, pat\u00e9s de legumbres, etc.<\/p>\n","protected":false},"excerpt":{"rendered":"<p>La lenteja amarilla pelada es la lenteja castellana sin piel. Es una lenteja muy valorada por su alto contenido en hidratos de carbono, prote\u00ednas vegetales, fibra, vitaminas y minerales. Adem\u00e1s, tienen poco contenido en grasas. Son recomendables para personas con problemas digestivos ya que, al&nbsp;&#8230; [Leer m\u00e1s]<\/p>\n","protected":false},"featured_media":1746,"template":"","meta":{"sfsi_plus_gutenberg_text_before_share":"","sfsi_plus_gutenberg_show_text_before_share":"","sfsi_plus_gutenberg_icon_type":"","sfsi_plus_gutenberg_icon_alignemt":"","sfsi_plus_gutenburg_max_per_row":""},"product_brand":[],"product_cat":[48,21,22],"product_tag":[403,399,401,402,400],"class_list":{"0":"post-1745","1":"product","2":"type-product","3":"status-publish","4":"has-post-thumbnail","6":"product_cat-alimentacion","7":"product_cat-legumbres","8":"product_cat-lentejas","9":"product_tag-legumbres","10":"product_tag-lenteja","11":"product_tag-lenteja-amarilla","12":"product_tag-lenteja-pelada","13":"product_tag-lentejas","15":"first","16":"instock","17":"taxable","18":"shipping-taxable","19":"purchasable","20":"product-type-simple"},"_links":{"self":[{"href":"https:\/\/www.latienducagranel.com\/index.php\/wp-json\/wp\/v2\/product\/1745","targetHints":{"allow":["GET"]}}],"collection":[{"href":"https:\/\/www.latienducagranel.com\/index.php\/wp-json\/wp\/v2\/product"}],"about":[{"href":"https:\/\/www.latienducagranel.com\/index.php\/wp-json\/wp\/v2\/types\/product"}],"wp:featuredmedia":[{"embeddable":true,"href":"https:\/\/www.latienducagranel.com\/index.php\/wp-json\/wp\/v2\/media\/1746"}],"wp:attachment":[{"href":"https:\/\/www.latienducagranel.com\/index.php\/wp-json\/wp\/v2\/media?parent=1745"}],"wp:term":[{"taxonomy":"product_brand","embeddable":true,"href":"https:\/\/www.latienducagranel.com\/index.php\/wp-json\/wp\/v2\/product_brand?post=1745"},{"taxonomy":"product_cat","embeddable":true,"href":"https:\/\/www.latienducagranel.com\/index.php\/wp-json\/wp\/v2\/product_cat?post=1745"},{"taxonomy":"product_tag","embeddable":true,"href":"https:\/\/www.latienducagranel.com\/index.php\/wp-json\/wp\/v2\/product_tag?post=1745"}],"curies":[{"name":"wp","href":"https:\/\/api.w.org\/{rel}","templated":true}]}}