{"id":1737,"date":"2022-02-12T13:23:09","date_gmt":"2022-02-12T13:23:09","guid":{"rendered":"https:\/\/www.latienducagranel.com\/?post_type=product&#038;p=1737"},"modified":"2025-01-16T18:30:08","modified_gmt":"2025-01-16T17:30:08","slug":"levadura-nutricional-eco","status":"publish","type":"product","link":"https:\/\/www.latienducagranel.com\/index.php\/producto\/levadura-nutricional-eco\/","title":{"rendered":"Levadura nutricional eco"},"content":{"rendered":"<p>La levadura nutricional eco es una levadura nutricional en copos y de producci\u00f3n ecol\u00f3gica.<\/p>\n<p>Copos con sabor que recuerda al queso parmesano. Se obtiene de la fermentaci\u00f3n y pasteurizaci\u00f3n de la melaza de az\u00facar de ca\u00f1a o de remolacha. Es una fuente de prote\u00edna vegetal y aporta gran cantidad de amino\u00e1cidos esenciales, contiene fibra y vitaminas del grupo B. Regula el colesterol, ayuda a controlar los niveles de az\u00facar en sangre, fortalece el sistema inmunol\u00f3gico y es un gran complemento para deportistas.<\/p>\n<p>Se puede usar como alternativa al queso rallado en pastas, ensaladas o cremas, para sazonar verduras a la plancha o al horno, para hacer mayonesa vegetal u otras salsas, etc&#8230;<\/p>\n","protected":false},"excerpt":{"rendered":"<p>La levadura nutricional eco es una levadura nutricional en copos y de producci\u00f3n ecol\u00f3gica. Copos con sabor que recuerda al queso parmesano. Se obtiene de la fermentaci\u00f3n y pasteurizaci\u00f3n de la melaza de az\u00facar de ca\u00f1a o de remolacha. Es una fuente de prote\u00edna vegetal&nbsp;&#8230; [Leer m\u00e1s]<\/p>\n","protected":false},"featured_media":1738,"template":"","meta":{"sfsi_plus_gutenberg_text_before_share":"","sfsi_plus_gutenberg_show_text_before_share":"","sfsi_plus_gutenberg_icon_type":"","sfsi_plus_gutenberg_icon_alignemt":"","sfsi_plus_gutenburg_max_per_row":""},"product_brand":[],"product_cat":[48,20],"product_tag":[837,838,840,839],"class_list":{"0":"post-1737","1":"product","2":"type-product","3":"status-publish","4":"has-post-thumbnail","6":"product_cat-alimentacion","7":"product_cat-hierbas-especias-y-condimentos","8":"product_tag-levadura-nutricional","9":"product_tag-levadura-nutricional-con-b12","10":"product_tag-levadura-nutricional-enriquecida-con-b12","11":"product_tag-levadura-nutricuonal-enriquecida","13":"first","14":"instock","15":"taxable","16":"shipping-taxable","17":"purchasable","18":"product-type-simple"},"_links":{"self":[{"href":"https:\/\/www.latienducagranel.com\/index.php\/wp-json\/wp\/v2\/product\/1737","targetHints":{"allow":["GET"]}}],"collection":[{"href":"https:\/\/www.latienducagranel.com\/index.php\/wp-json\/wp\/v2\/product"}],"about":[{"href":"https:\/\/www.latienducagranel.com\/index.php\/wp-json\/wp\/v2\/types\/product"}],"wp:featuredmedia":[{"embeddable":true,"href":"https:\/\/www.latienducagranel.com\/index.php\/wp-json\/wp\/v2\/media\/1738"}],"wp:attachment":[{"href":"https:\/\/www.latienducagranel.com\/index.php\/wp-json\/wp\/v2\/media?parent=1737"}],"wp:term":[{"taxonomy":"product_brand","embeddable":true,"href":"https:\/\/www.latienducagranel.com\/index.php\/wp-json\/wp\/v2\/product_brand?post=1737"},{"taxonomy":"product_cat","embeddable":true,"href":"https:\/\/www.latienducagranel.com\/index.php\/wp-json\/wp\/v2\/product_cat?post=1737"},{"taxonomy":"product_tag","embeddable":true,"href":"https:\/\/www.latienducagranel.com\/index.php\/wp-json\/wp\/v2\/product_tag?post=1737"}],"curies":[{"name":"wp","href":"https:\/\/api.w.org\/{rel}","templated":true}]}}