{"id":1733,"date":"2022-02-03T18:08:46","date_gmt":"2022-02-03T18:08:46","guid":{"rendered":"https:\/\/www.latienducagranel.com\/?post_type=product&#038;p=1733"},"modified":"2026-04-16T10:11:42","modified_gmt":"2026-04-16T09:11:42","slug":"fideua-de-montana","status":"publish","type":"product","link":"https:\/\/www.latienducagranel.com\/index.php\/producto\/fideua-de-montana\/","title":{"rendered":"Fideu\u00e1 de monta\u00f1a"},"content":{"rendered":"<p class=\"nomapartatprod mida20 fontberlinbgold nomargetop\">El fideu\u00e1 de monta\u00f1a contiene: Fideos e ingredientes deshidratados (mezcla de setas, pimiento verde, pimiento rojo, caldo de pescado, ajo y perejil).<\/p>\n<div class=\"tradeghotic contingutparametrefitxa\">\n<p class=\"tradecontent\">Sin colorantes ni conservantes.<\/p>\n<\/div>\n<div class=\"tradeghotic contingutparametrefitxa\">\n<p class=\"tradecontent\">Preparaci\u00f3n: Sofre\u00edr una cebolla, dorar los fideos y a\u00f1adir agua caliente. Sazonar al gusto.<br \/>\nTiempo de cocci\u00f3n, entre 10 y 12 minutos<\/p>\n<\/div>\n<div class=\"tradeghotic contingutparametrefitxa\">\n<p class=\"tradecontent\">Valor energ\u00e9tico: 1399,96 kJ \/ 334,54 kcal<br \/>\nGrasas totales: 1,51 g<br \/>\nde las cuales saturadas: 0,28 g<br \/>\nHidratos de carbono: 67,45 g<br \/>\nde los cuales az\u00facares: 4,56 g<br \/>\nProte\u00ednas: 13,06 g<br \/>\nSal: 0,10 g<\/p>\n<\/div>\n","protected":false},"excerpt":{"rendered":"<p>El fideu\u00e1 de monta\u00f1a contiene: Fideos e ingredientes deshidratados (mezcla de setas, pimiento verde, pimiento rojo, caldo de pescado, ajo y perejil). Sin colorantes ni conservantes. Preparaci\u00f3n: Sofre\u00edr una cebolla, dorar los fideos y a\u00f1adir agua caliente. Sazonar al gusto. Tiempo de cocci\u00f3n, entre 10&nbsp;&#8230; [Leer m\u00e1s]<\/p>\n","protected":false},"featured_media":1734,"template":"","meta":{"sfsi_plus_gutenberg_text_before_share":"","sfsi_plus_gutenberg_show_text_before_share":"","sfsi_plus_gutenberg_icon_type":"","sfsi_plus_gutenberg_icon_alignemt":"","sfsi_plus_gutenburg_max_per_row":""},"product_brand":[],"product_cat":[48,31,65],"product_tag":[78],"class_list":{"0":"post-1733","1":"product","2":"type-product","3":"status-publish","4":"has-post-thumbnail","6":"product_cat-alimentacion","7":"product_cat-arroz","8":"product_cat-risottos","9":"product_tag-fideua","11":"first","12":"instock","13":"taxable","14":"shipping-taxable","15":"purchasable","16":"product-type-simple"},"_links":{"self":[{"href":"https:\/\/www.latienducagranel.com\/index.php\/wp-json\/wp\/v2\/product\/1733","targetHints":{"allow":["GET"]}}],"collection":[{"href":"https:\/\/www.latienducagranel.com\/index.php\/wp-json\/wp\/v2\/product"}],"about":[{"href":"https:\/\/www.latienducagranel.com\/index.php\/wp-json\/wp\/v2\/types\/product"}],"wp:featuredmedia":[{"embeddable":true,"href":"https:\/\/www.latienducagranel.com\/index.php\/wp-json\/wp\/v2\/media\/1734"}],"wp:attachment":[{"href":"https:\/\/www.latienducagranel.com\/index.php\/wp-json\/wp\/v2\/media?parent=1733"}],"wp:term":[{"taxonomy":"product_brand","embeddable":true,"href":"https:\/\/www.latienducagranel.com\/index.php\/wp-json\/wp\/v2\/product_brand?post=1733"},{"taxonomy":"product_cat","embeddable":true,"href":"https:\/\/www.latienducagranel.com\/index.php\/wp-json\/wp\/v2\/product_cat?post=1733"},{"taxonomy":"product_tag","embeddable":true,"href":"https:\/\/www.latienducagranel.com\/index.php\/wp-json\/wp\/v2\/product_tag?post=1733"}],"curies":[{"name":"wp","href":"https:\/\/api.w.org\/{rel}","templated":true}]}}