{"id":1723,"date":"2022-01-26T16:24:40","date_gmt":"2022-01-26T16:24:40","guid":{"rendered":"https:\/\/www.latienducagranel.com\/?post_type=product&#038;p=1723"},"modified":"2026-02-19T17:42:36","modified_gmt":"2026-02-19T16:42:36","slug":"alubia-arrocina","status":"publish","type":"product","link":"https:\/\/www.latienducagranel.com\/index.php\/producto\/alubia-arrocina\/","title":{"rendered":"Alubia arrocina"},"content":{"rendered":"<p>La alubia arrocina o arrocera es una alubia de color blanco, tama\u00f1o peque\u00f1o y forma ovalada, casi redonda. Piel suave, sabor delicado y textura mantecosa. Tiene un tiempo de cocci\u00f3n corto y resulta muy digestiva.<\/p>\n","protected":false},"excerpt":{"rendered":"<p>La alubia arrocina o arrocera es una alubia de color blanco, tama\u00f1o peque\u00f1o y forma ovalada, casi redonda. Piel suave, sabor delicado y textura mantecosa. Tiene un tiempo de cocci\u00f3n corto y resulta muy digestiva.<\/p>\n","protected":false},"featured_media":1724,"template":"","meta":{"sfsi_plus_gutenberg_text_before_share":"","sfsi_plus_gutenberg_show_text_before_share":"","sfsi_plus_gutenberg_icon_type":"","sfsi_plus_gutenberg_icon_alignemt":"","sfsi_plus_gutenburg_max_per_row":""},"product_brand":[],"product_cat":[48,24,21],"product_tag":[404,413,412,411,410,405],"class_list":{"0":"post-1723","1":"product","2":"type-product","3":"status-publish","4":"has-post-thumbnail","6":"product_cat-alimentacion","7":"product_cat-alubias","8":"product_cat-legumbres","9":"product_tag-alubia","10":"product_tag-alubia-arrocera","11":"product_tag-alubia-arrocina","12":"product_tag-alubia-blanca","13":"product_tag-alubias","14":"product_tag-judias","16":"first","17":"instock","18":"taxable","19":"shipping-taxable","20":"purchasable","21":"product-type-simple"},"_links":{"self":[{"href":"https:\/\/www.latienducagranel.com\/index.php\/wp-json\/wp\/v2\/product\/1723","targetHints":{"allow":["GET"]}}],"collection":[{"href":"https:\/\/www.latienducagranel.com\/index.php\/wp-json\/wp\/v2\/product"}],"about":[{"href":"https:\/\/www.latienducagranel.com\/index.php\/wp-json\/wp\/v2\/types\/product"}],"wp:featuredmedia":[{"embeddable":true,"href":"https:\/\/www.latienducagranel.com\/index.php\/wp-json\/wp\/v2\/media\/1724"}],"wp:attachment":[{"href":"https:\/\/www.latienducagranel.com\/index.php\/wp-json\/wp\/v2\/media?parent=1723"}],"wp:term":[{"taxonomy":"product_brand","embeddable":true,"href":"https:\/\/www.latienducagranel.com\/index.php\/wp-json\/wp\/v2\/product_brand?post=1723"},{"taxonomy":"product_cat","embeddable":true,"href":"https:\/\/www.latienducagranel.com\/index.php\/wp-json\/wp\/v2\/product_cat?post=1723"},{"taxonomy":"product_tag","embeddable":true,"href":"https:\/\/www.latienducagranel.com\/index.php\/wp-json\/wp\/v2\/product_tag?post=1723"}],"curies":[{"name":"wp","href":"https:\/\/api.w.org\/{rel}","templated":true}]}}