{"id":1710,"date":"2022-01-12T15:38:05","date_gmt":"2022-01-12T15:38:05","guid":{"rendered":"https:\/\/www.latienducagranel.com\/?post_type=product&#038;p=1710"},"modified":"2025-12-09T18:38:29","modified_gmt":"2025-12-09T17:38:29","slug":"harissa","status":"publish","type":"product","link":"https:\/\/www.latienducagranel.com\/index.php\/producto\/harissa\/","title":{"rendered":"Harissa"},"content":{"rendered":"<p>La harissa es una mezcla de especias para realizar la famosa salsa harissa, procedente del Norte de \u00c1frica (principalmente T\u00fanez)<\/p>\n<p>Ingredientes: sal, ajo, cayena, hojilla de pimiento, piment\u00f3n ahumado picante, cilantro molido, alcaravea molida, cebolla molida<\/p>\n","protected":false},"excerpt":{"rendered":"<p>La harissa es una mezcla de especias para realizar la famosa salsa harissa, procedente del Norte de \u00c1frica (principalmente T\u00fanez) Ingredientes: sal, ajo, cayena, hojilla de pimiento, piment\u00f3n ahumado picante, cilantro molido, alcaravea molida, cebolla molida<\/p>\n","protected":false},"featured_media":1711,"template":"","meta":{"sfsi_plus_gutenberg_text_before_share":"","sfsi_plus_gutenberg_show_text_before_share":"","sfsi_plus_gutenberg_icon_type":"","sfsi_plus_gutenberg_icon_alignemt":"","sfsi_plus_gutenburg_max_per_row":""},"product_brand":[],"product_cat":[48,20],"product_tag":[851],"class_list":{"0":"post-1710","1":"product","2":"type-product","3":"status-publish","4":"has-post-thumbnail","6":"product_cat-alimentacion","7":"product_cat-hierbas-especias-y-condimentos","8":"product_tag-harissa","10":"first","11":"instock","12":"taxable","13":"shipping-taxable","14":"purchasable","15":"product-type-simple"},"_links":{"self":[{"href":"https:\/\/www.latienducagranel.com\/index.php\/wp-json\/wp\/v2\/product\/1710","targetHints":{"allow":["GET"]}}],"collection":[{"href":"https:\/\/www.latienducagranel.com\/index.php\/wp-json\/wp\/v2\/product"}],"about":[{"href":"https:\/\/www.latienducagranel.com\/index.php\/wp-json\/wp\/v2\/types\/product"}],"wp:featuredmedia":[{"embeddable":true,"href":"https:\/\/www.latienducagranel.com\/index.php\/wp-json\/wp\/v2\/media\/1711"}],"wp:attachment":[{"href":"https:\/\/www.latienducagranel.com\/index.php\/wp-json\/wp\/v2\/media?parent=1710"}],"wp:term":[{"taxonomy":"product_brand","embeddable":true,"href":"https:\/\/www.latienducagranel.com\/index.php\/wp-json\/wp\/v2\/product_brand?post=1710"},{"taxonomy":"product_cat","embeddable":true,"href":"https:\/\/www.latienducagranel.com\/index.php\/wp-json\/wp\/v2\/product_cat?post=1710"},{"taxonomy":"product_tag","embeddable":true,"href":"https:\/\/www.latienducagranel.com\/index.php\/wp-json\/wp\/v2\/product_tag?post=1710"}],"curies":[{"name":"wp","href":"https:\/\/api.w.org\/{rel}","templated":true}]}}