{"id":171,"date":"2020-11-19T16:23:20","date_gmt":"2020-11-19T16:23:20","guid":{"rendered":"https:\/\/www.latienducagranel.com\/?post_type=product&#038;p=171"},"modified":"2022-11-10T09:47:50","modified_gmt":"2022-11-10T09:47:50","slug":"curry-rojo","status":"publish","type":"product","link":"https:\/\/www.latienducagranel.com\/index.php\/producto\/curry-rojo\/","title":{"rendered":"Curry rojo"},"content":{"rendered":"<p>El curry rojo es una de las mezcla de especias o currys que m\u00e1s se utiliza en la cocina tailandesa.<\/p>\n<p>Esta mezcla de especias presenta un picor intermedio y un tono m\u00e1s rojizo que el curry est\u00e1ndar y el curry picante.<\/p>\n<p>Ingredientes: Piment\u00f3n picante, c\u00farcuma, cilantro, cayena, fenogreco, sal, garbanzo gramo de bengala, cebolla, ajo, comino, hinojo y pimienta negra.<\/p>\n","protected":false},"excerpt":{"rendered":"<p>El curry rojo es una de las mezcla de especias o currys que m\u00e1s se utiliza en la cocina tailandesa. Esta mezcla de especias presenta un picor intermedio y un tono m\u00e1s rojizo que el curry est\u00e1ndar y el curry picante. Ingredientes: Piment\u00f3n picante, c\u00farcuma,&nbsp;&#8230; [Leer m\u00e1s]<\/p>\n","protected":false},"featured_media":172,"template":"","meta":{"sfsi_plus_gutenberg_text_before_share":"","sfsi_plus_gutenberg_show_text_before_share":"","sfsi_plus_gutenberg_icon_type":"","sfsi_plus_gutenberg_icon_alignemt":"","sfsi_plus_gutenburg_max_per_row":""},"product_brand":[],"product_cat":[48,20],"product_tag":[995,999],"class_list":{"0":"post-171","1":"product","2":"type-product","3":"status-publish","4":"has-post-thumbnail","6":"product_cat-alimentacion","7":"product_cat-hierbas-especias-y-condimentos","8":"product_tag-curry","9":"product_tag-curry-rojo","11":"first","12":"instock","13":"taxable","14":"shipping-taxable","15":"purchasable","16":"product-type-simple"},"_links":{"self":[{"href":"https:\/\/www.latienducagranel.com\/index.php\/wp-json\/wp\/v2\/product\/171","targetHints":{"allow":["GET"]}}],"collection":[{"href":"https:\/\/www.latienducagranel.com\/index.php\/wp-json\/wp\/v2\/product"}],"about":[{"href":"https:\/\/www.latienducagranel.com\/index.php\/wp-json\/wp\/v2\/types\/product"}],"wp:featuredmedia":[{"embeddable":true,"href":"https:\/\/www.latienducagranel.com\/index.php\/wp-json\/wp\/v2\/media\/172"}],"wp:attachment":[{"href":"https:\/\/www.latienducagranel.com\/index.php\/wp-json\/wp\/v2\/media?parent=171"}],"wp:term":[{"taxonomy":"product_brand","embeddable":true,"href":"https:\/\/www.latienducagranel.com\/index.php\/wp-json\/wp\/v2\/product_brand?post=171"},{"taxonomy":"product_cat","embeddable":true,"href":"https:\/\/www.latienducagranel.com\/index.php\/wp-json\/wp\/v2\/product_cat?post=171"},{"taxonomy":"product_tag","embeddable":true,"href":"https:\/\/www.latienducagranel.com\/index.php\/wp-json\/wp\/v2\/product_tag?post=171"}],"curies":[{"name":"wp","href":"https:\/\/api.w.org\/{rel}","templated":true}]}}