{"id":1657,"date":"2021-11-15T16:57:18","date_gmt":"2021-11-15T16:57:18","guid":{"rendered":"https:\/\/www.latienducagranel.com\/?post_type=product&#038;p=1657"},"modified":"2025-06-18T16:32:01","modified_gmt":"2025-06-18T15:32:01","slug":"colorante-alimentario-natural","status":"publish","type":"product","link":"https:\/\/www.latienducagranel.com\/index.php\/producto\/colorante-alimentario-natural\/","title":{"rendered":"Colorante alimentario natural"},"content":{"rendered":"<p>Colorante alimentario natural, con extracto de azafr\u00e1n y sin AZOICOS<\/p>\n<p>Ingredientes: Almid\u00f3n de trigo, sal, piment\u00f3n dulce, c\u00farcuma, remolacha y extracto de azafr\u00e1n.<\/p>\n","protected":false},"excerpt":{"rendered":"<p>Colorante alimentario natural, con extracto de azafr\u00e1n y sin AZOICOS Ingredientes: Almid\u00f3n de trigo, sal, piment\u00f3n dulce, c\u00farcuma, remolacha y extracto de azafr\u00e1n.<\/p>\n","protected":false},"featured_media":1658,"template":"","meta":{"sfsi_plus_gutenberg_text_before_share":"","sfsi_plus_gutenberg_show_text_before_share":"","sfsi_plus_gutenberg_icon_type":"","sfsi_plus_gutenberg_icon_alignemt":"","sfsi_plus_gutenburg_max_per_row":""},"product_brand":[],"product_cat":[48,20],"product_tag":[873,874,875,876],"class_list":{"0":"post-1657","1":"product","2":"type-product","3":"status-publish","4":"has-post-thumbnail","6":"product_cat-alimentacion","7":"product_cat-hierbas-especias-y-condimentos","8":"product_tag-colorante","9":"product_tag-colorante-alimentario","10":"product_tag-colorante-alimentario-natural","11":"product_tag-colorante-alimentario-sin-azoicos","13":"first","14":"outofstock","15":"taxable","16":"shipping-taxable","17":"purchasable","18":"product-type-simple"},"_links":{"self":[{"href":"https:\/\/www.latienducagranel.com\/index.php\/wp-json\/wp\/v2\/product\/1657","targetHints":{"allow":["GET"]}}],"collection":[{"href":"https:\/\/www.latienducagranel.com\/index.php\/wp-json\/wp\/v2\/product"}],"about":[{"href":"https:\/\/www.latienducagranel.com\/index.php\/wp-json\/wp\/v2\/types\/product"}],"wp:featuredmedia":[{"embeddable":true,"href":"https:\/\/www.latienducagranel.com\/index.php\/wp-json\/wp\/v2\/media\/1658"}],"wp:attachment":[{"href":"https:\/\/www.latienducagranel.com\/index.php\/wp-json\/wp\/v2\/media?parent=1657"}],"wp:term":[{"taxonomy":"product_brand","embeddable":true,"href":"https:\/\/www.latienducagranel.com\/index.php\/wp-json\/wp\/v2\/product_brand?post=1657"},{"taxonomy":"product_cat","embeddable":true,"href":"https:\/\/www.latienducagranel.com\/index.php\/wp-json\/wp\/v2\/product_cat?post=1657"},{"taxonomy":"product_tag","embeddable":true,"href":"https:\/\/www.latienducagranel.com\/index.php\/wp-json\/wp\/v2\/product_tag?post=1657"}],"curies":[{"name":"wp","href":"https:\/\/api.w.org\/{rel}","templated":true}]}}