{"id":165,"date":"2020-11-19T16:15:40","date_gmt":"2020-11-19T16:15:40","guid":{"rendered":"https:\/\/www.latienducagranel.com\/?post_type=product&#038;p=165"},"modified":"2023-09-22T17:09:28","modified_gmt":"2023-09-22T17:09:28","slug":"comino-negro","status":"publish","type":"product","link":"https:\/\/www.latienducagranel.com\/index.php\/producto\/comino-negro\/","title":{"rendered":"Comino negro"},"content":{"rendered":"<div class=\"rte\">\n<p>Comino negro (Nigella semillas): La nigella, tambi\u00e9n llamada comino negro, ajenuz, charnushka, hinojo negro entre otros nombres, se merece un espacio propio por sus especiales caracter\u00edsticas que la hacen diferente a otras especias.<\/p>\n<p>Tiene un sabor picante o pungente, con notas herb\u00e1ceas, algo amargas, que recuerdan a una mezcla de or\u00e9gano y pimienta.\u00a0 Su perfil arom\u00e1tico es claramente perceptible cuando se mastica, y ofrece mucho juego a la hora de combinarlas con otras especias o hierbas frescas en la cocina.<\/p>\n<\/div>\n","protected":false},"excerpt":{"rendered":"<p>Comino negro (Nigella semillas): La nigella, tambi\u00e9n llamada comino negro, ajenuz, charnushka, hinojo negro entre otros nombres, se merece un espacio propio por sus especiales caracter\u00edsticas que la hacen diferente a otras especias. Tiene un sabor picante o pungente, con notas herb\u00e1ceas, algo amargas, que&nbsp;&#8230; [Leer m\u00e1s]<\/p>\n","protected":false},"featured_media":166,"template":"","meta":{"sfsi_plus_gutenberg_text_before_share":"","sfsi_plus_gutenberg_show_text_before_share":"","sfsi_plus_gutenberg_icon_type":"","sfsi_plus_gutenberg_icon_alignemt":"","sfsi_plus_gutenburg_max_per_row":""},"product_brand":[],"product_cat":[48,20],"product_tag":[1005,1006,1002,1007,1003,1004],"class_list":{"0":"post-165","1":"product","2":"type-product","3":"status-publish","4":"has-post-thumbnail","6":"product_cat-alimentacion","7":"product_cat-hierbas-especias-y-condimentos","8":"product_tag-ajenuz","9":"product_tag-charnushka","10":"product_tag-comino-negro","11":"product_tag-hinojo-negro","12":"product_tag-nigella","13":"product_tag-nigella-semillas","15":"first","16":"instock","17":"taxable","18":"shipping-taxable","19":"purchasable","20":"product-type-simple"},"_links":{"self":[{"href":"https:\/\/www.latienducagranel.com\/index.php\/wp-json\/wp\/v2\/product\/165","targetHints":{"allow":["GET"]}}],"collection":[{"href":"https:\/\/www.latienducagranel.com\/index.php\/wp-json\/wp\/v2\/product"}],"about":[{"href":"https:\/\/www.latienducagranel.com\/index.php\/wp-json\/wp\/v2\/types\/product"}],"wp:featuredmedia":[{"embeddable":true,"href":"https:\/\/www.latienducagranel.com\/index.php\/wp-json\/wp\/v2\/media\/166"}],"wp:attachment":[{"href":"https:\/\/www.latienducagranel.com\/index.php\/wp-json\/wp\/v2\/media?parent=165"}],"wp:term":[{"taxonomy":"product_brand","embeddable":true,"href":"https:\/\/www.latienducagranel.com\/index.php\/wp-json\/wp\/v2\/product_brand?post=165"},{"taxonomy":"product_cat","embeddable":true,"href":"https:\/\/www.latienducagranel.com\/index.php\/wp-json\/wp\/v2\/product_cat?post=165"},{"taxonomy":"product_tag","embeddable":true,"href":"https:\/\/www.latienducagranel.com\/index.php\/wp-json\/wp\/v2\/product_tag?post=165"}],"curies":[{"name":"wp","href":"https:\/\/api.w.org\/{rel}","templated":true}]}}