{"id":1643,"date":"2021-11-11T15:24:24","date_gmt":"2021-11-11T15:24:24","guid":{"rendered":"https:\/\/www.latienducagranel.com\/?post_type=product&#038;p=1643"},"modified":"2025-10-23T16:42:13","modified_gmt":"2025-10-23T15:42:13","slug":"kiwi-rodajas","status":"publish","type":"product","link":"https:\/\/www.latienducagranel.com\/index.php\/producto\/kiwi-rodajas\/","title":{"rendered":"Kiwi"},"content":{"rendered":"<p>El kiwi rodajas es kiwi deshidratado. Tiene altos componentes de enzimas, fibra, potasio y electrolitos. Adem\u00e1s, es rico en vitamina C y E. Es muy apreciado por su aspecto llamativo y su sabor dulce con un toque amargo.<\/p>\n<p>Ingredientes: kiwi, az\u00facar y \u00e1cido c\u00edtrico.<\/p>\n","protected":false},"excerpt":{"rendered":"<p>El kiwi rodajas es kiwi deshidratado. Tiene altos componentes de enzimas, fibra, potasio y electrolitos. Adem\u00e1s, es rico en vitamina C y E. Es muy apreciado por su aspecto llamativo y su sabor dulce con un toque amargo. Ingredientes: kiwi, az\u00facar y \u00e1cido c\u00edtrico.<\/p>\n","protected":false},"featured_media":1644,"template":"","meta":{"sfsi_plus_gutenberg_text_before_share":"","sfsi_plus_gutenberg_show_text_before_share":"","sfsi_plus_gutenberg_icon_type":"","sfsi_plus_gutenberg_icon_alignemt":"","sfsi_plus_gutenburg_max_per_row":""},"product_brand":[],"product_cat":[48,33],"product_tag":[225,226,227],"class_list":{"0":"post-1643","1":"product","2":"type-product","3":"status-publish","4":"has-post-thumbnail","6":"product_cat-alimentacion","7":"product_cat-frutas-deshidratadas","8":"product_tag-kiwi","9":"product_tag-kiwi-deshidratado","10":"product_tag-kiwi-deshidratado-rodajas","12":"first","13":"instock","14":"taxable","15":"shipping-taxable","16":"purchasable","17":"product-type-simple"},"_links":{"self":[{"href":"https:\/\/www.latienducagranel.com\/index.php\/wp-json\/wp\/v2\/product\/1643","targetHints":{"allow":["GET"]}}],"collection":[{"href":"https:\/\/www.latienducagranel.com\/index.php\/wp-json\/wp\/v2\/product"}],"about":[{"href":"https:\/\/www.latienducagranel.com\/index.php\/wp-json\/wp\/v2\/types\/product"}],"wp:featuredmedia":[{"embeddable":true,"href":"https:\/\/www.latienducagranel.com\/index.php\/wp-json\/wp\/v2\/media\/1644"}],"wp:attachment":[{"href":"https:\/\/www.latienducagranel.com\/index.php\/wp-json\/wp\/v2\/media?parent=1643"}],"wp:term":[{"taxonomy":"product_brand","embeddable":true,"href":"https:\/\/www.latienducagranel.com\/index.php\/wp-json\/wp\/v2\/product_brand?post=1643"},{"taxonomy":"product_cat","embeddable":true,"href":"https:\/\/www.latienducagranel.com\/index.php\/wp-json\/wp\/v2\/product_cat?post=1643"},{"taxonomy":"product_tag","embeddable":true,"href":"https:\/\/www.latienducagranel.com\/index.php\/wp-json\/wp\/v2\/product_tag?post=1643"}],"curies":[{"name":"wp","href":"https:\/\/api.w.org\/{rel}","templated":true}]}}