{"id":163,"date":"2020-11-19T16:14:03","date_gmt":"2020-11-19T16:14:03","guid":{"rendered":"https:\/\/www.latienducagranel.com\/?post_type=product&#038;p=163"},"modified":"2024-07-12T11:09:23","modified_gmt":"2024-07-12T10:09:23","slug":"comino-grano","status":"publish","type":"product","link":"https:\/\/www.latienducagranel.com\/index.php\/producto\/comino-grano\/","title":{"rendered":"Comino grano"},"content":{"rendered":"<p>Comino grano: El comino\u00a0es una planta\u00a0herb\u00e1cea\u00a0perteneciente a la familia\u00a0Apiaceae, cuyas semillas arom\u00e1ticas se usan como especia.<\/p>\n<p>Tiene un caracter\u00edstico sabor amargo, y un olor fuerte y dulz\u00f3n gracias a su alto contenido en aceites.<\/p>\n<p>El comino es empleado tradicionalmente en guisos y cocidos con legumbres; en panes y en la receta de\u00a0hummus.<\/p>\n","protected":false},"excerpt":{"rendered":"<p>Comino grano: El comino\u00a0es una planta\u00a0herb\u00e1cea\u00a0perteneciente a la familia\u00a0Apiaceae, cuyas semillas arom\u00e1ticas se usan como especia. Tiene un caracter\u00edstico sabor amargo, y un olor fuerte y dulz\u00f3n gracias a su alto contenido en aceites. El comino es empleado tradicionalmente en guisos y cocidos con legumbres;&nbsp;&#8230; [Leer m\u00e1s]<\/p>\n","protected":false},"featured_media":164,"template":"","meta":{"sfsi_plus_gutenberg_text_before_share":"","sfsi_plus_gutenberg_show_text_before_share":"","sfsi_plus_gutenberg_icon_type":"","sfsi_plus_gutenberg_icon_alignemt":"","sfsi_plus_gutenburg_max_per_row":""},"product_brand":[],"product_cat":[48,20],"product_tag":[1008,1009],"class_list":{"0":"post-163","1":"product","2":"type-product","3":"status-publish","4":"has-post-thumbnail","6":"product_cat-alimentacion","7":"product_cat-hierbas-especias-y-condimentos","8":"product_tag-comino","9":"product_tag-comino-grano","11":"first","12":"instock","13":"taxable","14":"shipping-taxable","15":"purchasable","16":"product-type-simple"},"_links":{"self":[{"href":"https:\/\/www.latienducagranel.com\/index.php\/wp-json\/wp\/v2\/product\/163","targetHints":{"allow":["GET"]}}],"collection":[{"href":"https:\/\/www.latienducagranel.com\/index.php\/wp-json\/wp\/v2\/product"}],"about":[{"href":"https:\/\/www.latienducagranel.com\/index.php\/wp-json\/wp\/v2\/types\/product"}],"wp:featuredmedia":[{"embeddable":true,"href":"https:\/\/www.latienducagranel.com\/index.php\/wp-json\/wp\/v2\/media\/164"}],"wp:attachment":[{"href":"https:\/\/www.latienducagranel.com\/index.php\/wp-json\/wp\/v2\/media?parent=163"}],"wp:term":[{"taxonomy":"product_brand","embeddable":true,"href":"https:\/\/www.latienducagranel.com\/index.php\/wp-json\/wp\/v2\/product_brand?post=163"},{"taxonomy":"product_cat","embeddable":true,"href":"https:\/\/www.latienducagranel.com\/index.php\/wp-json\/wp\/v2\/product_cat?post=163"},{"taxonomy":"product_tag","embeddable":true,"href":"https:\/\/www.latienducagranel.com\/index.php\/wp-json\/wp\/v2\/product_tag?post=163"}],"curies":[{"name":"wp","href":"https:\/\/api.w.org\/{rel}","templated":true}]}}