{"id":1622,"date":"2021-10-22T14:06:23","date_gmt":"2021-10-22T14:06:23","guid":{"rendered":"https:\/\/www.latienducagranel.com\/?post_type=product&#038;p=1622"},"modified":"2024-10-03T11:48:16","modified_gmt":"2024-10-03T10:48:16","slug":"semillas-de-canamo","status":"publish","type":"product","link":"https:\/\/www.latienducagranel.com\/index.php\/producto\/semillas-de-canamo\/","title":{"rendered":"Semillas de c\u00e1\u00f1amo"},"content":{"rendered":"<p>Semillas de c\u00e1\u00f1amo o ca\u00f1amones crudos y sin pelar.<\/p>\n","protected":false},"excerpt":{"rendered":"<p>Semillas de c\u00e1\u00f1amo o ca\u00f1amones crudos y sin pelar.<\/p>\n","protected":false},"featured_media":1623,"template":"","meta":{"sfsi_plus_gutenberg_text_before_share":"","sfsi_plus_gutenberg_show_text_before_share":"","sfsi_plus_gutenberg_icon_type":"","sfsi_plus_gutenberg_icon_alignemt":"","sfsi_plus_gutenburg_max_per_row":""},"product_brand":[],"product_cat":[48,27],"product_tag":[566,565,567,568],"class_list":{"0":"post-1622","1":"product","2":"type-product","3":"status-publish","4":"has-post-thumbnail","6":"product_cat-alimentacion","7":"product_cat-semillas","8":"product_tag-canamones","9":"product_tag-semillas-de-canamo","10":"product_tag-semillas-de-canamo-con-piel","11":"product_tag-semillas-de-canamo-sin-pelar","13":"first","14":"instock","15":"taxable","16":"shipping-taxable","17":"purchasable","18":"product-type-simple"},"_links":{"self":[{"href":"https:\/\/www.latienducagranel.com\/index.php\/wp-json\/wp\/v2\/product\/1622","targetHints":{"allow":["GET"]}}],"collection":[{"href":"https:\/\/www.latienducagranel.com\/index.php\/wp-json\/wp\/v2\/product"}],"about":[{"href":"https:\/\/www.latienducagranel.com\/index.php\/wp-json\/wp\/v2\/types\/product"}],"wp:featuredmedia":[{"embeddable":true,"href":"https:\/\/www.latienducagranel.com\/index.php\/wp-json\/wp\/v2\/media\/1623"}],"wp:attachment":[{"href":"https:\/\/www.latienducagranel.com\/index.php\/wp-json\/wp\/v2\/media?parent=1622"}],"wp:term":[{"taxonomy":"product_brand","embeddable":true,"href":"https:\/\/www.latienducagranel.com\/index.php\/wp-json\/wp\/v2\/product_brand?post=1622"},{"taxonomy":"product_cat","embeddable":true,"href":"https:\/\/www.latienducagranel.com\/index.php\/wp-json\/wp\/v2\/product_cat?post=1622"},{"taxonomy":"product_tag","embeddable":true,"href":"https:\/\/www.latienducagranel.com\/index.php\/wp-json\/wp\/v2\/product_tag?post=1622"}],"curies":[{"name":"wp","href":"https:\/\/api.w.org\/{rel}","templated":true}]}}