{"id":159,"date":"2020-11-19T16:10:08","date_gmt":"2020-11-19T16:10:08","guid":{"rendered":"https:\/\/www.latienducagranel.com\/?post_type=product&#038;p=159"},"modified":"2025-12-26T17:29:35","modified_gmt":"2025-12-26T16:29:35","slug":"cola-de-caballo","status":"publish","type":"product","link":"https:\/\/www.latienducagranel.com\/index.php\/producto\/cola-de-caballo\/","title":{"rendered":"Cola de caballo"},"content":{"rendered":"<div id=\"short_description_content\" class=\"rte align_justify\">\n<p>La cola de caballo (<em>Equisetum arvense)<\/em>\u00a0es una\u00a0especie\u00a0de arbusto perteneciente a la familia de las\u00a0equiset\u00e1ceas.<\/p>\n<p>Actualmente, la cola de caballo es una de las\u00a0hierbas medicinales\u00a0m\u00e1s completas y consumidas en todo el mundo.<\/p>\n<p>La cola de caballo se puede utilizar de forma externa (lav\u00e1ndo el cabello con cola de caballo, por ejemplo) o de forma interna (infusiones y\/o t\u00e9s de cola de caballo).<\/p>\n<\/div>\n","protected":false},"excerpt":{"rendered":"<p>La cola de caballo (Equisetum arvense)\u00a0es una\u00a0especie\u00a0de arbusto perteneciente a la familia de las\u00a0equiset\u00e1ceas. Actualmente, la cola de caballo es una de las\u00a0hierbas medicinales\u00a0m\u00e1s completas y consumidas en todo el mundo. La cola de caballo se puede utilizar de forma externa (lav\u00e1ndo el cabello con&nbsp;&#8230; [Leer m\u00e1s]<\/p>\n","protected":false},"featured_media":160,"template":"","meta":{"sfsi_plus_gutenberg_text_before_share":"","sfsi_plus_gutenberg_show_text_before_share":"","sfsi_plus_gutenberg_icon_type":"","sfsi_plus_gutenberg_icon_alignemt":"","sfsi_plus_gutenburg_max_per_row":""},"product_brand":[],"product_cat":[48,20],"product_tag":[1011],"class_list":{"0":"post-159","1":"product","2":"type-product","3":"status-publish","4":"has-post-thumbnail","6":"product_cat-alimentacion","7":"product_cat-hierbas-especias-y-condimentos","8":"product_tag-cola-de-caballo","10":"first","11":"instock","12":"taxable","13":"shipping-taxable","14":"purchasable","15":"product-type-simple"},"_links":{"self":[{"href":"https:\/\/www.latienducagranel.com\/index.php\/wp-json\/wp\/v2\/product\/159","targetHints":{"allow":["GET"]}}],"collection":[{"href":"https:\/\/www.latienducagranel.com\/index.php\/wp-json\/wp\/v2\/product"}],"about":[{"href":"https:\/\/www.latienducagranel.com\/index.php\/wp-json\/wp\/v2\/types\/product"}],"wp:featuredmedia":[{"embeddable":true,"href":"https:\/\/www.latienducagranel.com\/index.php\/wp-json\/wp\/v2\/media\/160"}],"wp:attachment":[{"href":"https:\/\/www.latienducagranel.com\/index.php\/wp-json\/wp\/v2\/media?parent=159"}],"wp:term":[{"taxonomy":"product_brand","embeddable":true,"href":"https:\/\/www.latienducagranel.com\/index.php\/wp-json\/wp\/v2\/product_brand?post=159"},{"taxonomy":"product_cat","embeddable":true,"href":"https:\/\/www.latienducagranel.com\/index.php\/wp-json\/wp\/v2\/product_cat?post=159"},{"taxonomy":"product_tag","embeddable":true,"href":"https:\/\/www.latienducagranel.com\/index.php\/wp-json\/wp\/v2\/product_tag?post=159"}],"curies":[{"name":"wp","href":"https:\/\/api.w.org\/{rel}","templated":true}]}}