{"id":1544,"date":"2021-07-01T11:36:15","date_gmt":"2021-07-01T11:36:15","guid":{"rendered":"https:\/\/www.latienducagranel.com\/?post_type=product&#038;p=1544"},"modified":"2024-11-13T14:03:01","modified_gmt":"2024-11-13T13:03:01","slug":"desodorante-citrico-y-madera","status":"publish","type":"product","link":"https:\/\/www.latienducagranel.com\/index.php\/producto\/desodorante-citrico-y-madera\/","title":{"rendered":"Desodorante c\u00edtrico y madera"},"content":{"rendered":"<p>Desodorante c\u00edtrico y madera en roll-on de vidrio de 50 ml. Gracias a la combinaci\u00f3n del frescor de los c\u00edtricos con la astringencia de las maderas, no s\u00f3lo reduce la sudoraci\u00f3n sin tapar las gl\u00e1ndulas sino que adem\u00e1s elimina el mal olor del sudor. Debe su acci\u00f3n a la equilibrada combinaci\u00f3n del frescor de los c\u00edtricos con la astringencia de las maderas.<br \/>\nTiene un olor moderado y es suave con la piel al no contener ni aluminio ni alcohol. Indicado para el uso diario en todo tipo de pieles, incluso las sensibles o at\u00f3picas.<\/p>\n<p>96% Ingredientes BIO.<\/p>\n","protected":false},"excerpt":{"rendered":"<p>Desodorante c\u00edtrico y madera en roll-on de vidrio de 50 ml. Gracias a la combinaci\u00f3n del frescor de los c\u00edtricos con la astringencia de las maderas, no s\u00f3lo reduce la sudoraci\u00f3n sin tapar las gl\u00e1ndulas sino que adem\u00e1s elimina el mal olor del sudor. Debe&nbsp;&#8230; [Leer m\u00e1s]<\/p>\n","protected":false},"featured_media":1545,"template":"","meta":{"sfsi_plus_gutenberg_text_before_share":"","sfsi_plus_gutenberg_show_text_before_share":"","sfsi_plus_gutenberg_icon_type":"","sfsi_plus_gutenberg_icon_alignemt":"","sfsi_plus_gutenburg_max_per_row":""},"product_brand":[],"product_cat":[54,57,41,50],"product_tag":[688,691,693,689,692,690],"class_list":{"0":"post-1544","1":"product","2":"type-product","3":"status-publish","4":"has-post-thumbnail","6":"product_cat-rincon-silvestre","7":"product_cat-higiene-personal","8":"product_cat-higiene-y-cosmetica","9":"product_cat-productos-ecologicos","10":"product_tag-desodorante","11":"product_tag-desodorante-citrico","12":"product_tag-desodorante-citrico-y-madera","13":"product_tag-desodorante-ecologico","14":"product_tag-desodorante-madera","15":"product_tag-desodorante-natural","17":"first","18":"instock","19":"taxable","20":"shipping-taxable","21":"purchasable","22":"product-type-simple"},"_links":{"self":[{"href":"https:\/\/www.latienducagranel.com\/index.php\/wp-json\/wp\/v2\/product\/1544","targetHints":{"allow":["GET"]}}],"collection":[{"href":"https:\/\/www.latienducagranel.com\/index.php\/wp-json\/wp\/v2\/product"}],"about":[{"href":"https:\/\/www.latienducagranel.com\/index.php\/wp-json\/wp\/v2\/types\/product"}],"wp:featuredmedia":[{"embeddable":true,"href":"https:\/\/www.latienducagranel.com\/index.php\/wp-json\/wp\/v2\/media\/1545"}],"wp:attachment":[{"href":"https:\/\/www.latienducagranel.com\/index.php\/wp-json\/wp\/v2\/media?parent=1544"}],"wp:term":[{"taxonomy":"product_brand","embeddable":true,"href":"https:\/\/www.latienducagranel.com\/index.php\/wp-json\/wp\/v2\/product_brand?post=1544"},{"taxonomy":"product_cat","embeddable":true,"href":"https:\/\/www.latienducagranel.com\/index.php\/wp-json\/wp\/v2\/product_cat?post=1544"},{"taxonomy":"product_tag","embeddable":true,"href":"https:\/\/www.latienducagranel.com\/index.php\/wp-json\/wp\/v2\/product_tag?post=1544"}],"curies":[{"name":"wp","href":"https:\/\/api.w.org\/{rel}","templated":true}]}}