{"id":1535,"date":"2021-06-09T16:56:53","date_gmt":"2021-06-09T16:56:53","guid":{"rendered":"https:\/\/www.latienducagranel.com\/?post_type=product&#038;p=1535"},"modified":"2026-01-24T12:58:45","modified_gmt":"2026-01-24T11:58:45","slug":"merken-mapuche","status":"publish","type":"product","link":"https:\/\/www.latienducagranel.com\/index.php\/producto\/merken-mapuche\/","title":{"rendered":"Merk\u00e9n mapuche"},"content":{"rendered":"<p>El merk\u00e9n mapuche es un ali\u00f1o de los pueblos mapuches, habitantes del Sur de Chile y Argentina. Este condimento se utiliza en todo tipo de recetas, tanto de carne, pescado o pollo, como de verduras, patatas, vinagretas, confituras, chocolates y frutas. Es muy apreciado por su aroma a tierra y humo.<\/p>\n<p>Ingredientes: sal vikinga ahumada, aj\u00ed picante y dulce, cilantro, cayena, sal y piment\u00f3n dulce.<\/p>\n","protected":false},"excerpt":{"rendered":"<p>El merk\u00e9n mapuche es un ali\u00f1o de los pueblos mapuches, habitantes del Sur de Chile y Argentina. Este condimento se utiliza en todo tipo de recetas, tanto de carne, pescado o pollo, como de verduras, patatas, vinagretas, confituras, chocolates y frutas. Es muy apreciado por&nbsp;&#8230; [Leer m\u00e1s]<\/p>\n","protected":false},"featured_media":1536,"template":"","meta":{"sfsi_plus_gutenberg_text_before_share":"","sfsi_plus_gutenberg_show_text_before_share":"","sfsi_plus_gutenberg_icon_type":"","sfsi_plus_gutenberg_icon_alignemt":"","sfsi_plus_gutenburg_max_per_row":""},"product_brand":[],"product_cat":[48,20],"product_tag":[882,881,880],"class_list":{"0":"post-1535","1":"product","2":"type-product","3":"status-publish","4":"has-post-thumbnail","6":"product_cat-alimentacion","7":"product_cat-hierbas-especias-y-condimentos","8":"product_tag-merken","9":"product_tag-merken-chileno","10":"product_tag-merken-mapuche","12":"first","13":"instock","14":"taxable","15":"shipping-taxable","16":"purchasable","17":"product-type-simple"},"_links":{"self":[{"href":"https:\/\/www.latienducagranel.com\/index.php\/wp-json\/wp\/v2\/product\/1535","targetHints":{"allow":["GET"]}}],"collection":[{"href":"https:\/\/www.latienducagranel.com\/index.php\/wp-json\/wp\/v2\/product"}],"about":[{"href":"https:\/\/www.latienducagranel.com\/index.php\/wp-json\/wp\/v2\/types\/product"}],"wp:featuredmedia":[{"embeddable":true,"href":"https:\/\/www.latienducagranel.com\/index.php\/wp-json\/wp\/v2\/media\/1536"}],"wp:attachment":[{"href":"https:\/\/www.latienducagranel.com\/index.php\/wp-json\/wp\/v2\/media?parent=1535"}],"wp:term":[{"taxonomy":"product_brand","embeddable":true,"href":"https:\/\/www.latienducagranel.com\/index.php\/wp-json\/wp\/v2\/product_brand?post=1535"},{"taxonomy":"product_cat","embeddable":true,"href":"https:\/\/www.latienducagranel.com\/index.php\/wp-json\/wp\/v2\/product_cat?post=1535"},{"taxonomy":"product_tag","embeddable":true,"href":"https:\/\/www.latienducagranel.com\/index.php\/wp-json\/wp\/v2\/product_tag?post=1535"}],"curies":[{"name":"wp","href":"https:\/\/api.w.org\/{rel}","templated":true}]}}