{"id":1531,"date":"2021-06-09T16:43:54","date_gmt":"2021-06-09T16:43:54","guid":{"rendered":"https:\/\/www.latienducagranel.com\/?post_type=product&#038;p=1531"},"modified":"2026-01-24T12:59:12","modified_gmt":"2026-01-24T11:59:12","slug":"shichimi-tougarashi-7-especias-de-japon","status":"publish","type":"product","link":"https:\/\/www.latienducagranel.com\/index.php\/producto\/shichimi-tougarashi-7-especias-de-japon\/","title":{"rendered":"Shichimi Tougarashi"},"content":{"rendered":"<p>El Shichimi tougarashi\u00a0 (7 especias de Jap\u00f3n) es un condimento muy t\u00edpico de la cocina japonesa en la elaboraci\u00f3n de sopas de fideos, platos de arroz, snaks, etc.<\/p>\n<p>Ingredientes: Sal, comino, cilantro, clavo, jengibre, nuez moscada, pimienta, piment\u00f3n dulce y canela.<\/p>\n","protected":false},"excerpt":{"rendered":"<p>El Shichimi tougarashi\u00a0 (7 especias de Jap\u00f3n) es un condimento muy t\u00edpico de la cocina japonesa en la elaboraci\u00f3n de sopas de fideos, platos de arroz, snaks, etc. Ingredientes: Sal, comino, cilantro, clavo, jengibre, nuez moscada, pimienta, piment\u00f3n dulce y canela.<\/p>\n","protected":false},"featured_media":1532,"template":"","meta":{"sfsi_plus_gutenberg_text_before_share":"","sfsi_plus_gutenberg_show_text_before_share":"","sfsi_plus_gutenberg_icon_type":"","sfsi_plus_gutenberg_icon_alignemt":"","sfsi_plus_gutenburg_max_per_row":""},"product_brand":[],"product_cat":[48,20],"product_tag":[885,886],"class_list":{"0":"post-1531","1":"product","2":"type-product","3":"status-publish","4":"has-post-thumbnail","6":"product_cat-alimentacion","7":"product_cat-hierbas-especias-y-condimentos","8":"product_tag-shichimi","9":"product_tag-shichimi-tougarashi","11":"first","12":"instock","13":"taxable","14":"shipping-taxable","15":"purchasable","16":"product-type-simple"},"_links":{"self":[{"href":"https:\/\/www.latienducagranel.com\/index.php\/wp-json\/wp\/v2\/product\/1531","targetHints":{"allow":["GET"]}}],"collection":[{"href":"https:\/\/www.latienducagranel.com\/index.php\/wp-json\/wp\/v2\/product"}],"about":[{"href":"https:\/\/www.latienducagranel.com\/index.php\/wp-json\/wp\/v2\/types\/product"}],"wp:featuredmedia":[{"embeddable":true,"href":"https:\/\/www.latienducagranel.com\/index.php\/wp-json\/wp\/v2\/media\/1532"}],"wp:attachment":[{"href":"https:\/\/www.latienducagranel.com\/index.php\/wp-json\/wp\/v2\/media?parent=1531"}],"wp:term":[{"taxonomy":"product_brand","embeddable":true,"href":"https:\/\/www.latienducagranel.com\/index.php\/wp-json\/wp\/v2\/product_brand?post=1531"},{"taxonomy":"product_cat","embeddable":true,"href":"https:\/\/www.latienducagranel.com\/index.php\/wp-json\/wp\/v2\/product_cat?post=1531"},{"taxonomy":"product_tag","embeddable":true,"href":"https:\/\/www.latienducagranel.com\/index.php\/wp-json\/wp\/v2\/product_tag?post=1531"}],"curies":[{"name":"wp","href":"https:\/\/api.w.org\/{rel}","templated":true}]}}