{"id":151,"date":"2020-11-14T17:27:22","date_gmt":"2020-11-14T17:27:22","guid":{"rendered":"https:\/\/www.latienducagranel.com\/?post_type=product&#038;p=151"},"modified":"2022-11-10T09:46:28","modified_gmt":"2022-11-10T09:46:28","slug":"cilantro-hoja","status":"publish","type":"product","link":"https:\/\/www.latienducagranel.com\/index.php\/producto\/cilantro-hoja\/","title":{"rendered":"Cilantro hoja"},"content":{"rendered":"<div id=\"short_description_content\" class=\"rte align_justify\">\n<p>Cilantro hoja: El cilantro (<em>Coriandrum sativum<\/em>) es una\u00a0hierba\u00a0anual de la familia de las\u00a0api\u00e1ceas.<\/p>\n<p>Todas las partes de la planta son comestibles; sin embargo, son las hojas y las semillas las de uso culinario m\u00e1s frecuente.<\/p>\n<p>Las hojas de cilantro son un aromatizante t\u00edpico de las cocinas india y mexicana.<\/p>\n<div class=\"rte\">\n<p>Las\u00a0hojas\u00a0de cilantro se suelen usar como aromatizante culinario. Confieren un sabor ins\u00f3lito a sopas y ensaladas, diferente al de las semillas.<\/p>\n<p>Es un ingrediente esencial en recetas mexicanas como el\u00a0chatni, la\u00a0salsa verde\u00a0y el\u00a0guacamole.<\/p>\n<p>Tambi\u00e9n se usan como adorno, a\u00f1adidas al final del cocimiento o justo antes de servir, sobre sopas y otros platos.<\/p>\n<\/div>\n<\/div>\n","protected":false},"excerpt":{"rendered":"<p>Cilantro hoja: El cilantro (Coriandrum sativum) es una\u00a0hierba\u00a0anual de la familia de las\u00a0api\u00e1ceas. Todas las partes de la planta son comestibles; sin embargo, son las hojas y las semillas las de uso culinario m\u00e1s frecuente. Las hojas de cilantro son un aromatizante t\u00edpico de las&nbsp;&#8230; [Leer m\u00e1s]<\/p>\n","protected":false},"featured_media":152,"template":"","meta":{"sfsi_plus_gutenberg_text_before_share":"","sfsi_plus_gutenberg_show_text_before_share":"","sfsi_plus_gutenberg_icon_type":"","sfsi_plus_gutenberg_icon_alignemt":"","sfsi_plus_gutenburg_max_per_row":""},"product_brand":[],"product_cat":[48,20],"product_tag":[899,1015],"class_list":{"0":"post-151","1":"product","2":"type-product","3":"status-publish","4":"has-post-thumbnail","6":"product_cat-alimentacion","7":"product_cat-hierbas-especias-y-condimentos","8":"product_tag-cilantro","9":"product_tag-cilantro-hoja","11":"first","12":"instock","13":"taxable","14":"shipping-taxable","15":"purchasable","16":"product-type-simple"},"_links":{"self":[{"href":"https:\/\/www.latienducagranel.com\/index.php\/wp-json\/wp\/v2\/product\/151","targetHints":{"allow":["GET"]}}],"collection":[{"href":"https:\/\/www.latienducagranel.com\/index.php\/wp-json\/wp\/v2\/product"}],"about":[{"href":"https:\/\/www.latienducagranel.com\/index.php\/wp-json\/wp\/v2\/types\/product"}],"wp:featuredmedia":[{"embeddable":true,"href":"https:\/\/www.latienducagranel.com\/index.php\/wp-json\/wp\/v2\/media\/152"}],"wp:attachment":[{"href":"https:\/\/www.latienducagranel.com\/index.php\/wp-json\/wp\/v2\/media?parent=151"}],"wp:term":[{"taxonomy":"product_brand","embeddable":true,"href":"https:\/\/www.latienducagranel.com\/index.php\/wp-json\/wp\/v2\/product_brand?post=151"},{"taxonomy":"product_cat","embeddable":true,"href":"https:\/\/www.latienducagranel.com\/index.php\/wp-json\/wp\/v2\/product_cat?post=151"},{"taxonomy":"product_tag","embeddable":true,"href":"https:\/\/www.latienducagranel.com\/index.php\/wp-json\/wp\/v2\/product_tag?post=151"}],"curies":[{"name":"wp","href":"https:\/\/api.w.org\/{rel}","templated":true}]}}