{"id":1497,"date":"2021-05-08T08:58:53","date_gmt":"2021-05-08T08:58:53","guid":{"rendered":"https:\/\/www.latienducagranel.com\/?post_type=product&#038;p=1497"},"modified":"2024-11-13T13:58:38","modified_gmt":"2024-11-13T12:58:38","slug":"champu-solido-pelo-graso","status":"publish","type":"product","link":"https:\/\/www.latienducagranel.com\/index.php\/producto\/champu-solido-pelo-graso\/","title":{"rendered":"Champ\u00fa s\u00f3lido pelo graso"},"content":{"rendered":"<p>El champ\u00fa s\u00f3lido pelo graso est\u00e1 especialmente formulado para cabellos grasos y\/o con caspa. La limpieza est\u00e1 basada en tensioactivos vegetales suaves, sin SLS. Adem\u00e1s el cedro aporta nutrientes astringentes y el lim\u00f3n reduce tanto la grasa como la caspa del cabello. Por \u00faltimo, calma y reequilibra el cuero cabelludo gracias a la salvia y la arcilla verde.<\/p>\n<p>40% Ingredientes BIO<\/p>\n","protected":false},"excerpt":{"rendered":"<p>El champ\u00fa s\u00f3lido pelo graso est\u00e1 especialmente formulado para cabellos grasos y\/o con caspa. La limpieza est\u00e1 basada en tensioactivos vegetales suaves, sin SLS. Adem\u00e1s el cedro aporta nutrientes astringentes y el lim\u00f3n reduce tanto la grasa como la caspa del cabello. Por \u00faltimo, calma&nbsp;&#8230; [Leer m\u00e1s]<\/p>\n","protected":false},"featured_media":1498,"template":"","meta":{"sfsi_plus_gutenberg_text_before_share":"","sfsi_plus_gutenberg_show_text_before_share":"","sfsi_plus_gutenberg_icon_type":"","sfsi_plus_gutenberg_icon_alignemt":"","sfsi_plus_gutenburg_max_per_row":""},"product_brand":[],"product_cat":[43,54,41,50],"product_tag":[694,698,697,699,695,700],"class_list":{"0":"post-1497","1":"product","2":"type-product","3":"status-publish","4":"has-post-thumbnail","6":"product_cat-champu","7":"product_cat-rincon-silvestre","8":"product_cat-higiene-y-cosmetica","9":"product_cat-productos-ecologicos","10":"product_tag-champu","11":"product_tag-champu-eco","12":"product_tag-champu-natural","13":"product_tag-champu-pelo-graso","14":"product_tag-champu-solido","15":"product_tag-champu-solido-pelo-graso","17":"first","18":"instock","19":"taxable","20":"shipping-taxable","21":"purchasable","22":"product-type-simple"},"_links":{"self":[{"href":"https:\/\/www.latienducagranel.com\/index.php\/wp-json\/wp\/v2\/product\/1497","targetHints":{"allow":["GET"]}}],"collection":[{"href":"https:\/\/www.latienducagranel.com\/index.php\/wp-json\/wp\/v2\/product"}],"about":[{"href":"https:\/\/www.latienducagranel.com\/index.php\/wp-json\/wp\/v2\/types\/product"}],"wp:featuredmedia":[{"embeddable":true,"href":"https:\/\/www.latienducagranel.com\/index.php\/wp-json\/wp\/v2\/media\/1498"}],"wp:attachment":[{"href":"https:\/\/www.latienducagranel.com\/index.php\/wp-json\/wp\/v2\/media?parent=1497"}],"wp:term":[{"taxonomy":"product_brand","embeddable":true,"href":"https:\/\/www.latienducagranel.com\/index.php\/wp-json\/wp\/v2\/product_brand?post=1497"},{"taxonomy":"product_cat","embeddable":true,"href":"https:\/\/www.latienducagranel.com\/index.php\/wp-json\/wp\/v2\/product_cat?post=1497"},{"taxonomy":"product_tag","embeddable":true,"href":"https:\/\/www.latienducagranel.com\/index.php\/wp-json\/wp\/v2\/product_tag?post=1497"}],"curies":[{"name":"wp","href":"https:\/\/api.w.org\/{rel}","templated":true}]}}