{"id":149,"date":"2020-11-14T17:23:39","date_gmt":"2020-11-14T17:23:39","guid":{"rendered":"https:\/\/www.latienducagranel.com\/?post_type=product&#038;p=149"},"modified":"2024-11-26T18:38:15","modified_gmt":"2024-11-26T17:38:15","slug":"chimichurri","status":"publish","type":"product","link":"https:\/\/www.latienducagranel.com\/index.php\/producto\/chimichurri\/","title":{"rendered":"Chimichurri"},"content":{"rendered":"<div id=\"short_description_content\" class=\"rte align_justify\">\n<p>El chimichurri\u00a0es un condimento excelente para adobos, salsas y barbacoas.<\/p>\n<p>Popular en muchos pa\u00edses latinoamericanos y sudamericanos, esta salsa para\u00a0asar es una verdadera tradici\u00f3n y un tesoro argentino.<\/p>\n<p><span class=\"goog-text-highlight\">Actualmente, debido a su f\u00e1cil preparaci\u00f3n y uso, el Chimichurri est\u00e1 empezando a tener un gran impacto en la gastronom\u00eda espa\u00f1ola.\u00a0<\/span><\/p>\n<\/div>\n","protected":false},"excerpt":{"rendered":"<p>El chimichurri\u00a0es un condimento excelente para adobos, salsas y barbacoas. Popular en muchos pa\u00edses latinoamericanos y sudamericanos, esta salsa para\u00a0asar es una verdadera tradici\u00f3n y un tesoro argentino. Actualmente, debido a su f\u00e1cil preparaci\u00f3n y uso, el Chimichurri est\u00e1 empezando a tener un gran impacto&nbsp;&#8230; [Leer m\u00e1s]<\/p>\n","protected":false},"featured_media":150,"template":"","meta":{"sfsi_plus_gutenberg_text_before_share":"","sfsi_plus_gutenberg_show_text_before_share":"","sfsi_plus_gutenberg_icon_type":"","sfsi_plus_gutenberg_icon_alignemt":"","sfsi_plus_gutenburg_max_per_row":""},"product_brand":[],"product_cat":[48,20],"product_tag":[1016],"class_list":{"0":"post-149","1":"product","2":"type-product","3":"status-publish","4":"has-post-thumbnail","6":"product_cat-alimentacion","7":"product_cat-hierbas-especias-y-condimentos","8":"product_tag-chimichurri","10":"first","11":"instock","12":"taxable","13":"shipping-taxable","14":"purchasable","15":"product-type-simple"},"_links":{"self":[{"href":"https:\/\/www.latienducagranel.com\/index.php\/wp-json\/wp\/v2\/product\/149","targetHints":{"allow":["GET"]}}],"collection":[{"href":"https:\/\/www.latienducagranel.com\/index.php\/wp-json\/wp\/v2\/product"}],"about":[{"href":"https:\/\/www.latienducagranel.com\/index.php\/wp-json\/wp\/v2\/types\/product"}],"wp:featuredmedia":[{"embeddable":true,"href":"https:\/\/www.latienducagranel.com\/index.php\/wp-json\/wp\/v2\/media\/150"}],"wp:attachment":[{"href":"https:\/\/www.latienducagranel.com\/index.php\/wp-json\/wp\/v2\/media?parent=149"}],"wp:term":[{"taxonomy":"product_brand","embeddable":true,"href":"https:\/\/www.latienducagranel.com\/index.php\/wp-json\/wp\/v2\/product_brand?post=149"},{"taxonomy":"product_cat","embeddable":true,"href":"https:\/\/www.latienducagranel.com\/index.php\/wp-json\/wp\/v2\/product_cat?post=149"},{"taxonomy":"product_tag","embeddable":true,"href":"https:\/\/www.latienducagranel.com\/index.php\/wp-json\/wp\/v2\/product_tag?post=149"}],"curies":[{"name":"wp","href":"https:\/\/api.w.org\/{rel}","templated":true}]}}