{"id":1445,"date":"2021-04-17T15:07:41","date_gmt":"2021-04-17T15:07:41","guid":{"rendered":"https:\/\/www.latienducagranel.com\/?post_type=product&#038;p=1445"},"modified":"2025-11-26T18:31:17","modified_gmt":"2025-11-26T17:31:17","slug":"bulgur-eco","status":"publish","type":"product","link":"https:\/\/www.latienducagranel.com\/index.php\/producto\/bulgur-eco\/","title":{"rendered":"Bulgur eco"},"content":{"rendered":"<p>El bulgur es trigo pre-cocido, deshidratado y molido. Es un cereal bajo en grasas y muy rico en hidratos de carbono de calidad. Pero adem\u00e1s, es fuente de prote\u00ednas, minerales y vitaminas naturales, y contiene amino\u00e1cidos como la lisina.<\/p>\n<p>Nuestro bulgur es grano medio.<\/p>\n","protected":false},"excerpt":{"rendered":"<p>El bulgur es trigo pre-cocido, deshidratado y molido. Es un cereal bajo en grasas y muy rico en hidratos de carbono de calidad. Pero adem\u00e1s, es fuente de prote\u00ednas, minerales y vitaminas naturales, y contiene amino\u00e1cidos como la lisina. Nuestro bulgur es grano medio.<\/p>\n","protected":false},"featured_media":1446,"template":"","meta":{"sfsi_plus_gutenberg_text_before_share":"","sfsi_plus_gutenberg_show_text_before_share":"","sfsi_plus_gutenberg_icon_type":"","sfsi_plus_gutenberg_icon_alignemt":"","sfsi_plus_gutenburg_max_per_row":""},"product_brand":[],"product_cat":[48,55,50,29],"product_tag":[358],"class_list":{"0":"post-1445","1":"product","2":"type-product","3":"status-publish","4":"has-post-thumbnail","6":"product_cat-alimentacion","7":"product_cat-alimentacion-ecolgica","8":"product_cat-productos-ecologicos","9":"product_cat-semolas","10":"product_tag-bulgur","12":"first","13":"instock","14":"taxable","15":"shipping-taxable","16":"purchasable","17":"product-type-simple"},"_links":{"self":[{"href":"https:\/\/www.latienducagranel.com\/index.php\/wp-json\/wp\/v2\/product\/1445","targetHints":{"allow":["GET"]}}],"collection":[{"href":"https:\/\/www.latienducagranel.com\/index.php\/wp-json\/wp\/v2\/product"}],"about":[{"href":"https:\/\/www.latienducagranel.com\/index.php\/wp-json\/wp\/v2\/types\/product"}],"wp:featuredmedia":[{"embeddable":true,"href":"https:\/\/www.latienducagranel.com\/index.php\/wp-json\/wp\/v2\/media\/1446"}],"wp:attachment":[{"href":"https:\/\/www.latienducagranel.com\/index.php\/wp-json\/wp\/v2\/media?parent=1445"}],"wp:term":[{"taxonomy":"product_brand","embeddable":true,"href":"https:\/\/www.latienducagranel.com\/index.php\/wp-json\/wp\/v2\/product_brand?post=1445"},{"taxonomy":"product_cat","embeddable":true,"href":"https:\/\/www.latienducagranel.com\/index.php\/wp-json\/wp\/v2\/product_cat?post=1445"},{"taxonomy":"product_tag","embeddable":true,"href":"https:\/\/www.latienducagranel.com\/index.php\/wp-json\/wp\/v2\/product_tag?post=1445"}],"curies":[{"name":"wp","href":"https:\/\/api.w.org\/{rel}","templated":true}]}}