{"id":1366,"date":"2021-03-05T18:18:47","date_gmt":"2021-03-05T18:18:47","guid":{"rendered":"https:\/\/www.latienducagranel.com\/?post_type=product&#038;p=1366"},"modified":"2026-04-16T10:03:23","modified_gmt":"2026-04-16T09:03:23","slug":"vino-blanco-sacasuenos","status":"publish","type":"product","link":"https:\/\/www.latienducagranel.com\/index.php\/producto\/vino-blanco-sacasuenos\/","title":{"rendered":"Vino blanco Sacasue\u00f1os"},"content":{"rendered":"<p>Nuestro vino blanco Sacasue\u00f1os es mezcla de uvas viura, malvar y air\u00e9n.<\/p>\n<p>Producto totalmente serrano, ya que Bodega Vi\u00f1a Bardela est\u00e1 situada en la falda de la Sierra Norte Madrile\u00f1a, en el t\u00e9rmino municipal de Venturada.<\/p>\n","protected":false},"excerpt":{"rendered":"<p>Nuestro vino blanco Sacasue\u00f1os es mezcla de uvas viura, malvar y air\u00e9n. Producto totalmente serrano, ya que Bodega Vi\u00f1a Bardela est\u00e1 situada en la falda de la Sierra Norte Madrile\u00f1a, en el t\u00e9rmino municipal de Venturada.<\/p>\n","protected":false},"featured_media":1367,"template":"","meta":{"sfsi_plus_gutenberg_text_before_share":"","sfsi_plus_gutenberg_show_text_before_share":"","sfsi_plus_gutenberg_icon_type":"","sfsi_plus_gutenberg_icon_alignemt":"","sfsi_plus_gutenburg_max_per_row":""},"product_brand":[],"product_cat":[48,47],"product_tag":[143,144,142,139,145,146,137,138,140,141],"class_list":{"0":"post-1366","1":"product","2":"type-product","3":"status-publish","4":"has-post-thumbnail","6":"product_cat-alimentacion","7":"product_cat-cervezas","8":"product_tag-airen","9":"product_tag-bodega-vina-bardela","10":"product_tag-malvar","11":"product_tag-sacasuenos","12":"product_tag-sierra-norte","13":"product_tag-venturada","14":"product_tag-vino","15":"product_tag-vino-blanco","16":"product_tag-vino-blanco-sacasuenos","17":"product_tag-viura","19":"first","20":"instock","21":"taxable","22":"shipping-taxable","23":"purchasable","24":"product-type-simple"},"_links":{"self":[{"href":"https:\/\/www.latienducagranel.com\/index.php\/wp-json\/wp\/v2\/product\/1366","targetHints":{"allow":["GET"]}}],"collection":[{"href":"https:\/\/www.latienducagranel.com\/index.php\/wp-json\/wp\/v2\/product"}],"about":[{"href":"https:\/\/www.latienducagranel.com\/index.php\/wp-json\/wp\/v2\/types\/product"}],"wp:featuredmedia":[{"embeddable":true,"href":"https:\/\/www.latienducagranel.com\/index.php\/wp-json\/wp\/v2\/media\/1367"}],"wp:attachment":[{"href":"https:\/\/www.latienducagranel.com\/index.php\/wp-json\/wp\/v2\/media?parent=1366"}],"wp:term":[{"taxonomy":"product_brand","embeddable":true,"href":"https:\/\/www.latienducagranel.com\/index.php\/wp-json\/wp\/v2\/product_brand?post=1366"},{"taxonomy":"product_cat","embeddable":true,"href":"https:\/\/www.latienducagranel.com\/index.php\/wp-json\/wp\/v2\/product_cat?post=1366"},{"taxonomy":"product_tag","embeddable":true,"href":"https:\/\/www.latienducagranel.com\/index.php\/wp-json\/wp\/v2\/product_tag?post=1366"}],"curies":[{"name":"wp","href":"https:\/\/api.w.org\/{rel}","templated":true}]}}