{"id":1330,"date":"2021-02-15T17:47:12","date_gmt":"2021-02-15T17:47:12","guid":{"rendered":"https:\/\/www.latienducagranel.com\/?post_type=product&#038;p=1330"},"modified":"2025-11-06T18:57:42","modified_gmt":"2025-11-06T17:57:42","slug":"cacao-azucarado-eco","status":"publish","type":"product","link":"https:\/\/www.latienducagranel.com\/index.php\/producto\/cacao-azucarado-eco\/","title":{"rendered":"Cacao azucarado ECO"},"content":{"rendered":"<p>Nuestro cacao azucarado eco es un exquisito cacao instant\u00e1neo ecol\u00f3gico. Sus ingredientes han sido cultivados en armon\u00eda con la Naturaleza, utilizando t\u00e9cnicas tradicionales, sin agroqu\u00edmicos. De disoluci\u00f3n inmediata tanto en leche fr\u00eda como caliente.<\/p>\n<p>Ingredientes: az\u00facar moreno de ca\u00f1a, cacao puro<\/p>\n<p>Cacao de comercio justo, cultivado por cooperativas de campesinas y campesinos respetando los Derechos Humanos, el Medioambiente y la Justicia Social<\/p>\n<p>Cacao de agricultura ecol\u00f3gica, cultivado y elaborado sin abonos ni pesticidas qu\u00edmicos.<\/p>\n<p>Adecuado para vegetarianos y veganos<\/p>\n<p>No contiene colorantes ni conservantes<\/p>\n<p>De disoluci\u00f3n inmediata tanto en leche fr\u00eda como caliente.<\/p>\n<p>Sin lactosa ni gluten<\/p>\n","protected":false},"excerpt":{"rendered":"<p>Nuestro cacao azucarado eco es un exquisito cacao instant\u00e1neo ecol\u00f3gico. Sus ingredientes han sido cultivados en armon\u00eda con la Naturaleza, utilizando t\u00e9cnicas tradicionales, sin agroqu\u00edmicos. De disoluci\u00f3n inmediata tanto en leche fr\u00eda como caliente. Ingredientes: az\u00facar moreno de ca\u00f1a, cacao puro Cacao de comercio justo,&nbsp;&#8230; [Leer m\u00e1s]<\/p>\n","protected":false},"featured_media":1331,"template":"","meta":{"sfsi_plus_gutenberg_text_before_share":"","sfsi_plus_gutenberg_show_text_before_share":"","sfsi_plus_gutenberg_icon_type":"","sfsi_plus_gutenberg_icon_alignemt":"","sfsi_plus_gutenburg_max_per_row":""},"product_brand":[],"product_cat":[48,55,37,50],"product_tag":[],"class_list":{"0":"post-1330","1":"product","2":"type-product","3":"status-publish","4":"has-post-thumbnail","6":"product_cat-alimentacion","7":"product_cat-alimentacion-ecolgica","8":"product_cat-desayunos-y-cereales","9":"product_cat-productos-ecologicos","11":"first","12":"instock","13":"taxable","14":"shipping-taxable","15":"purchasable","16":"product-type-simple"},"_links":{"self":[{"href":"https:\/\/www.latienducagranel.com\/index.php\/wp-json\/wp\/v2\/product\/1330","targetHints":{"allow":["GET"]}}],"collection":[{"href":"https:\/\/www.latienducagranel.com\/index.php\/wp-json\/wp\/v2\/product"}],"about":[{"href":"https:\/\/www.latienducagranel.com\/index.php\/wp-json\/wp\/v2\/types\/product"}],"wp:featuredmedia":[{"embeddable":true,"href":"https:\/\/www.latienducagranel.com\/index.php\/wp-json\/wp\/v2\/media\/1331"}],"wp:attachment":[{"href":"https:\/\/www.latienducagranel.com\/index.php\/wp-json\/wp\/v2\/media?parent=1330"}],"wp:term":[{"taxonomy":"product_brand","embeddable":true,"href":"https:\/\/www.latienducagranel.com\/index.php\/wp-json\/wp\/v2\/product_brand?post=1330"},{"taxonomy":"product_cat","embeddable":true,"href":"https:\/\/www.latienducagranel.com\/index.php\/wp-json\/wp\/v2\/product_cat?post=1330"},{"taxonomy":"product_tag","embeddable":true,"href":"https:\/\/www.latienducagranel.com\/index.php\/wp-json\/wp\/v2\/product_tag?post=1330"}],"curies":[{"name":"wp","href":"https:\/\/api.w.org\/{rel}","templated":true}]}}