{"id":1327,"date":"2021-02-15T17:35:23","date_gmt":"2021-02-15T17:35:23","guid":{"rendered":"https:\/\/www.latienducagranel.com\/?post_type=product&#038;p=1327"},"modified":"2024-12-11T17:26:19","modified_gmt":"2024-12-11T16:26:19","slug":"cacao-puro-eco","status":"publish","type":"product","link":"https:\/\/www.latienducagranel.com\/index.php\/producto\/cacao-puro-eco\/","title":{"rendered":"Cacao puro ECO"},"content":{"rendered":"<div id=\"elementor-tab-content-6211\" class=\"elementor-tab-content elementor-clearfix elementor-active\" role=\"tabpanel\" data-tab=\"1\" aria-labelledby=\"elementor-tab-title-6211\">\n<p>Nuestro cacao puro eco se trabaja con el menor procesamiento posible, en condiciones de baja fermentaci\u00f3n, temperatura y sin tostar, mediante m\u00e9todos \u00fanicos para mantener su pureza natural e higiene que permite el consumo directo.<br \/>\nSe deshidrata y desgrasa la semilla del cacao, concentrando y conservando todas las propiedades nutricionales a excepci\u00f3n de los correspondientes \u00e1cidos grasos. Muy rico en antioxidantes.<\/p>\n<p>Fuente de importantes minerales, especialmente hierro, magnesio y azufre (el mineral de la belleza).<\/p>\n<p>Rico en antioxidantes como los fenoles. Es un antidepresivo y afrodis\u00edaco natural. Mejora el metabolismo de la glucosa y baja la presi\u00f3n sangu\u00ednea. Puede incrementar la concentraci\u00f3n y el estado de alerta. Bronquiodilatador: mejora la oxigenaci\u00f3n.<\/p>\n<p>Contiene nutrientes que dan la sensaci\u00f3n de felicidad debido a su feniletilamina y anandamida.<\/p>\n<p>Las semillas contienen teobromina, teofilina, albuminoides, taninos, muc\u00edlagos, feniletilamina y cafe\u00edna, etc., junto con las prote\u00ednas, grasas, calcio, hierro, f\u00f3sforo, caroteno, tiamina, riboflavina, niacina, \u00e1cido asc\u00f3rbico, biotina y pectinas. Cuenta con certificaci\u00f3n ecol\u00f3gica.<\/p>\n<p>Cacao org\u00e1nico (origen amaz\u00f3nico). Partes utilizadas: polvo desgrasado.<\/p>\n<\/div>\n","protected":false},"excerpt":{"rendered":"<p>Nuestro cacao puro eco se trabaja con el menor procesamiento posible, en condiciones de baja fermentaci\u00f3n, temperatura y sin tostar, mediante m\u00e9todos \u00fanicos para mantener su pureza natural e higiene que permite el consumo directo. Se deshidrata y desgrasa la semilla del cacao, concentrando y&nbsp;&#8230; [Leer m\u00e1s]<\/p>\n","protected":false},"featured_media":1328,"template":"","meta":{"sfsi_plus_gutenberg_text_before_share":"","sfsi_plus_gutenberg_show_text_before_share":"","sfsi_plus_gutenberg_icon_type":"","sfsi_plus_gutenberg_icon_alignemt":"","sfsi_plus_gutenburg_max_per_row":""},"product_brand":[],"product_cat":[48,55,37,50],"product_tag":[208,212,213,211,210,209],"class_list":{"0":"post-1327","1":"product","2":"type-product","3":"status-publish","4":"has-post-thumbnail","6":"product_cat-alimentacion","7":"product_cat-alimentacion-ecolgica","8":"product_cat-desayunos-y-cereales","9":"product_cat-productos-ecologicos","10":"product_tag-cacao","11":"product_tag-cacao-de-agricultura-ecologica","12":"product_tag-cacao-de-comercio-justo","13":"product_tag-cacao-eco","14":"product_tag-cacao-ecologico","15":"product_tag-cacao-puro","17":"first","18":"instock","19":"taxable","20":"shipping-taxable","21":"purchasable","22":"product-type-simple"},"_links":{"self":[{"href":"https:\/\/www.latienducagranel.com\/index.php\/wp-json\/wp\/v2\/product\/1327","targetHints":{"allow":["GET"]}}],"collection":[{"href":"https:\/\/www.latienducagranel.com\/index.php\/wp-json\/wp\/v2\/product"}],"about":[{"href":"https:\/\/www.latienducagranel.com\/index.php\/wp-json\/wp\/v2\/types\/product"}],"wp:featuredmedia":[{"embeddable":true,"href":"https:\/\/www.latienducagranel.com\/index.php\/wp-json\/wp\/v2\/media\/1328"}],"wp:attachment":[{"href":"https:\/\/www.latienducagranel.com\/index.php\/wp-json\/wp\/v2\/media?parent=1327"}],"wp:term":[{"taxonomy":"product_brand","embeddable":true,"href":"https:\/\/www.latienducagranel.com\/index.php\/wp-json\/wp\/v2\/product_brand?post=1327"},{"taxonomy":"product_cat","embeddable":true,"href":"https:\/\/www.latienducagranel.com\/index.php\/wp-json\/wp\/v2\/product_cat?post=1327"},{"taxonomy":"product_tag","embeddable":true,"href":"https:\/\/www.latienducagranel.com\/index.php\/wp-json\/wp\/v2\/product_tag?post=1327"}],"curies":[{"name":"wp","href":"https:\/\/api.w.org\/{rel}","templated":true}]}}