{"id":1033,"date":"2021-01-20T18:41:33","date_gmt":"2021-01-20T18:41:33","guid":{"rendered":"https:\/\/www.latienducagranel.com\/?post_type=product&#038;p=1033"},"modified":"2026-04-16T10:09:29","modified_gmt":"2026-04-16T09:09:29","slug":"passiflora","status":"publish","type":"product","link":"https:\/\/www.latienducagranel.com\/index.php\/producto\/passiflora\/","title":{"rendered":"Passiflora"},"content":{"rendered":"<div id=\"short_description_block\">\n<div id=\"short_description_content\" class=\"rte align_justify\">\n<p>Planta cortada de Passiflora (<em>Passiflora incarnata<\/em>).<\/p>\n<p>Se caracteriza por su efecto calmante e inductor del sue\u00f1o.<\/p>\n<p>Infusi\u00f3n de Passiflora: Hervir el agua. A\u00f1adir la Passiflora (dos cucharaditas de Passiflora por cada taza de agua). Dejar reposar 5 minutos. Colar y tomar.<\/p>\n<p>*No se recomienda consumir m\u00e1s de una taza al d\u00eda.<\/p>\n<\/div>\n<\/div>\n","protected":false},"excerpt":{"rendered":"<p>Planta cortada de Passiflora (Passiflora incarnata). Se caracteriza por su efecto calmante e inductor del sue\u00f1o. Infusi\u00f3n de Passiflora: Hervir el agua. A\u00f1adir la Passiflora (dos cucharaditas de Passiflora por cada taza de agua). Dejar reposar 5 minutos. Colar y tomar. *No se recomienda consumir&nbsp;&#8230; [Leer m\u00e1s]<\/p>\n","protected":false},"featured_media":1034,"template":"","meta":{"sfsi_plus_gutenberg_text_before_share":"","sfsi_plus_gutenberg_show_text_before_share":"","sfsi_plus_gutenberg_icon_type":"","sfsi_plus_gutenberg_icon_alignemt":"","sfsi_plus_gutenburg_max_per_row":""},"product_brand":[],"product_cat":[48,20],"product_tag":[894],"class_list":{"0":"post-1033","1":"product","2":"type-product","3":"status-publish","4":"has-post-thumbnail","6":"product_cat-alimentacion","7":"product_cat-hierbas-especias-y-condimentos","8":"product_tag-passiflora","10":"first","11":"instock","12":"taxable","13":"shipping-taxable","14":"purchasable","15":"product-type-simple"},"_links":{"self":[{"href":"https:\/\/www.latienducagranel.com\/index.php\/wp-json\/wp\/v2\/product\/1033","targetHints":{"allow":["GET"]}}],"collection":[{"href":"https:\/\/www.latienducagranel.com\/index.php\/wp-json\/wp\/v2\/product"}],"about":[{"href":"https:\/\/www.latienducagranel.com\/index.php\/wp-json\/wp\/v2\/types\/product"}],"wp:featuredmedia":[{"embeddable":true,"href":"https:\/\/www.latienducagranel.com\/index.php\/wp-json\/wp\/v2\/media\/1034"}],"wp:attachment":[{"href":"https:\/\/www.latienducagranel.com\/index.php\/wp-json\/wp\/v2\/media?parent=1033"}],"wp:term":[{"taxonomy":"product_brand","embeddable":true,"href":"https:\/\/www.latienducagranel.com\/index.php\/wp-json\/wp\/v2\/product_brand?post=1033"},{"taxonomy":"product_cat","embeddable":true,"href":"https:\/\/www.latienducagranel.com\/index.php\/wp-json\/wp\/v2\/product_cat?post=1033"},{"taxonomy":"product_tag","embeddable":true,"href":"https:\/\/www.latienducagranel.com\/index.php\/wp-json\/wp\/v2\/product_tag?post=1033"}],"curies":[{"name":"wp","href":"https:\/\/api.w.org\/{rel}","templated":true}]}}