{"id":1007,"date":"2021-01-19T19:20:22","date_gmt":"2021-01-19T19:20:22","guid":{"rendered":"https:\/\/www.latienducagranel.com\/?post_type=product&#038;p=1007"},"modified":"2022-03-24T18:22:59","modified_gmt":"2022-03-24T18:22:59","slug":"estuche-papel-lavable-y-algodon-organico","status":"publish","type":"product","link":"https:\/\/www.latienducagranel.com\/index.php\/producto\/estuche-papel-lavable-y-algodon-organico\/","title":{"rendered":"Estuche papel lavable y algod\u00f3n org\u00e1nico"},"content":{"rendered":"<p>Nuestro estuche papel lavable y algod\u00f3n org\u00e1nico est\u00e1 estampado en fibra natural de papel lavable (elaborado a base de celulosa y l\u00e1tex, tambi\u00e9n conocido como cuero vegano) estampado y cosido a mano. Con detalles bot\u00e1nicos. Cierre de cuerda con bot\u00f3n de madera de deriva y abalorio.<\/p>\n<p>De Piedrasvivastudio.<\/p>\n<p>Dimensiones: 16cmx14cm<\/p>\n","protected":false},"excerpt":{"rendered":"<p>Nuestro estuche papel lavable y algod\u00f3n org\u00e1nico est\u00e1 estampado en fibra natural de papel lavable (elaborado a base de celulosa y l\u00e1tex, tambi\u00e9n conocido como cuero vegano) estampado y cosido a mano. Con detalles bot\u00e1nicos. Cierre de cuerda con bot\u00f3n de madera de deriva y&nbsp;&#8230; [Leer m\u00e1s]<\/p>\n","protected":false},"featured_media":1008,"template":"","meta":{"sfsi_plus_gutenberg_text_before_share":"","sfsi_plus_gutenberg_show_text_before_share":"","sfsi_plus_gutenberg_icon_type":"","sfsi_plus_gutenberg_icon_alignemt":"","sfsi_plus_gutenburg_max_per_row":""},"product_brand":[],"product_cat":[60,50],"product_tag":[668,662,664,665,663,666,667],"class_list":{"0":"post-1007","1":"product","2":"type-product","3":"status-publish","4":"has-post-thumbnail","6":"product_cat-envases","7":"product_cat-productos-ecologicos","8":"product_tag-cuero-vegano","9":"product_tag-estuche","10":"product_tag-estuche-algodon","11":"product_tag-estuche-algodon-organico","12":"product_tag-estuche-papel-lavable","13":"product_tag-estuche-papel-lavable-y-algodon","14":"product_tag-estuche-papel-lavable-y-algodon-organico","16":"first","17":"instock","18":"taxable","19":"shipping-taxable","20":"purchasable","21":"product-type-simple"},"_links":{"self":[{"href":"https:\/\/www.latienducagranel.com\/index.php\/wp-json\/wp\/v2\/product\/1007","targetHints":{"allow":["GET"]}}],"collection":[{"href":"https:\/\/www.latienducagranel.com\/index.php\/wp-json\/wp\/v2\/product"}],"about":[{"href":"https:\/\/www.latienducagranel.com\/index.php\/wp-json\/wp\/v2\/types\/product"}],"wp:featuredmedia":[{"embeddable":true,"href":"https:\/\/www.latienducagranel.com\/index.php\/wp-json\/wp\/v2\/media\/1008"}],"wp:attachment":[{"href":"https:\/\/www.latienducagranel.com\/index.php\/wp-json\/wp\/v2\/media?parent=1007"}],"wp:term":[{"taxonomy":"product_brand","embeddable":true,"href":"https:\/\/www.latienducagranel.com\/index.php\/wp-json\/wp\/v2\/product_brand?post=1007"},{"taxonomy":"product_cat","embeddable":true,"href":"https:\/\/www.latienducagranel.com\/index.php\/wp-json\/wp\/v2\/product_cat?post=1007"},{"taxonomy":"product_tag","embeddable":true,"href":"https:\/\/www.latienducagranel.com\/index.php\/wp-json\/wp\/v2\/product_tag?post=1007"}],"curies":[{"name":"wp","href":"https:\/\/api.w.org\/{rel}","templated":true}]}}