{"id":506,"date":"2020-11-24T18:23:11","date_gmt":"2020-11-24T18:23:11","guid":{"rendered":"https:\/\/www.latienducagranel.com\/?page_id=506"},"modified":"2022-06-14T15:58:00","modified_gmt":"2022-06-14T15:58:00","slug":"la-tienduca-a-granel","status":"publish","type":"page","link":"https:\/\/www.latienducagranel.com\/index.php\/la-tienduca-a-granel\/","title":{"rendered":"Qui\u00e9nes somos"},"content":{"rendered":"\n<p class=\"has-text-align-justify has-normal-font-size\">La Tienduca a granel, tu tienda a granel en la Sierra Norte madrile\u00f1a.<\/p>\n\n\n\n<p class=\"has-text-align-justify has-normal-font-size\">Si crees que otro modelo de consumo es posible, reducir envases innecesarios y pl\u00e1sticos de un solo uso, si quieres comprar exactamente la cantidad de producto que necesitas, tener una alimentaci\u00f3n saludable, probar productos nuevos y poder comprarlos en cantidades peque\u00f1as para saber si te gustan o darte un caprichito de vez en cuando en cantidades y precios razonables, \u00a1te damos la bienvenida!<\/p>\n\n\n<div class=\"wp-block-image\">\n<figure class=\"alignright size-large is-resized\"><img loading=\"lazy\" decoding=\"async\" src=\"https:\/\/www.latienducagranel.com\/wp-content\/uploads\/2020\/11\/IMG-20201124-WA0010-e1606247030817-1024x757.jpg\" alt=\"\" class=\"wp-image-533\" width=\"377\" height=\"278\" srcset=\"https:\/\/www.latienducagranel.com\/wp-content\/uploads\/2020\/11\/IMG-20201124-WA0010-e1606247030817-1024x757.jpg 1024w, https:\/\/www.latienducagranel.com\/wp-content\/uploads\/2020\/11\/IMG-20201124-WA0010-e1606247030817-300x222.jpg 300w, https:\/\/www.latienducagranel.com\/wp-content\/uploads\/2020\/11\/IMG-20201124-WA0010-e1606247030817-768x568.jpg 768w, https:\/\/www.latienducagranel.com\/wp-content\/uploads\/2020\/11\/IMG-20201124-WA0010-e1606247030817-600x444.jpg 600w, https:\/\/www.latienducagranel.com\/wp-content\/uploads\/2020\/11\/IMG-20201124-WA0010-e1606247030817.jpg 1536w\" sizes=\"auto, (max-width: 377px) 100vw, 377px\" \/><\/figure>\n<\/div>\n\n\n<p class=\"has-normal-font-size\">En La Tienduca a granel puedes encontrar legumbres, arroces, pasta, harinas, cereales, semillas, frutos secos, frutas deshidratadas, hierbas, especias, condimentos, algas y setas deshidratadas, semillas, cereales, miel pura artesanal, caf\u00e9s, t\u00e9s e infusiones, productos locales, de limpieza del hogar, de higiene personal&#8230; \u00a1y lo que queda por llegar!<\/p>\n\n\n\n<p class=\"has-text-align-justify has-normal-font-size\">Visitando  La Tienduca a granel (c\/ Tahona, 28 esquina Plaza Picasso en Buitrago del Lozoya) evitar\u00e1s desplazarte a grandes superficies, apoyando as\u00ed al peque\u00f1o comercio de cercan\u00eda; acceder\u00e1s a una gran variedad de productos de calidad a granel, lo que tendr\u00e1 una repercusi\u00f3n positiva en tu salud y la del medio ambiente; y recibir\u00e1s una atenci\u00f3n personalizada, recuperando un modelo de tienda tradicional que se estaba perdiendo.<\/p>\n\n\n\n<p class=\"has-normal-font-size\">Puedes traer tus envases o comprar envases reutilizables en La Tienduca. Tararemos su peso para que pagues s\u00f3lo por la cantidad de producto que compras.<\/p>\n\n\n\n<p class=\"has-normal-font-size\">Te ofrecemos tambi\u00e9n la posibilidad de asomarte a nuestra tienda online y hacer tu pedido, que podr\u00e1s recoger en la tienda o solicitar que te llevemos a casa.<\/p>\n\n\n\n<p class=\"has-normal-font-size\">\u00a1Gracias por visitar el rinconcito virtual de La Tienduca a granel!<\/p>\n\n\n\n<div class=\"wp-block-jetpack-tiled-gallery aligncenter is-style-rectangular\"><div class=\"tiled-gallery__gallery\"><div class=\"tiled-gallery__row\"><div class=\"tiled-gallery__col\" style=\"flex-basis:60.11302%\"><figure class=\"tiled-gallery__item\"><img decoding=\"async\" alt=\"\" data-height=\"1198\" data-id=\"2109\" data-link=\"https:\/\/www.latienducagranel.com\/index.php\/la-tienduca\/img-20220531-wa0002\/\" data-url=\"https:\/\/www.latienducagranel.com\/wp-content\/uploads\/2022\/06\/IMG-20220531-WA0002-1024x767.jpg\" data-width=\"1600\" src=\"https:\/\/i2.wp.com\/www.latienducagranel.com\/wp-content\/uploads\/2022\/06\/IMG-20220531-WA0002-1024x767.jpg?ssl=1\" data-amp-layout=\"responsive\"\/><\/figure><\/div><div class=\"tiled-gallery__col\" style=\"flex-basis:39.88698%\"><figure class=\"tiled-gallery__item\"><img decoding=\"async\" alt=\"\" data-height=\"1200\" data-id=\"2113\" data-link=\"https:\/\/www.latienducagranel.com\/index.php\/la-tienduca\/img-20220531-wa0010\/\" data-url=\"https:\/\/www.latienducagranel.com\/wp-content\/uploads\/2022\/06\/IMG-20220531-WA0010-1024x768.jpg\" data-width=\"1600\" src=\"https:\/\/i0.wp.com\/www.latienducagranel.com\/wp-content\/uploads\/2022\/06\/IMG-20220531-WA0010-1024x768.jpg?ssl=1\" data-amp-layout=\"responsive\"\/><\/figure><figure class=\"tiled-gallery__item\"><img decoding=\"async\" alt=\"\" data-height=\"1198\" data-id=\"2108\" data-link=\"https:\/\/www.latienducagranel.com\/index.php\/la-tienduca\/img-20220531-wa0001\/\" data-url=\"https:\/\/www.latienducagranel.com\/wp-content\/uploads\/2022\/06\/IMG-20220531-WA0001-1024x767.jpg\" data-width=\"1600\" src=\"https:\/\/i0.wp.com\/www.latienducagranel.com\/wp-content\/uploads\/2022\/06\/IMG-20220531-WA0001-1024x767.jpg?ssl=1\" data-amp-layout=\"responsive\"\/><\/figure><\/div><\/div><div class=\"tiled-gallery__row\"><div class=\"tiled-gallery__col\" style=\"flex-basis:29.99761%\"><figure class=\"tiled-gallery__item\"><img decoding=\"async\" alt=\"\" data-height=\"1198\" data-id=\"2110\" data-link=\"https:\/\/www.latienducagranel.com\/index.php\/la-tienduca\/img-20220531-wa0003\/\" data-url=\"https:\/\/www.latienducagranel.com\/wp-content\/uploads\/2022\/06\/IMG-20220531-WA0003-1024x767.jpg\" data-width=\"1600\" src=\"https:\/\/i2.wp.com\/www.latienducagranel.com\/wp-content\/uploads\/2022\/06\/IMG-20220531-WA0003-1024x767.jpg?ssl=1\" data-amp-layout=\"responsive\"\/><\/figure><figure class=\"tiled-gallery__item\"><img decoding=\"async\" alt=\"\" data-height=\"1504\" data-id=\"2114\" data-link=\"https:\/\/www.latienducagranel.com\/index.php\/la-tienduca\/img-20220531-wa0016\/\" data-url=\"https:\/\/www.latienducagranel.com\/wp-content\/uploads\/2022\/06\/IMG-20220531-WA0016-1024x767.jpg\" data-width=\"2008\" src=\"https:\/\/i2.wp.com\/www.latienducagranel.com\/wp-content\/uploads\/2022\/06\/IMG-20220531-WA0016-1024x767.jpg?ssl=1\" data-amp-layout=\"responsive\"\/><\/figure><\/div><div class=\"tiled-gallery__col\" style=\"flex-basis:40.00479%\"><figure class=\"tiled-gallery__item\"><img decoding=\"async\" alt=\"\" data-height=\"2008\" data-id=\"2107\" data-link=\"https:\/\/www.latienducagranel.com\/index.php\/la-tienduca\/img-20220531-wa0000\/\" data-url=\"https:\/\/www.latienducagranel.com\/wp-content\/uploads\/2022\/06\/IMG-20220531-WA0000-767x1024.jpg\" data-width=\"1504\" src=\"https:\/\/i0.wp.com\/www.latienducagranel.com\/wp-content\/uploads\/2022\/06\/IMG-20220531-WA0000-767x1024.jpg?ssl=1\" data-amp-layout=\"responsive\"\/><\/figure><\/div><\/div><\/div><\/div>\n","protected":false},"excerpt":{"rendered":"<p>La Tienduca a granel, tu tienda a granel en la Sierra Norte madrile\u00f1a. Si crees que otro modelo de consumo es posible, reducir envases innecesarios y pl\u00e1sticos de un solo uso, si quieres comprar exactamente la cantidad de producto que necesitas, tener una alimentaci\u00f3n saludable,&nbsp;&#8230; [Leer m\u00e1s]<\/p>\n","protected":false},"author":1,"featured_media":116,"parent":0,"menu_order":1,"comment_status":"closed","ping_status":"closed","template":"","meta":{"sfsi_plus_gutenberg_text_before_share":"","sfsi_plus_gutenberg_show_text_before_share":"","sfsi_plus_gutenberg_icon_type":"","sfsi_plus_gutenberg_icon_alignemt":"","sfsi_plus_gutenburg_max_per_row":"","footnotes":""},"class_list":["post-506","page","type-page","status-publish","has-post-thumbnail","hentry"],"_links":{"self":[{"href":"https:\/\/www.latienducagranel.com\/index.php\/wp-json\/wp\/v2\/pages\/506","targetHints":{"allow":["GET"]}}],"collection":[{"href":"https:\/\/www.latienducagranel.com\/index.php\/wp-json\/wp\/v2\/pages"}],"about":[{"href":"https:\/\/www.latienducagranel.com\/index.php\/wp-json\/wp\/v2\/types\/page"}],"author":[{"embeddable":true,"href":"https:\/\/www.latienducagranel.com\/index.php\/wp-json\/wp\/v2\/users\/1"}],"replies":[{"embeddable":true,"href":"https:\/\/www.latienducagranel.com\/index.php\/wp-json\/wp\/v2\/comments?post=506"}],"version-history":[{"count":18,"href":"https:\/\/www.latienducagranel.com\/index.php\/wp-json\/wp\/v2\/pages\/506\/revisions"}],"predecessor-version":[{"id":2121,"href":"https:\/\/www.latienducagranel.com\/index.php\/wp-json\/wp\/v2\/pages\/506\/revisions\/2121"}],"wp:featuredmedia":[{"embeddable":true,"href":"https:\/\/www.latienducagranel.com\/index.php\/wp-json\/wp\/v2\/media\/116"}],"wp:attachment":[{"href":"https:\/\/www.latienducagranel.com\/index.php\/wp-json\/wp\/v2\/media?parent=506"}],"curies":[{"name":"wp","href":"https:\/\/api.w.org\/{rel}","templated":true}]}}